{"id":258853,"date":"2021-10-12T10:43:13","date_gmt":"2021-10-12T08:43:13","guid":{"rendered":"https:\/\/axelor.com\/?page_id=258853"},"modified":"2025-04-08T14:53:46","modified_gmt":"2025-04-08T12:53:46","slug":"comment-mettre-en-place-un-processus-bpm","status":"publish","type":"page","link":"https:\/\/axelor.com\/fr\/comment-mettre-en-place-un-processus-bpm\/","title":{"rendered":"Comment mettre en place un processus BPM ?"},"content":{"rendered":"<p>[et_pb_section fb_built=&#8221;1&#8243; _builder_version=&#8221;4.23.1&#8243; _module_preset=&#8221;default&#8221; use_background_color_gradient=&#8221;on&#8221; background_color_gradient_direction=&#8221;20deg&#8221; background_color_gradient_stops=&#8221;#0d021e 0%|#010177 100%&#8221; background_color_gradient_start=&#8221;#0d021e&#8221; background_color_gradient_end=&#8221;#010177&#8243; background_image=&#8221;https:\/\/axelor.com\/wp-content\/uploads\/2023\/02\/sean-pollock-PhYq704ffdA-unsplash-1.png&#8221; background_repeat=&#8221;repeat&#8221; custom_margin=&#8221;||||false|false&#8221; custom_padding=&#8221;0px||0px||true|false&#8221; locked=&#8221;off&#8221; global_colors_info=&#8221;{}&#8221;][et_pb_row disabled_on=&#8221;on|on|off&#8221; _builder_version=&#8221;4.23.1&#8243; _module_preset=&#8221;default&#8221; width=&#8221;90%&#8221; max_width=&#8221;1380px&#8221; custom_padding=&#8221;||0px||false|false&#8221; custom_css_free_form=&#8221;selector p{||  color:#ffffff;||}&#8221; locked=&#8221;off&#8221; global_colors_info=&#8221;{}&#8221;][et_pb_column type=&#8221;4_4&#8243; _builder_version=&#8221;4.23.1&#8243; _module_preset=&#8221;default&#8221; global_colors_info=&#8221;{}&#8221;][et_pb_code _builder_version=&#8221;4.23.1&#8243; _module_preset=&#8221;default&#8221; global_colors_info=&#8221;{}&#8221;]<\/p>\n<div class=\"ariane\"><!-- [et_pb_line_break_holder] -->  <a href=\"https:\/\/axelor.com\/fr\/\">Axelor<\/a><!-- [et_pb_line_break_holder] -->  <pee style=\"text-align:left;\" class=\"ariane-arrow\">><\/pee><!-- [et_pb_line_break_holder] -->  <a href=\"https:\/\/axelor.com\/fr\/base-connaissances-erp\/\">Guide ERP<\/a><!-- [et_pb_line_break_holder] -->  <pee style=\"text-align:left;\" class=\"ariane-arrow\">><\/pee><!-- [et_pb_line_break_holder] -->  <pee style=\"text-align:left;\">Comment mettre en place un processus BPM ?<\/pee><!-- [et_pb_line_break_holder] --><\/div>\n<p>[\/et_pb_code][\/et_pb_column][\/et_pb_row][et_pb_row column_structure=&#8221;3_5,2_5&#8243; _builder_version=&#8221;4.16&#8243; _module_preset=&#8221;default&#8221; width=&#8221;90%&#8221; max_width=&#8221;1380px&#8221; custom_margin=&#8221;0px||0px||true|false&#8221; custom_padding=&#8221;100px|0px|100px|0px|true|false&#8221; global_colors_info=&#8221;{}&#8221;][et_pb_column type=&#8221;3_5&#8243; _builder_version=&#8221;4.16&#8243; _module_preset=&#8221;default&#8221; global_colors_info=&#8221;{}&#8221;][et_pb_text module_class=&#8221;back-title&#8221; _builder_version=&#8221;4.23.1&#8243; _module_preset=&#8221;default&#8221; header_font_size=&#8221;16px&#8221; custom_margin=&#8221;||0px||false|false&#8221; global_colors_info=&#8221;{}&#8221;]<\/p>\n<p style=\"text-align: left;\">Processus BPM<\/p>\n<p>[\/et_pb_text][et_pb_text _builder_version=&#8221;4.23.1&#8243; _module_preset=&#8221;default&#8221; header_text_color=&#8221;#FFFFFF&#8221; custom_margin=&#8221;||0px||false|false&#8221; global_colors_info=&#8221;{}&#8221;]<\/p>\n<h1>Comment mettre en place un processus<\/h1>\n<p>[\/et_pb_text][et_pb_code _builder_version=&#8221;4.23.1&#8243; _module_preset=&#8221;default&#8221; custom_margin=&#8221;30px||||false|false&#8221; global_colors_info=&#8221;{}&#8221;]<\/p>\n<div class=\"button-group\"><!-- [et_pb_line_break_holder] -->  <a href=\"https:\/\/axelor.com\/fr\/demande-axelor-demo\/\" class=\"button first\"><!-- [et_pb_line_break_holder] --><!-- [et_pb_line_break_holder] -->Demandez votre d\u00e9monstration<!-- [et_pb_line_break_holder] --><!-- [et_pb_line_break_holder] --><\/a><!-- [et_pb_line_break_holder] --><\/div>\n<p>[\/et_pb_code][\/et_pb_column][et_pb_column type=&#8221;2_5&#8243; _builder_version=&#8221;4.16&#8243; _module_preset=&#8221;default&#8221; global_colors_info=&#8221;{}&#8221;][\/et_pb_column][\/et_pb_row][\/et_pb_section][et_pb_section fb_built=&#8221;1&#8243; _builder_version=&#8221;4.16&#8243; _module_preset=&#8221;default&#8221; locked=&#8221;off&#8221; global_colors_info=&#8221;{}&#8221;][et_pb_row _builder_version=&#8221;4.23.1&#8243; _module_preset=&#8221;default&#8221; custom_padding=&#8221;||||true|true&#8221; border_radii=&#8221;on|7px|7px|7px|7px&#8221; global_colors_info=&#8221;{}&#8221;][et_pb_column type=&#8221;4_4&#8243; _builder_version=&#8221;4.16&#8243; _module_preset=&#8221;default&#8221; global_colors_info=&#8221;{}&#8221;][et_pb_text _builder_version=&#8221;4.23.1&#8243; _module_preset=&#8221;default&#8221; custom_margin=&#8221;||0px||false|false&#8221; global_colors_info=&#8221;{}&#8221;]<\/p>\n<h2 style=\"text-align: center;\">Les \u00e9tapes pr\u00e9alables<\/h2>\n<p>[\/et_pb_text][et_pb_text _builder_version=&#8221;4.23.1&#8243; _module_preset=&#8221;default&#8221; background_enable_color=&#8221;off&#8221; custom_padding=&#8221;10px|20px|10px|20px|true|true&#8221; border_color_all=&#8221;#3ecf8e&#8221; locked=&#8221;off&#8221; global_colors_info=&#8221;{}&#8221;]<\/p>\n<p style=\"text-indent: 5%; text-align: center;\">Afin de d\u00e9finir le besoin, la premi\u00e8re chose \u00e0 faire c\u2019est de dresser un bilan de l\u2019entreprise ou de l\u2019organisation et pour \u00e7a il existe un certain nombre d\u2019outils qui permettent d\u2019avoir une vue synth\u00e9tique de ces sujets.<\/p>\n<p style=\"text-indent: 5%; text-align: center;\">L\u2019enjeu ici, c\u2019est de collecter un maximum d\u2019informations sur les habitudes de travail et surtout les objectifs que cherche \u00e0 atteindre les comit\u00e9s. Ce qui permettra d&#8217;adapter au mieux l&#8217;<a href=\"https:\/\/axelor.com\/fr\/bpm-no-code\/\">outil BPM<\/a>.<\/p>\n<p>[\/et_pb_text][\/et_pb_column][\/et_pb_row][\/et_pb_section][et_pb_section fb_built=&#8221;1&#8243; module_class=&#8221;light-gray-bg&#8221; _builder_version=&#8221;4.23.1&#8243; _module_preset=&#8221;default&#8221; background_enable_color=&#8221;off&#8221; locked=&#8221;off&#8221; global_colors_info=&#8221;{}&#8221;][et_pb_row column_structure=&#8221;2_3,1_3&#8243; module_class=&#8221;ver-center &#8221; _builder_version=&#8221;4.23.1&#8243; _module_preset=&#8221;default&#8221; width=&#8221;90%&#8221; max_width=&#8221;1380px&#8221; locked=&#8221;off&#8221; global_colors_info=&#8221;{}&#8221;][et_pb_column type=&#8221;2_3&#8243; _builder_version=&#8221;4.16&#8243; _module_preset=&#8221;default&#8221; global_colors_info=&#8221;{}&#8221;][et_pb_text _builder_version=&#8221;4.23.1&#8243; _module_preset=&#8221;default&#8221; header_2_font_size_tablet=&#8221;&#8221; header_2_font_size_phone=&#8221;36px&#8221; header_2_font_size_last_edited=&#8221;on|phone&#8221; global_colors_info=&#8221;{}&#8221;]<\/p>\n<h2>D\u00e9finir les objectifs<\/h2>\n<p>[\/et_pb_text][et_pb_divider color=&#8221;#3ECF8E&#8221; divider_weight=&#8221;2px&#8221; _builder_version=&#8221;4.23.1&#8243; _module_preset=&#8221;default&#8221; max_width=&#8221;50px&#8221; custom_margin=&#8221;||0px||false|false&#8221; custom_padding=&#8221;||0px||false|false&#8221; locked=&#8221;off&#8221; global_colors_info=&#8221;{}&#8221;][\/et_pb_divider][et_pb_text _builder_version=&#8221;4.23.1&#8243; _module_preset=&#8221;default&#8221; locked=&#8221;off&#8221; global_colors_info=&#8221;{}&#8221;]<\/p>\n<p style=\"text-align: left;\">Une fois que l\u2019on a fait un \u00e9tat des lieux de l\u2019existant, la deuxi\u00e8me \u00e9tape et peut-\u00eatre une des plus importantes, c\u2019est d\u2019identifier quels sont les objectifs que l\u2019on doit atteindre. Que ce soient des objectifs meta qui vont concerner l\u2019ensemble du business, mais aussi les objectifs plus locaux au niveau des entit\u00e9s de production par exemple. Sans cette \u00e9tape, l\u2019ensemble du processus de mod\u00e9lisation perd de son int\u00e9r\u00eat strat\u00e9gique, et ne permet pas de mettre en place une optimisation continue des processus. (voir la derni\u00e8re \u00e9tape)<\/p>\n<p>[\/et_pb_text][et_pb_text _builder_version=&#8221;4.16&#8243; _module_preset=&#8221;default&#8221; custom_margin=&#8221;30px||0px||false|false&#8221; locked=&#8221;off&#8221; global_colors_info=&#8221;{}&#8221;]<a href=\"https:\/\/axelor.com\/fr\/processus-de-pilotage\/\" class=\"second-link\"><span>D\u00e9couvrez comment am\u00e9liorer votre processus de pilotage<\/span><i class=\"material-icons-two-tone\">keyboard_return<\/i><\/a>[\/et_pb_text][\/et_pb_column][et_pb_column type=&#8221;1_3&#8243; _builder_version=&#8221;4.16&#8243; _module_preset=&#8221;default&#8221; global_colors_info=&#8221;{}&#8221;][et_pb_image src=&#8221;https:\/\/axelor.com\/wp-content\/uploads\/2023\/06\/perfection.png&#8221; alt=&#8221;\u00e9quipe qui cherche l&#8217;excellence&#8221; title_text=&#8221;perfection&#8221; _builder_version=&#8221;4.23.1&#8243; _module_preset=&#8221;default&#8221; max_width=&#8221;300px&#8221; module_alignment=&#8221;center&#8221; custom_margin_tablet=&#8221;&#8221; custom_margin_phone=&#8221;||||false|false&#8221; custom_margin_last_edited=&#8221;on|phone&#8221; global_colors_info=&#8221;{}&#8221;][\/et_pb_image][\/et_pb_column][\/et_pb_row][\/et_pb_section][et_pb_section fb_built=&#8221;1&#8243; _builder_version=&#8221;4.23.1&#8243; _module_preset=&#8221;default&#8221; background_enable_color=&#8221;off&#8221; locked=&#8221;off&#8221; global_colors_info=&#8221;{}&#8221;][et_pb_row column_structure=&#8221;1_3,2_3&#8243; module_class=&#8221;ver-center invert&#8221; _builder_version=&#8221;4.23.1&#8243; _module_preset=&#8221;default&#8221; width=&#8221;90%&#8221; max_width=&#8221;1380px&#8221; locked=&#8221;off&#8221; global_colors_info=&#8221;{}&#8221;][et_pb_column type=&#8221;1_3&#8243; _builder_version=&#8221;4.16&#8243; _module_preset=&#8221;default&#8221; global_colors_info=&#8221;{}&#8221;][et_pb_image src=&#8221;https:\/\/axelor.com\/wp-content\/uploads\/2023\/06\/Rising-cuate-1.png&#8221; alt=&#8221;Booster ses performances&#8221; title_text=&#8221;data-analysis&#8221; _builder_version=&#8221;4.23.1&#8243; _module_preset=&#8221;default&#8221; max_width=&#8221;400px&#8221; module_alignment=&#8221;center&#8221; custom_margin_tablet=&#8221;&#8221; custom_margin_phone=&#8221;||||false|false&#8221; custom_margin_last_edited=&#8221;on|phone&#8221; global_colors_info=&#8221;{}&#8221;][\/et_pb_image][\/et_pb_column][et_pb_column type=&#8221;2_3&#8243; _builder_version=&#8221;4.16&#8243; _module_preset=&#8221;default&#8221; global_colors_info=&#8221;{}&#8221;][et_pb_text _builder_version=&#8221;4.23.1&#8243; _module_preset=&#8221;default&#8221; header_2_font_size_tablet=&#8221;&#8221; header_2_font_size_phone=&#8221;36px&#8221; header_2_font_size_last_edited=&#8221;on|phone&#8221; global_colors_info=&#8221;{}&#8221;]<\/p>\n<h2>Identifier les m\u00e9thodes de travail<\/h2>\n<p>[\/et_pb_text][et_pb_divider color=&#8221;#3ECF8E&#8221; divider_weight=&#8221;2px&#8221; _builder_version=&#8221;4.23.1&#8243; _module_preset=&#8221;default&#8221; max_width=&#8221;50px&#8221; custom_margin=&#8221;||0px||false|false&#8221; custom_padding=&#8221;||0px||false|false&#8221; locked=&#8221;off&#8221; global_colors_info=&#8221;{}&#8221;][\/et_pb_divider][et_pb_text _builder_version=&#8221;4.23.1&#8243; _module_preset=&#8221;default&#8221; locked=&#8221;off&#8221; global_colors_info=&#8221;{}&#8221;]<\/p>\n<p style=\"text-align: left;\">Avant de mettre en place un <a href=\"https:\/\/axelor.com\/fr\/la-revolution-bpm-low-code\/\">BPM Low Code<\/a>, il est essentiel \u00e0 ce stade de venir observer les m\u00e9thodes de travail actuelles. Avec un regard ext\u00e9rieur, on va essayer de comprendre et d\u00e9composer les \u00e9tapes de travail, explicite et implicite. On produit ainsi une premi\u00e8re \u00e9bauche d\u2019une mod\u00e9lisation des <a href=\"https:\/\/axelor.com\/fr\/la-modelisation-du-processus-metier\/\">processus m\u00e9tiers<\/a> en place dans l\u2019entreprise.<\/p>\n<p style=\"text-align: left;\">L\u2019autre \u00e9tape qui est \u00e9galement crucial pour la r\u00e9ussite de ce type de chantier c\u2019est de venir collecter l\u2019information aupr\u00e8s des utilisateurs qui sont en place sur les cha\u00eenes de production de valeur.<\/p>\n<p>[\/et_pb_text][et_pb_text _builder_version=&#8221;4.23.1&#8243; _module_preset=&#8221;default&#8221; custom_margin=&#8221;10px||0px||false|false&#8221; locked=&#8221;off&#8221; global_colors_info=&#8221;{}&#8221;]<a href=\"https:\/\/axelor.com\/fr\/quest-ce-que-le-bpm\/\" class=\"second-link\"><span>En savoir plus sur qu\u2019est-ce que le BPM<\/span><i class=\"material-icons-two-tone\">keyboard_return<\/i><\/a>[\/et_pb_text][\/et_pb_column][\/et_pb_row][\/et_pb_section][et_pb_section fb_built=&#8221;1&#8243; module_class=&#8221;light-gray-bg&#8221; _builder_version=&#8221;4.23.1&#8243; _module_preset=&#8221;default&#8221; background_enable_color=&#8221;off&#8221; locked=&#8221;off&#8221; global_colors_info=&#8221;{}&#8221;][et_pb_row column_structure=&#8221;2_3,1_3&#8243; module_class=&#8221;ver-center &#8221; _builder_version=&#8221;4.23.1&#8243; _module_preset=&#8221;default&#8221; width=&#8221;90%&#8221; max_width=&#8221;1380px&#8221; locked=&#8221;off&#8221; global_colors_info=&#8221;{}&#8221;][et_pb_column type=&#8221;2_3&#8243; _builder_version=&#8221;4.16&#8243; _module_preset=&#8221;default&#8221; global_colors_info=&#8221;{}&#8221;][et_pb_text _builder_version=&#8221;4.23.1&#8243; _module_preset=&#8221;default&#8221; header_2_font_size_tablet=&#8221;&#8221; header_2_font_size_phone=&#8221;36px&#8221; header_2_font_size_last_edited=&#8221;on|phone&#8221; global_colors_info=&#8221;{}&#8221;]<\/p>\n<h2>Optimiser les processus en continu<\/h2>\n<p>[\/et_pb_text][et_pb_divider color=&#8221;#3ECF8E&#8221; divider_weight=&#8221;2px&#8221; _builder_version=&#8221;4.23.1&#8243; _module_preset=&#8221;default&#8221; max_width=&#8221;50px&#8221; custom_margin=&#8221;||0px||false|false&#8221; custom_padding=&#8221;||0px||false|false&#8221; locked=&#8221;off&#8221; global_colors_info=&#8221;{}&#8221;][\/et_pb_divider][et_pb_text _builder_version=&#8221;4.23.1&#8243; _module_preset=&#8221;default&#8221; locked=&#8221;off&#8221; global_colors_info=&#8221;{}&#8221;]<\/p>\n<p style=\"text-align: left;\">Ce travail d\u2019identification des m\u00e9thodes de travail r\u00e9pond \u00e0 un objectif g\u00e9n\u00e9ral. Il s\u2019agit notamment de r\u00e9ussir \u00e0 faire co\u00efncider au maximum des processus que l\u2019on va \u00e9laborer avec des habitudes de travail d\u00e9j\u00e0 existantes.<\/p>\n<p><a href=\"https:\/\/axelor.com\/fr\/la-norme-bpmn\/\" class=\"second-link\"><span>En savoir plus sur la norme BPMN 2.0<\/span><i class=\"material-icons-two-tone\">keyboard_return<\/i><\/a><\/p>\n<p style=\"text-align: left;\">Cela peut n\u00e9cessiter bien entendu de faire des am\u00e9nagements des m\u00e9thodes de travail mais il est important de bien comprendre comment les gens travaillent actuellement pour pouvoir leur proposer une optimisation puisque c\u2019est \u00e7a l\u2019id\u00e9e in fine du processus d&#8217;un <a href=\"https:\/\/axelor.com\/fr\/choisir-sa-solution-bpm\/\">logiciel BPM<\/a>, c\u2019est de venir optimiser ce qui existe d\u00e9j\u00e0.<\/p>\n<p><a href=\"https:\/\/axelor.com\/fr\/formation-bpmn\/\" class=\"second-link\"><span>D\u00e9couvrir \u00e9galement nos formations BPMN<\/span><i class=\"material-icons-two-tone\">keyboard_return<\/i><\/a><\/p>\n<p>[\/et_pb_text][\/et_pb_column][et_pb_column type=&#8221;1_3&#8243; _builder_version=&#8221;4.16&#8243; _module_preset=&#8221;default&#8221; global_colors_info=&#8221;{}&#8221;][et_pb_image src=&#8221;https:\/\/axelor.com\/wp-content\/uploads\/2023\/07\/Work-chat-amico-5.png&#8221; alt=&#8221;multifonctions&#8221; title_text=&#8221;perfection&#8221; _builder_version=&#8221;4.23.1&#8243; _module_preset=&#8221;default&#8221; max_width=&#8221;350px&#8221; module_alignment=&#8221;center&#8221; custom_margin_tablet=&#8221;&#8221; custom_margin_phone=&#8221;||||false|false&#8221; custom_margin_last_edited=&#8221;on|phone&#8221; global_colors_info=&#8221;{}&#8221;][\/et_pb_image][\/et_pb_column][\/et_pb_row][\/et_pb_section][et_pb_section fb_built=&#8221;1&#8243; _builder_version=&#8221;4.23.1&#8243; _module_preset=&#8221;default&#8221; global_colors_info=&#8221;{}&#8221;][et_pb_row _builder_version=&#8221;4.23.1&#8243; _module_preset=&#8221;default&#8221; global_colors_info=&#8221;{}&#8221;][et_pb_column type=&#8221;4_4&#8243; _builder_version=&#8221;4.23.1&#8243; _module_preset=&#8221;default&#8221; global_colors_info=&#8221;{}&#8221;][et_pb_code _builder_version=&#8221;4.23.1&#8243; _module_preset=&#8221;default&#8221; global_colors_info=&#8221;{}&#8221;]<iframe loading=\"lazy\" width=\"\" height=\"150\" src=\"https:\/\/www.youtube.com\/embed\/g3rLiRI3NrU?si=JZ-ZNO-KBhCsni2w\" title=\"YouTube video player\" frameborder=\"0\" allow=\"accelerometer; autoplay; clipboard-write; encrypted-media; gyroscope; picture-in-picture; web-share\" referrerpolicy=\"strict-origin-when-cross-origin\" allowfullscreen><\/iframe>[\/et_pb_code][\/et_pb_column][\/et_pb_row][\/et_pb_section]<\/p>\n","protected":false},"excerpt":{"rendered":"<p>Axelor > Guide ERP > Comment mettre en place un processus BPM ?Processus BPMComment mettre en place un processusLes \u00e9tapes pr\u00e9alablesAfin de d\u00e9finir le besoin, la premi\u00e8re chose \u00e0 faire c\u2019est de dresser un bilan de l\u2019entreprise ou de l\u2019organisation et pour \u00e7a il existe un certain nombre d\u2019outils qui permettent d\u2019avoir une vue synth\u00e9tique de ces sujets. L\u2019enjeu ici, c\u2019est de [&hellip;]<\/p>\n","protected":false},"author":3,"featured_media":0,"parent":0,"menu_order":0,"comment_status":"closed","ping_status":"closed","template":"","meta":{"_acf_changed":false,"_et_pb_use_builder":"on","_et_pb_old_content":"","_et_gb_content_width":"","content-type":"","inline_featured_image":false,"footnotes":""},"acf":[],"yoast_head":"<!-- This site is optimized with the Yoast SEO plugin v22.0 - https:\/\/yoast.com\/wordpress\/plugins\/seo\/ -->\n<title>Comment mettre en place un processus BPM ? | Axelor<\/title>\n<meta name=\"description\" content=\"D\u00e9couvrez les diff\u00e9rentes \u00e9tapes n\u00e9cessaires \u00e0 la mise en place d&#039;un processus BPM au sein de votre entreprise. Contactez-nous pour plus d&#039;informations !\" \/>\n<meta name=\"robots\" content=\"index, follow, max-snippet:-1, max-image-preview:large, max-video-preview:-1\" \/>\n<link rel=\"canonical\" href=\"https:\/\/axelor.com\/how-to-set-up-a-bpm-process\/\" \/>\n<meta property=\"og:locale\" content=\"fr_FR\" \/>\n<meta property=\"og:type\" content=\"article\" \/>\n<meta property=\"og:title\" content=\"Comment mettre en place un processus BPM ? | Axelor\" \/>\n<meta property=\"og:description\" content=\"D\u00e9couvrez les diff\u00e9rentes \u00e9tapes n\u00e9cessaires \u00e0 la mise en place d&#039;un processus BPM au sein de votre entreprise. Contactez-nous pour plus d&#039;informations !\" \/>\n<meta property=\"og:url\" content=\"https:\/\/axelor.com\/how-to-set-up-a-bpm-process\/\" \/>\n<meta property=\"og:site_name\" content=\"Axelor\" \/>\n<meta property=\"article:modified_time\" content=\"2025-04-08T12:53:46+00:00\" \/>\n<meta name=\"twitter:card\" content=\"summary_large_image\" \/>\n<meta name=\"twitter:label1\" content=\"Dur\u00e9e de lecture estim\u00e9e\" \/>\n\t<meta name=\"twitter:data1\" content=\"6 minutes\" \/>\n<script type=\"application\/ld+json\" class=\"yoast-schema-graph\">{\"@context\":\"https:\/\/schema.org\",\"@graph\":[{\"@type\":\"WebPage\",\"@id\":\"https:\/\/axelor.com\/how-to-set-up-a-bpm-process\/\",\"url\":\"https:\/\/axelor.com\/how-to-set-up-a-bpm-process\/\",\"name\":\"Comment mettre en place un processus BPM ? | Axelor\",\"isPartOf\":{\"@id\":\"https:\/\/axelor.com\/#website\"},\"datePublished\":\"2021-10-12T08:43:13+00:00\",\"dateModified\":\"2025-04-08T12:53:46+00:00\",\"description\":\"D\u00e9couvrez les diff\u00e9rentes \u00e9tapes n\u00e9cessaires \u00e0 la mise en place d'un processus BPM au sein de votre entreprise. Contactez-nous pour plus d'informations !\",\"breadcrumb\":{\"@id\":\"https:\/\/axelor.com\/how-to-set-up-a-bpm-process\/#breadcrumb\"},\"inLanguage\":\"fr-FR\",\"potentialAction\":[{\"@type\":\"ReadAction\",\"target\":[\"https:\/\/axelor.com\/how-to-set-up-a-bpm-process\/\"]}]},{\"@type\":\"BreadcrumbList\",\"@id\":\"https:\/\/axelor.com\/how-to-set-up-a-bpm-process\/#breadcrumb\",\"itemListElement\":[{\"@type\":\"ListItem\",\"position\":1,\"name\":\"Accueil\",\"item\":\"https:\/\/axelor.com\/\"},{\"@type\":\"ListItem\",\"position\":2,\"name\":\"Comment mettre en place un processus BPM ?\"}]},{\"@type\":\"WebSite\",\"@id\":\"https:\/\/axelor.com\/#website\",\"url\":\"https:\/\/axelor.com\/\",\"name\":\"Axelor\",\"description\":\"ERP CRM BPM Open Source\",\"potentialAction\":[{\"@type\":\"SearchAction\",\"target\":{\"@type\":\"EntryPoint\",\"urlTemplate\":\"https:\/\/axelor.com\/?s={search_term_string}\"},\"query-input\":\"required name=search_term_string\"}],\"inLanguage\":\"fr-FR\"}]}<\/script>\n<!-- \/ Yoast SEO plugin. -->","yoast_head_json":{"title":"Comment mettre en place un processus BPM ? | Axelor","description":"D\u00e9couvrez les diff\u00e9rentes \u00e9tapes n\u00e9cessaires \u00e0 la mise en place d'un processus BPM au sein de votre entreprise. Contactez-nous pour plus d'informations !","robots":{"index":"index","follow":"follow","max-snippet":"max-snippet:-1","max-image-preview":"max-image-preview:large","max-video-preview":"max-video-preview:-1"},"canonical":"https:\/\/axelor.com\/how-to-set-up-a-bpm-process\/","og_locale":"fr_FR","og_type":"article","og_title":"Comment mettre en place un processus BPM ? | Axelor","og_description":"D\u00e9couvrez les diff\u00e9rentes \u00e9tapes n\u00e9cessaires \u00e0 la mise en place d'un processus BPM au sein de votre entreprise. Contactez-nous pour plus d'informations !","og_url":"https:\/\/axelor.com\/how-to-set-up-a-bpm-process\/","og_site_name":"Axelor","article_modified_time":"2025-04-08T12:53:46+00:00","twitter_card":"summary_large_image","twitter_misc":{"Dur\u00e9e de lecture estim\u00e9e":"6 minutes"},"schema":{"@context":"https:\/\/schema.org","@graph":[{"@type":"WebPage","@id":"https:\/\/axelor.com\/how-to-set-up-a-bpm-process\/","url":"https:\/\/axelor.com\/how-to-set-up-a-bpm-process\/","name":"Comment mettre en place un processus BPM ? | Axelor","isPartOf":{"@id":"https:\/\/axelor.com\/#website"},"datePublished":"2021-10-12T08:43:13+00:00","dateModified":"2025-04-08T12:53:46+00:00","description":"D\u00e9couvrez les diff\u00e9rentes \u00e9tapes n\u00e9cessaires \u00e0 la mise en place d'un processus BPM au sein de votre entreprise. Contactez-nous pour plus d'informations !","breadcrumb":{"@id":"https:\/\/axelor.com\/how-to-set-up-a-bpm-process\/#breadcrumb"},"inLanguage":"fr-FR","potentialAction":[{"@type":"ReadAction","target":["https:\/\/axelor.com\/how-to-set-up-a-bpm-process\/"]}]},{"@type":"BreadcrumbList","@id":"https:\/\/axelor.com\/how-to-set-up-a-bpm-process\/#breadcrumb","itemListElement":[{"@type":"ListItem","position":1,"name":"Accueil","item":"https:\/\/axelor.com\/"},{"@type":"ListItem","position":2,"name":"Comment mettre en place un processus BPM ?"}]},{"@type":"WebSite","@id":"https:\/\/axelor.com\/#website","url":"https:\/\/axelor.com\/","name":"Axelor","description":"ERP CRM BPM Open Source","potentialAction":[{"@type":"SearchAction","target":{"@type":"EntryPoint","urlTemplate":"https:\/\/axelor.com\/?s={search_term_string}"},"query-input":"required name=search_term_string"}],"inLanguage":"fr-FR"}]}},"_links":{"self":[{"href":"https:\/\/axelor.com\/fr\/wp-json\/wp\/v2\/pages\/258853"}],"collection":[{"href":"https:\/\/axelor.com\/fr\/wp-json\/wp\/v2\/pages"}],"about":[{"href":"https:\/\/axelor.com\/fr\/wp-json\/wp\/v2\/types\/page"}],"author":[{"embeddable":true,"href":"https:\/\/axelor.com\/fr\/wp-json\/wp\/v2\/users\/3"}],"replies":[{"embeddable":true,"href":"https:\/\/axelor.com\/fr\/wp-json\/wp\/v2\/comments?post=258853"}],"version-history":[{"count":11,"href":"https:\/\/axelor.com\/fr\/wp-json\/wp\/v2\/pages\/258853\/revisions"}],"predecessor-version":[{"id":380664,"href":"https:\/\/axelor.com\/fr\/wp-json\/wp\/v2\/pages\/258853\/revisions\/380664"}],"wp:attachment":[{"href":"https:\/\/axelor.com\/fr\/wp-json\/wp\/v2\/media?parent=258853"}],"curies":[{"name":"wp","href":"https:\/\/api.w.org\/{rel}","templated":true}]}}