{"id":258965,"date":"2021-10-12T18:15:13","date_gmt":"2021-10-12T16:15:13","guid":{"rendered":"https:\/\/axelor.com\/?page_id=258965"},"modified":"2022-10-04T17:48:38","modified_gmt":"2022-10-04T15:48:38","slug":"comprendre-le-besoin","status":"publish","type":"page","link":"https:\/\/axelor.com\/fr\/comprendre-le-besoin\/","title":{"rendered":"Comprendre le besoin"},"content":{"rendered":"\n[et_pb_section fb_built=&#8221;1&#8243; _builder_version=&#8221;4.10.5&#8243; _module_preset=&#8221;default&#8221; background_image=&#8221;https:\/\/axelor.com\/wp-content\/uploads\/2021\/10\/bandeau_etude_clinique.jpg&#8221; parallax=&#8221;on&#8221; parallax_method=&#8221;off&#8221; global_colors_info=&#8221;{}&#8221;][et_pb_row _builder_version=&#8221;4.10.5&#8243; _module_preset=&#8221;default&#8221; global_colors_info=&#8221;{}&#8221;][et_pb_column type=&#8221;4_4&#8243; _builder_version=&#8221;4.10.5&#8243; _module_preset=&#8221;default&#8221; global_colors_info=&#8221;{}&#8221;][et_pb_text content_tablet=&#8221;<h1><span style=%22color: #ffffff; font-size: 50px;%22>Comprendre le besoin<\/span><\/h1>&#8221; content_phone=&#8221;<h1><span style=%22color: #ffffff; font-size: 40px;%22>Comprendre le besoin<\/span><\/h1>&#8221; content_last_edited=&#8221;on|phone&#8221; _builder_version=&#8221;4.10.5&#8243; _module_preset=&#8221;default&#8221; hover_enabled=&#8221;0&#8243; global_colors_info=&#8221;{}&#8221; sticky_enabled=&#8221;0&#8243;]<h1><span style=\"color: #ffffff;\">Processus m\u00e9tier : Comprendre et d\u00e9finir le besoin<\/span><\/h1>[\/et_pb_text][\/et_pb_column][\/et_pb_row][\/et_pb_section][et_pb_section fb_built=&#8221;1&#8243; _builder_version=&#8221;4.10.5&#8243; _module_preset=&#8221;default&#8221; custom_padding=&#8221;0px||0px|||&#8221; global_colors_info=&#8221;{}&#8221;][et_pb_row column_structure=&#8221;1_2,1_2&#8243; _builder_version=&#8221;4.10.5&#8243; _module_preset=&#8221;default&#8221; global_colors_info=&#8221;{}&#8221;][et_pb_column type=&#8221;1_2&#8243; _builder_version=&#8221;4.10.5&#8243; _module_preset=&#8221;default&#8221; global_colors_info=&#8221;{}&#8221;][et_pb_text _builder_version=&#8221;4.10.5&#8243; _module_preset=&#8221;default&#8221; global_colors_info=&#8221;{}&#8221;]<span style=\"font-weight: 800;\">Voici une synth\u00e8se du besoin de l\u2019entreprise :<\/span>[\/et_pb_text][et_pb_image src=&#8221;https:\/\/axelor.com\/wp-content\/uploads\/2021\/10\/synthese_du_besoin.png&#8221; title_text=&#8221;synthese_du_besoin&#8221; _builder_version=&#8221;4.10.5&#8243; _module_preset=&#8221;default&#8221; global_colors_info=&#8221;{}&#8221;][\/et_pb_image][\/et_pb_column][et_pb_column type=&#8221;1_2&#8243; _builder_version=&#8221;4.10.5&#8243; _module_preset=&#8221;default&#8221; global_colors_info=&#8221;{}&#8221;][et_pb_text content_tablet=&#8221;<p>La compr\u00e9hension du besoin est la pierre angulaire dans la mise en place d\u2019un nouveau processus m\u00e9tier, afin que celui-ci puisse r\u00e9pondre \u00e0 des probl\u00e9matiques fonctionnelles concr\u00e8tes.<\/p>\n<p>Pour d\u00e9finir le besoin il faut :\n<ul>\n\t<li><span style:=%22%22 color:=%22%22 32325d=%22%22>Faire un \u00e9tat de l\u2019existant en identifiant ce qui fonctionne et les freins rencontr\u00e9s.<\/span><\/li>\n\t<li><span style:=%22%22 color:=%22%22 32325d=%22%22>D\u00e9finir des objectifs.<\/span><\/li>\n\t<li><span style:=%22%22 color:=%22%22 32325d=%22%22>Identifier les m\u00e9thodes de travail gr\u00e2ce \u00e0 de l\u2019observation et des \u00e9changes avec les collaborateurs m\u00e9tiers.<\/span><\/li>\n<\/ul><\/p>&#8221; content_phone=&#8221;<p>La compr\u00e9hension du besoin est la pierre angulaire dans la mise en place d\u2019un nouveau processus m\u00e9tier, afin que celui-ci puisse r\u00e9pondre \u00e0 des probl\u00e9matiques fonctionnelles concr\u00e8tes.<\/p>\n<p>Pour d\u00e9finir le besoin il faut :\n<ul>\n\t<li><span style:=%22%22 color:=%22%22 32325d=%22%22>Faire un \u00e9tat de l\u2019existant en identifiant ce qui fonctionne et les freins rencontr\u00e9s.<\/span><\/li>\n\t<li><span style:=%22%22 color:=%22%22 32325d=%22%22>D\u00e9finir des objectifs.<\/span><\/li>\n\t<li><span style:=%22%22 color:=%22%22 32325d=%22%22>Identifier les m\u00e9thodes de travail gr\u00e2ce \u00e0 de l\u2019observation et des \u00e9changes avec les collaborateurs m\u00e9tiers.<\/span><\/li>\n<\/ul><\/p>&#8221; content_last_edited=&#8221;on|phone&#8221; _builder_version=&#8221;4.10.5&#8243; _module_preset=&#8221;default&#8221; global_colors_info=&#8221;{}&#8221;]<p>La compr\u00e9hension du besoin est la pierre angulaire dans la mise en place d\u2019un nouveau processus m\u00e9tier, afin que celui-ci puisse r\u00e9pondre \u00e0 des probl\u00e9matiques fonctionnelles concr\u00e8tes.<\/p>\n<p>Pour d\u00e9finir le besoin il faut :\n<ul>\n\t<li><span style:=\"\" color:=\"\" 32325d=\"\">Faire un \u00e9tat de l\u2019existant en identifiant ce qui fonctionne et les freins rencontr\u00e9s.<\/span><\/li>\n\t<li><span style:=\"\" color:=\"\" 32325d=\"\">D\u00e9finir des objectifs.<\/span><\/li>\n\t<li><span style:=\"\" color:=\"\" 32325d=\"\">Identifier les m\u00e9thodes de travail gr\u00e2ce \u00e0 de l\u2019observation et des \u00e9changes avec les collaborateurs m\u00e9tiers.<\/span><\/li>\n<\/ul>\n<\/p>[\/et_pb_text][\/et_pb_column][\/et_pb_row][\/et_pb_section][et_pb_section fb_built=&#8221;1&#8243; _builder_version=&#8221;4.10.5&#8243; _module_preset=&#8221;default&#8221; background_color=&#8221;#f6f9fc&#8221; custom_padding=&#8221;0px||0px|||&#8221; global_colors_info=&#8221;{}&#8221;][et_pb_row _builder_version=&#8221;4.10.5&#8243; _module_preset=&#8221;default&#8221; global_colors_info=&#8221;{}&#8221;][et_pb_column type=&#8221;4_4&#8243; _builder_version=&#8221;4.10.5&#8243; _module_preset=&#8221;default&#8221; global_colors_info=&#8221;{}&#8221;][et_pb_text _builder_version=&#8221;4.10.5&#8243; _module_preset=&#8221;default&#8221; global_colors_info=&#8221;{}&#8221;]<h3>Quels sont les principaux points de vigilance \u00e0 prendre en compte ?<\/h3>\n<br \/>\n<p>Afin de ne pas compromettre le succ\u00e8s du projet, Il faut bien identifier toutes les \u00e9tapes du processus et ne pas regrouper un ensemble d\u2019\u00e9tapes sous un m\u00eame nom. La g\u00e9n\u00e9ralisation intuitive d\u2019\u00e9tapes est tr\u00e8s courante et peut emp\u00eacher d\u2019identifier une \u00e9tape indispensable.<\/p>\n<p>Pour reprendre notre cas d\u2019usage,  lors d\u2019un essai clinique, il y a n\u00e9cessairement une validation des autorit\u00e9s sanitaires. Si ces derni\u00e8res demandent des informations compl\u00e9mentaires, nous avons un d\u00e9lai de 14 jours pour les transmettre, pass\u00e9 ce d\u00e9lai la demande est annul\u00e9e et nous devons recommencer la proc\u00e9dure depuis le d\u00e9but. Ce genre d\u2019informations est \u00e0 identifier clairement et ne doit pas \u00eatre noy\u00e9 dans l\u2019\u00e9tape \u201cValidation des autorit\u00e9s\u201d.<\/p>[\/et_pb_text][\/et_pb_column][\/et_pb_row][\/et_pb_section][et_pb_section fb_built=&#8221;1&#8243; _builder_version=&#8221;4.10.5&#8243; _module_preset=&#8221;default&#8221; custom_padding=&#8221;1px||0px|||&#8221; global_colors_info=&#8221;{}&#8221;][et_pb_row _builder_version=&#8221;4.10.5&#8243; _module_preset=&#8221;default&#8221; global_colors_info=&#8221;{}&#8221;][et_pb_column type=&#8221;4_4&#8243; _builder_version=&#8221;4.10.5&#8243; _module_preset=&#8221;default&#8221; global_colors_info=&#8221;{}&#8221;][et_pb_text _builder_version=&#8221;4.10.5&#8243; _module_preset=&#8221;default&#8221; text_orientation=&#8221;center&#8221; global_colors_info=&#8221;{}&#8221; content__hover_enabled=&#8221;on|hover&#8221; content__hover=&#8221;<p><a href=%22https:\/\/axelor.com\/fr\/cas-dusage-bpm-etude-clinique\/%22><span style=%22color: #028169; font-size: 20px; text-decoration: underline;%22><strong>Comment le BPM permet de g\u00e9rer une \u00e9tude clinique ? <\/strong><\/span><\/a><\/span><\/a><span style=%22color: #028169; font-weight: bold;%22>\u2192<\/span><\/p>&#8220;]<p><a href=\"https:\/\/axelor.com\/fr\/cas-dusage-bpm-etude-clinique\/\"><span style=\"color: #3ecf8e; font-size: 20px; text-decoration: underline;\"><strong>Comment le BPM permet de g\u00e9rer une \u00e9tude clinique ? <\/strong><\/span><\/a><span style=\"color: #3ecf8e; font-weight: bold;\">\u2192<\/span><\/p>[\/et_pb_text][et_pb_text _builder_version=&#8221;4.10.5&#8243; _module_preset=&#8221;default&#8221; text_orientation=&#8221;center&#8221; global_colors_info=&#8221;{}&#8221; content__hover_enabled=&#8221;on|hover&#8221; content__hover=&#8221;<p><a href=%22https:\/\/axelor.com\/fr\/la-modelisation-du-processus-metier\/%22><span style=%22color: #028169; font-size: 20px; text-decoration: underline;%22><strong>La mod\u00e9lisation du processus m\u00e9tier et la validation du workflow <\/strong><\/span><\/a><\/span><\/a><span style=%22color: #028169; font-weight: bold;%22>\u2192<\/span><\/p>&#8220;]<p><a href=\"https:\/\/axelor.com\/fr\/la-modelisation-du-processus-metier\/\"><span style=\"color: #3ecf8e; font-size: 20px; text-decoration: underline;\"><strong>La mod\u00e9lisation du processus m\u00e9tier et la validation du workflow <\/strong><\/span><\/a><span style=\"color: #3ecf8e; font-weight: bold;\">\u2192<\/span><\/p>[\/et_pb_text][et_pb_text _builder_version=&#8221;4.10.5&#8243; _module_preset=&#8221;default&#8221; text_orientation=&#8221;center&#8221; global_colors_info=&#8221;{}&#8221; content__hover_enabled=&#8221;on|hover&#8221; content__hover=&#8221;<p><a href=%22https:\/\/axelor.com\/fr\/le-deploiement-dune-application-metier-fonctionnelle\/%22><span style=%22color: #028169; font-size: 20px; text-decoration: underline;%22><strong>Le d\u00e9ploiement d\u2019une application m\u00e9tier fonctionnelle <\/strong><\/span><\/a><\/span><\/a><span style=%22color: #028169; font-weight: bold;%22>\u2192<\/span><\/p>&#8220;]<p><a href=\"https:\/\/axelor.com\/fr\/le-deploiement-dune-application-metier-fonctionnelle\/\"><span style=\"color: #3ecf8e; font-size: 20px; text-decoration: underline;\"><strong>Le d\u00e9ploiement d\u2019une application m\u00e9tier fonctionnelle <\/strong><\/span><\/a><span style=\"color: #3ecf8e; font-weight: bold;\">\u2192<\/span><\/p>[\/et_pb_text][\/et_pb_column][\/et_pb_row][\/et_pb_section]\n","protected":false},"excerpt":{"rendered":"<p>Processus m\u00e9tier : Comprendre et d\u00e9finir le besoinVoici une synth\u00e8se du besoin de l\u2019entreprise :La compr\u00e9hension du besoin est la pierre angulaire dans la mise en place d\u2019un nouveau processus m\u00e9tier, afin que celui-ci puisse r\u00e9pondre \u00e0 des probl\u00e9matiques fonctionnelles concr\u00e8tes. Pour d\u00e9finir le besoin il faut : Faire un \u00e9tat de l\u2019existant en identifiant [&hellip;]<\/p>\n","protected":false},"author":3,"featured_media":0,"parent":0,"menu_order":0,"comment_status":"closed","ping_status":"closed","template":"","meta":{"_acf_changed":false,"_et_pb_use_builder":"on","_et_pb_old_content":"","_et_gb_content_width":"","content-type":"","inline_featured_image":false,"footnotes":""},"acf":[],"yoast_head":"<!-- This site is optimized with the Yoast SEO plugin v22.0 - https:\/\/yoast.com\/wordpress\/plugins\/seo\/ -->\n<title>Comprendre le besoin | Axelor<\/title>\n<meta name=\"description\" content=\"Axelor vous aide \u00e0 comprendre et d\u00e9finir vos besoins en vue de construire vos processus m\u00e9tiers. Une \u00e9tape primordiale, d\u00e9couvrez-en les apports.\" \/>\n<meta name=\"robots\" content=\"index, follow, max-snippet:-1, max-image-preview:large, max-video-preview:-1\" \/>\n<link rel=\"canonical\" href=\"https:\/\/axelor.com\/fr\/comprendre-le-besoin\/\" \/>\n<meta property=\"og:locale\" content=\"fr_FR\" \/>\n<meta property=\"og:type\" content=\"article\" \/>\n<meta property=\"og:title\" content=\"Comprendre le besoin | Axelor\" \/>\n<meta property=\"og:description\" content=\"Axelor vous aide \u00e0 comprendre et d\u00e9finir vos besoins en vue de construire vos processus m\u00e9tiers. Une \u00e9tape primordiale, d\u00e9couvrez-en les apports.\" \/>\n<meta property=\"og:url\" content=\"https:\/\/axelor.com\/fr\/comprendre-le-besoin\/\" \/>\n<meta property=\"og:site_name\" content=\"Axelor\" \/>\n<meta property=\"article:modified_time\" content=\"2022-10-04T15:48:38+00:00\" \/>\n<meta name=\"twitter:card\" content=\"summary_large_image\" \/>\n<meta name=\"twitter:label1\" content=\"Dur\u00e9e de lecture estim\u00e9e\" \/>\n\t<meta name=\"twitter:data1\" content=\"3 minutes\" \/>\n<script type=\"application\/ld+json\" class=\"yoast-schema-graph\">{\"@context\":\"https:\/\/schema.org\",\"@graph\":[{\"@type\":\"WebPage\",\"@id\":\"https:\/\/axelor.com\/fr\/comprendre-le-besoin\/\",\"url\":\"https:\/\/axelor.com\/fr\/comprendre-le-besoin\/\",\"name\":\"Comprendre le besoin | Axelor\",\"isPartOf\":{\"@id\":\"https:\/\/axelor.com\/#website\"},\"datePublished\":\"2021-10-12T16:15:13+00:00\",\"dateModified\":\"2022-10-04T15:48:38+00:00\",\"description\":\"Axelor vous aide \u00e0 comprendre et d\u00e9finir vos besoins en vue de construire vos processus m\u00e9tiers. Une \u00e9tape primordiale, d\u00e9couvrez-en les apports.\",\"breadcrumb\":{\"@id\":\"https:\/\/axelor.com\/fr\/comprendre-le-besoin\/#breadcrumb\"},\"inLanguage\":\"fr-FR\",\"potentialAction\":[{\"@type\":\"ReadAction\",\"target\":[\"https:\/\/axelor.com\/fr\/comprendre-le-besoin\/\"]}]},{\"@type\":\"BreadcrumbList\",\"@id\":\"https:\/\/axelor.com\/fr\/comprendre-le-besoin\/#breadcrumb\",\"itemListElement\":[{\"@type\":\"ListItem\",\"position\":1,\"name\":\"Accueil\",\"item\":\"https:\/\/axelor.com\/\"},{\"@type\":\"ListItem\",\"position\":2,\"name\":\"Comprendre le besoin\"}]},{\"@type\":\"WebSite\",\"@id\":\"https:\/\/axelor.com\/#website\",\"url\":\"https:\/\/axelor.com\/\",\"name\":\"Axelor\",\"description\":\"ERP CRM BPM Open Source\",\"potentialAction\":[{\"@type\":\"SearchAction\",\"target\":{\"@type\":\"EntryPoint\",\"urlTemplate\":\"https:\/\/axelor.com\/?s={search_term_string}\"},\"query-input\":\"required name=search_term_string\"}],\"inLanguage\":\"fr-FR\"}]}<\/script>\n<!-- \/ Yoast SEO plugin. -->","yoast_head_json":{"title":"Comprendre le besoin | Axelor","description":"Axelor vous aide \u00e0 comprendre et d\u00e9finir vos besoins en vue de construire vos processus m\u00e9tiers. Une \u00e9tape primordiale, d\u00e9couvrez-en les apports.","robots":{"index":"index","follow":"follow","max-snippet":"max-snippet:-1","max-image-preview":"max-image-preview:large","max-video-preview":"max-video-preview:-1"},"canonical":"https:\/\/axelor.com\/fr\/comprendre-le-besoin\/","og_locale":"fr_FR","og_type":"article","og_title":"Comprendre le besoin | Axelor","og_description":"Axelor vous aide \u00e0 comprendre et d\u00e9finir vos besoins en vue de construire vos processus m\u00e9tiers. Une \u00e9tape primordiale, d\u00e9couvrez-en les apports.","og_url":"https:\/\/axelor.com\/fr\/comprendre-le-besoin\/","og_site_name":"Axelor","article_modified_time":"2022-10-04T15:48:38+00:00","twitter_card":"summary_large_image","twitter_misc":{"Dur\u00e9e de lecture estim\u00e9e":"3 minutes"},"schema":{"@context":"https:\/\/schema.org","@graph":[{"@type":"WebPage","@id":"https:\/\/axelor.com\/fr\/comprendre-le-besoin\/","url":"https:\/\/axelor.com\/fr\/comprendre-le-besoin\/","name":"Comprendre le besoin | Axelor","isPartOf":{"@id":"https:\/\/axelor.com\/#website"},"datePublished":"2021-10-12T16:15:13+00:00","dateModified":"2022-10-04T15:48:38+00:00","description":"Axelor vous aide \u00e0 comprendre et d\u00e9finir vos besoins en vue de construire vos processus m\u00e9tiers. Une \u00e9tape primordiale, d\u00e9couvrez-en les apports.","breadcrumb":{"@id":"https:\/\/axelor.com\/fr\/comprendre-le-besoin\/#breadcrumb"},"inLanguage":"fr-FR","potentialAction":[{"@type":"ReadAction","target":["https:\/\/axelor.com\/fr\/comprendre-le-besoin\/"]}]},{"@type":"BreadcrumbList","@id":"https:\/\/axelor.com\/fr\/comprendre-le-besoin\/#breadcrumb","itemListElement":[{"@type":"ListItem","position":1,"name":"Accueil","item":"https:\/\/axelor.com\/"},{"@type":"ListItem","position":2,"name":"Comprendre le besoin"}]},{"@type":"WebSite","@id":"https:\/\/axelor.com\/#website","url":"https:\/\/axelor.com\/","name":"Axelor","description":"ERP CRM BPM Open Source","potentialAction":[{"@type":"SearchAction","target":{"@type":"EntryPoint","urlTemplate":"https:\/\/axelor.com\/?s={search_term_string}"},"query-input":"required name=search_term_string"}],"inLanguage":"fr-FR"}]}},"_links":{"self":[{"href":"https:\/\/axelor.com\/fr\/wp-json\/wp\/v2\/pages\/258965"}],"collection":[{"href":"https:\/\/axelor.com\/fr\/wp-json\/wp\/v2\/pages"}],"about":[{"href":"https:\/\/axelor.com\/fr\/wp-json\/wp\/v2\/types\/page"}],"author":[{"embeddable":true,"href":"https:\/\/axelor.com\/fr\/wp-json\/wp\/v2\/users\/3"}],"replies":[{"embeddable":true,"href":"https:\/\/axelor.com\/fr\/wp-json\/wp\/v2\/comments?post=258965"}],"version-history":[{"count":1,"href":"https:\/\/axelor.com\/fr\/wp-json\/wp\/v2\/pages\/258965\/revisions"}],"predecessor-version":[{"id":345923,"href":"https:\/\/axelor.com\/fr\/wp-json\/wp\/v2\/pages\/258965\/revisions\/345923"}],"wp:attachment":[{"href":"https:\/\/axelor.com\/fr\/wp-json\/wp\/v2\/media?parent=258965"}],"curies":[{"name":"wp","href":"https:\/\/api.w.org\/{rel}","templated":true}]}}