{"id":258974,"date":"2021-10-12T18:31:47","date_gmt":"2021-10-12T16:31:47","guid":{"rendered":"https:\/\/axelor.com\/?page_id=258974"},"modified":"2023-09-06T15:52:43","modified_gmt":"2023-09-06T13:52:43","slug":"le-deploiement-dune-application-metier-fonctionnelle","status":"publish","type":"page","link":"https:\/\/axelor.com\/fr\/le-deploiement-dune-application-metier-fonctionnelle\/","title":{"rendered":"Le d\u00e9ploiement d\u2019une application m\u00e9tier fonctionnelle"},"content":{"rendered":"<p>[et_pb_section fb_built=&#8221;1&#8243; _builder_version=&#8221;4.10.5&#8243; _module_preset=&#8221;default&#8221; background_image=&#8221;https:\/\/axelor.com\/wp-content\/uploads\/2021\/10\/bandeau_etude_clinique.jpg&#8221; parallax=&#8221;on&#8221; parallax_method=&#8221;off&#8221; global_colors_info=&#8221;{}&#8221;][et_pb_row _builder_version=&#8221;4.10.5&#8243; _module_preset=&#8221;default&#8221; global_colors_info=&#8221;{}&#8221;][et_pb_column type=&#8221;4_4&#8243; _builder_version=&#8221;4.10.5&#8243; _module_preset=&#8221;default&#8221; global_colors_info=&#8221;{}&#8221;][et_pb_text content_tablet=&#8221;<\/p>\n<h1><span style=%22color: #ffffff; font-size: 50px;%22>Le d\u00e9ploiement d\u2019une application m\u00e9tier fonctionnelle<\/span><\/h1>\n<p>&#8221; content_phone=&#8221;<\/p>\n<h1><span style=%22color: #ffffff; font-size: 40px;%22>Le d\u00e9ploiement d\u2019une application m\u00e9tier fonctionnelle<\/span><\/h1>\n<p>&#8221; content_last_edited=&#8221;on|phone&#8221; _builder_version=&#8221;4.10.5&#8243; _module_preset=&#8221;default&#8221; global_colors_info=&#8221;{}&#8221;]<\/p>\n<h1><span style=\"color: #ffffff;\">D\u00e9ployez une application m\u00e9tier fonctionnelle depuis le BPM<\/span><\/h1>\n<p>[\/et_pb_text][\/et_pb_column][\/et_pb_row][\/et_pb_section][et_pb_section fb_built=&#8221;1&#8243; _builder_version=&#8221;4.10.5&#8243; _module_preset=&#8221;default&#8221; custom_padding=&#8221;4px||2px|||&#8221; global_colors_info=&#8221;{}&#8221;][et_pb_row _builder_version=&#8221;4.10.5&#8243; _module_preset=&#8221;default&#8221; global_colors_info=&#8221;{}&#8221;][et_pb_column type=&#8221;4_4&#8243; _builder_version=&#8221;4.10.5&#8243; _module_preset=&#8221;default&#8221; global_colors_info=&#8221;{}&#8221;][et_pb_text content_tablet=&#8221;Un des int\u00e9r\u00eats majeur du BPM (<a href=%22https:\/\/axelor.com\/fr\/quest-ce-que-le-bpm\/%22>Business Process Management<\/a>), outre la visualisation imm\u00e9diate du workflow, est de pouvoir l\u2019exporter facilement pour permettre sa consultation \u00e0 d\u2019autres personnes de l\u2019entreprise. Il peut \u00e9galement \u00eatre export\u00e9 techniquement pour pouvoir le r\u00e9implanter dans le syst\u00e8me d\u2019information \u00e0 tout moment.<\/p>\n<p>L\u2019autre avantage majeur est qu\u2019en utilisant le BPM et la norme <a href=%22https:\/\/axelor.com\/fr\/la-norme-bpmn\/%22>BPMN<\/a>, si l\u2019entreprise est soumise \u00e0 de nouvelles contraintes internes ou externes, il est possible de rajouter tr\u00e8s rapidement de nouvelles \u00e9tapes dans le <a href=%22https:\/\/axelor.com\/fr\/workflow\/%22>workflow<\/a>.<\/p>\n<p><a href=%22https:\/\/axelor.com\/fr\/formation-bpmn\/%22 class=%22second-link%22><span>En savoir plus sur la formation BPMN<\/span><i class=%22material-icons-two-tone%22>keyboard_return<\/i><\/a>&#8221; content_phone=&#8221;Un des int\u00e9r\u00eats majeur du BPM (<a href=%22https:\/\/axelor.com\/fr\/quest-ce-que-le-bpm\/%22>Business Process Management<\/a>), outre la visualisation imm\u00e9diate du workflow, est de pouvoir l\u2019exporter facilement pour permettre sa consultation \u00e0 d\u2019autres personnes de l\u2019entreprise. Il peut \u00e9galement \u00eatre export\u00e9 techniquement pour pouvoir le r\u00e9implanter dans le syst\u00e8me d\u2019information \u00e0 tout moment.<\/p>\n<p>L\u2019autre avantage majeur est qu\u2019en utilisant le BPM et la norme <a href=%22https:\/\/axelor.com\/fr\/la-norme-bpmn\/%22>BPMN<\/a>, si l\u2019entreprise est soumise \u00e0 de nouvelles contraintes internes ou externes, il est possible de rajouter tr\u00e8s rapidement de nouvelles \u00e9tapes dans le <a href=%22https:\/\/axelor.com\/fr\/workflow\/%22>workflow<\/a>.<\/p>\n<p><a href=%22https:\/\/axelor.com\/fr\/formation-bpmn\/%22 class=%22second-link%22><span>En savoir plus sur la formation BPMN<\/span><i class=%22material-icons-two-tone%22>keyboard_return<\/i><\/a>&#8221; content_last_edited=&#8221;on|phone&#8221; _builder_version=&#8221;4.10.5&#8243; _module_preset=&#8221;default&#8221; global_colors_info=&#8221;{}&#8221;]<\/p>\n<p>Un des int\u00e9r\u00eats majeur du BPM (<a href=\"https:\/\/axelor.com\/fr\/quest-ce-que-le-bpm\/\">Business Process Management<\/a>), outre la visualisation imm\u00e9diate du workflow, est de pouvoir l\u2019exporter facilement pour permettre sa consultation \u00e0 d\u2019autres personnes de l\u2019entreprise. Il peut \u00e9galement \u00eatre export\u00e9 techniquement pour pouvoir le r\u00e9implanter dans le syst\u00e8me d\u2019information \u00e0 tout moment.<\/p>\n<p>L\u2019autre avantage majeur est qu\u2019en utilisant le BPM et la norme <a href=\"https:\/\/axelor.com\/fr\/la-norme-bpmn\/\">BPMN<\/a>, si l\u2019entreprise est soumise \u00e0 de nouvelles contraintes internes ou externes, il est possible de rajouter tr\u00e8s rapidement de nouvelles \u00e9tapes dans le <a href=\"https:\/\/axelor.com\/fr\/workflow\/\">workflow<\/a>.<\/p>\n<p><a href=\"https:\/\/axelor.com\/fr\/formation-bpmn\/\" class=\"second-link\"><span>En savoir plus sur la formation BPMN<\/span><i class=\"material-icons-two-tone\">keyboard_return<\/i><\/a><\/p>\n<p>[\/et_pb_text][et_pb_image src=&#8221;https:\/\/axelor.com\/wp-content\/uploads\/2021\/10\/bpm_cas_clinique_zoom_5.png&#8221; title_text=&#8221;bpm_cas_clinique_zoom_5&#8243; align=&#8221;center&#8221; _builder_version=&#8221;4.10.5&#8243; _module_preset=&#8221;default&#8221; width=&#8221;50%&#8221; global_colors_info=&#8221;{}&#8221;][\/et_pb_image][\/et_pb_column][\/et_pb_row][\/et_pb_section][et_pb_section fb_built=&#8221;1&#8243; _builder_version=&#8221;4.10.5&#8243; _module_preset=&#8221;default&#8221; background_color=&#8221;#f6f9fc&#8221; custom_padding=&#8221;0px||0px|||&#8221; global_colors_info=&#8221;{}&#8221;][et_pb_row column_structure=&#8221;1_2,1_2&#8243; _builder_version=&#8221;4.10.5&#8243; _module_preset=&#8221;default&#8221; global_colors_info=&#8221;{}&#8221;][et_pb_column type=&#8221;1_2&#8243; _builder_version=&#8221;4.10.5&#8243; _module_preset=&#8221;default&#8221; global_colors_info=&#8221;{}&#8221;][et_pb_text _builder_version=&#8221;4.10.5&#8243; _module_preset=&#8221;default&#8221; hover_enabled=&#8221;0&#8243; global_colors_info=&#8221;{}&#8221; sticky_enabled=&#8221;0&#8243;]<\/p>\n<p style=\"text-align: left;\">Le BPM <a href=\"https:\/\/axelor.com\/fr\/low-code-no-code-comment-ca-fonctionne\/\">Low-code \/ No-code<\/a> permet d\u2019\u00e9viter de longs d\u00e9veloppements sp\u00e9cifiques, et le processus est en un clic automatiquement d\u00e9ploy\u00e9 dans l\u2019application.<\/p>\n<p style=\"text-align: left;\">Le processus d\u2019\u00e9tude clinique dessin\u00e9 devient fonctionnel et utilisable. Maintenant que le BPM est d\u00e9ploy\u00e9, j\u2019ai la possibilit\u00e9 d\u2019avoir une <a href=\"https:\/\/axelor.com\/fr\/application-metier\/\">application m\u00e9tier<\/a> g\u00e9r\u00e9e dynamiquement par le processus.<\/p>\n<p>[\/et_pb_text][et_pb_text _builder_version=&#8221;4.10.5&#8243; _module_preset=&#8221;default&#8221; custom_margin=&#8221;30px||0px||false|false&#8221; locked=&#8221;off&#8221; global_colors_info=&#8221;{}&#8221;]<a href=\"https:\/\/axelor.com\/fr\/processus-de-pilotage\/\" class=\"second-link\"><span>D\u00e9couvrez comment am\u00e9liorer votre processus de pilotage<\/span><i class=\"material-icons-two-tone\">keyboard_return<\/i><\/a>[\/et_pb_text][et_pb_text _builder_version=&#8221;4.10.5&#8243; _module_preset=&#8221;default&#8221; custom_margin=&#8221;12px||0px||false|false&#8221; locked=&#8221;off&#8221; global_colors_info=&#8221;{}&#8221;]<a href=\"https:\/\/axelor.com\/fr\/la-modelisation-du-processus-metier\/\" class=\"second-link\"><span>D\u00e9couvrez comment mod\u00e9liser un processus m\u00e9tier<\/span><i class=\"material-icons-two-tone\">keyboard_return<\/i><\/a>[\/et_pb_text][\/et_pb_column][et_pb_column type=&#8221;1_2&#8243; _builder_version=&#8221;4.10.5&#8243; _module_preset=&#8221;default&#8221; global_colors_info=&#8221;{}&#8221;][et_pb_image src=&#8221;https:\/\/axelor.com\/wp-content\/uploads\/2021\/10\/bpm_cas_clinique_zoom_6.png&#8221; title_text=&#8221;bpm_cas_clinique_zoom_6&#8243; _builder_version=&#8221;4.10.5&#8243; _module_preset=&#8221;default&#8221; global_colors_info=&#8221;{}&#8221;][\/et_pb_image][\/et_pb_column][\/et_pb_row][\/et_pb_section][et_pb_section fb_built=&#8221;1&#8243; _builder_version=&#8221;4.10.5&#8243; _module_preset=&#8221;default&#8221; custom_padding=&#8221;0px||0px|||&#8221; global_colors_info=&#8221;{}&#8221;][et_pb_row _builder_version=&#8221;4.10.5&#8243; _module_preset=&#8221;default&#8221; global_colors_info=&#8221;{}&#8221;][et_pb_column type=&#8221;4_4&#8243; _builder_version=&#8221;4.10.5&#8243; _module_preset=&#8221;default&#8221; global_colors_info=&#8221;{}&#8221;][et_pb_text _builder_version=&#8221;4.10.5&#8243; _module_preset=&#8221;default&#8221; global_colors_info=&#8221;{}&#8221;]<\/p>\n<p>D\u00e8s lors que je s\u00e9lectionne mon type d\u2019\u00e9tude clinique, la description devient obligatoire et le bouton de confirmation appara\u00eet. Ce rendu l\u00e0 est disponible gr\u00e2ce au processus.<\/p>\n<p>[\/et_pb_text][et_pb_image src=&#8221;https:\/\/axelor.com\/wp-content\/uploads\/2021\/10\/bpm_cas_clinique_zoom_7.png&#8221; title_text=&#8221;bpm_cas_clinique_zoom_7&#8243; align=&#8221;center&#8221; _builder_version=&#8221;4.10.5&#8243; _module_preset=&#8221;default&#8221; width=&#8221;50%&#8221; global_colors_info=&#8221;{}&#8221;][\/et_pb_image][\/et_pb_column][\/et_pb_row][\/et_pb_section][et_pb_section fb_built=&#8221;1&#8243; _builder_version=&#8221;4.10.5&#8243; _module_preset=&#8221;default&#8221; background_color=&#8221;#f6f9fc&#8221; custom_padding=&#8221;0px||2px|||&#8221; global_colors_info=&#8221;{}&#8221;][et_pb_row _builder_version=&#8221;4.10.5&#8243; _module_preset=&#8221;default&#8221; global_colors_info=&#8221;{}&#8221;][et_pb_column type=&#8221;4_4&#8243; _builder_version=&#8221;4.10.5&#8243; _module_preset=&#8221;default&#8221; global_colors_info=&#8221;{}&#8221;][et_pb_text _builder_version=&#8221;4.10.5&#8243; _module_preset=&#8221;default&#8221; global_colors_info=&#8221;{}&#8221;]<\/p>\n<p>Quand on va venir renseigner au fur et \u00e0 mesure l\u2019\u00e9tude clinique, le processus va guider l\u2019utilisateur dans sa d\u00e9marche, \u00e9tape par \u00e9tape. Il va \u00e9galement pouvoir d\u00e9terminer automatiquement, en fonction de r\u00e8gles m\u00e9tiers et de param\u00e8tres d\u2019entr\u00e9e comme l\u2019h\u00f4pital cibl\u00e9 et le type d\u2019\u00e9tude, qui sont le soignant et l\u2019attach\u00e9 de recherche en charge de l\u2019\u00e9tude.<\/p>\n<p>[\/et_pb_text][et_pb_image src=&#8221;https:\/\/axelor.com\/wp-content\/uploads\/2021\/10\/bpm_cas_clinique_zoom_8.png&#8221; title_text=&#8221;bpm_cas_clinique_zoom_8&#8243; align=&#8221;center&#8221; _builder_version=&#8221;4.10.5&#8243; _module_preset=&#8221;default&#8221; width=&#8221;50%&#8221; global_colors_info=&#8221;{}&#8221;][\/et_pb_image][\/et_pb_column][\/et_pb_row][\/et_pb_section][et_pb_section fb_built=&#8221;1&#8243; _builder_version=&#8221;4.10.5&#8243; _module_preset=&#8221;default&#8221; custom_padding=&#8221;1px||0px|||&#8221; global_colors_info=&#8221;{}&#8221;][et_pb_row _builder_version=&#8221;4.10.5&#8243; _module_preset=&#8221;default&#8221; global_colors_info=&#8221;{}&#8221;][et_pb_column type=&#8221;4_4&#8243; _builder_version=&#8221;4.10.5&#8243; _module_preset=&#8221;default&#8221; global_colors_info=&#8221;{}&#8221;][et_pb_text _builder_version=&#8221;4.10.5&#8243; _module_preset=&#8221;default&#8221; global_colors_info=&#8221;{}&#8221;]<\/p>\n<p>Comme un formulaire est li\u00e9 au processus, le BPM permet de visualiser \u00e0 n\u2019importe quel moment \u00e0 quelle \u00e9tape de l\u2019\u00e9tude clinique nous en sommes.<\/p>\n<p>[\/et_pb_text][et_pb_image src=&#8221;https:\/\/axelor.com\/wp-content\/uploads\/2021\/10\/bpm_cas_clinique_zoom_9.png&#8221; title_text=&#8221;bpm_cas_clinique_zoom_9&#8243; align=&#8221;center&#8221; _builder_version=&#8221;4.10.5&#8243; _module_preset=&#8221;default&#8221; width=&#8221;50%&#8221; global_colors_info=&#8221;{}&#8221;][\/et_pb_image][\/et_pb_column][\/et_pb_row][\/et_pb_section][et_pb_section fb_built=&#8221;1&#8243; _builder_version=&#8221;4.10.5&#8243; _module_preset=&#8221;default&#8221; background_color=&#8221;#f6f9fc&#8221; custom_padding=&#8221;2px||0px|||&#8221; global_colors_info=&#8221;{}&#8221;][et_pb_row _builder_version=&#8221;4.10.5&#8243; _module_preset=&#8221;default&#8221; global_colors_info=&#8221;{}&#8221;][et_pb_column type=&#8221;4_4&#8243; _builder_version=&#8221;4.10.5&#8243; _module_preset=&#8221;default&#8221; global_colors_info=&#8221;{}&#8221;][et_pb_text _builder_version=&#8221;4.10.5&#8243; _module_preset=&#8221;default&#8221; global_colors_info=&#8221;{}&#8221;]<\/p>\n<p>En compl\u00e9ment, un tableau de bord indique le temps pass\u00e9 sur chaque \u00e9tape de l\u2019\u00e9tude clinique, quand les validations ont \u00e9t\u00e9 effectu\u00e9es et quels utilisateurs sont intervenus dans chaque \u00e9tape.<\/p>\n<p>[\/et_pb_text][et_pb_image src=&#8221;https:\/\/axelor.com\/wp-content\/uploads\/2021\/10\/bpm_cas_clinique_zoom_10.png&#8221; title_text=&#8221;bpm_cas_clinique_zoom_10&#8243; align=&#8221;center&#8221; _builder_version=&#8221;4.10.5&#8243; _module_preset=&#8221;default&#8221; width=&#8221;50%&#8221; global_colors_info=&#8221;{}&#8221;][\/et_pb_image][\/et_pb_column][\/et_pb_row][\/et_pb_section][et_pb_section fb_built=&#8221;1&#8243; _builder_version=&#8221;4.10.5&#8243; _module_preset=&#8221;default&#8221; custom_padding=&#8221;0px||0px|||&#8221; global_colors_info=&#8221;{}&#8221;][et_pb_row _builder_version=&#8221;4.10.5&#8243; _module_preset=&#8221;default&#8221; global_colors_info=&#8221;{}&#8221;][et_pb_column type=&#8221;4_4&#8243; _builder_version=&#8221;4.10.5&#8243; _module_preset=&#8221;default&#8221; global_colors_info=&#8221;{}&#8221;][et_pb_text _builder_version=&#8221;4.10.5&#8243; _module_preset=&#8221;default&#8221; text_orientation=&#8221;center&#8221; global_colors_info=&#8221;{}&#8221; content__hover_enabled=&#8221;on|hover&#8221; content__hover=&#8221;<\/p>\n<p><a href=%22https:\/\/axelor.com\/fr\/cas-dusage-bpm-etude-clinique\/%22><span style=%22color: #028169; font-size: 20px; text-decoration: underline;%22><strong>Comment le BPM permet de g\u00e9rer une \u00e9tude clinique ? <\/strong><\/span><\/a><\/span><\/a><span style=%22color: #028169; font-weight: bold;%22>\u2192<\/span><\/p>\n<p>&#8220;]<\/p>\n<p><a href=\"https:\/\/axelor.com\/fr\/cas-dusage-bpm-etude-clinique\/\"><span style=\"color: #3ecf8e; font-size: 20px; text-decoration: underline;\"><strong>Comment le BPM permet de g\u00e9rer une \u00e9tude clinique ? <\/strong><\/span><\/a><span style=\"color: #3ecf8e; font-weight: bold;\">\u2192<\/span><\/p>\n<p>[\/et_pb_text][et_pb_text _builder_version=&#8221;4.10.5&#8243; _module_preset=&#8221;default&#8221; text_orientation=&#8221;center&#8221; global_colors_info=&#8221;{}&#8221; content__hover_enabled=&#8221;on|hover&#8221; content__hover=&#8221;<\/p>\n<p><a href=%22https:\/\/axelor.com\/fr\/comprendre-le-besoin\/%22><span style=%22color: #028169; font-size: 20px; text-decoration: underline;%22><strong>Comprendre le besoin <\/strong><\/span><\/a><\/span><\/a><span style=%22color: #028169; font-weight: bold;%22>\u2192<\/span><\/p>\n<p>&#8220;]<\/p>\n<p><a href=\"https:\/\/axelor.com\/fr\/comprendre-le-besoin\/\"><span style=\"color: #3ecf8e; font-size: 20px; text-decoration: underline;\"><strong>Comprendre le besoin <\/strong><\/span><\/a><span style=\"color: #3ecf8e; font-weight: bold;\">\u2192<\/span><\/p>\n<p>[\/et_pb_text][et_pb_text _builder_version=&#8221;4.10.5&#8243; _module_preset=&#8221;default&#8221; text_orientation=&#8221;center&#8221; global_colors_info=&#8221;{}&#8221; content__hover_enabled=&#8221;on|hover&#8221; content__hover=&#8221;<\/p>\n<p><a href=%22https:\/\/axelor.com\/fr\/la-modelisation-du-processus-metier\/%22><span style=%22color: #028169; font-size: 20px; text-decoration: underline;%22><strong>La mod\u00e9lisation du processus m\u00e9tier et la validation du workflow <\/strong><\/span><\/a><\/span><\/a><span style=%22color: #028169; font-weight: bold;%22>\u2192<\/span><\/p>\n<p>&#8220;]<\/p>\n<p><a href=\"https:\/\/axelor.com\/fr\/la-modelisation-du-processus-metier\/\"><span style=\"color: #3ecf8e; font-size: 20px; text-decoration: underline;\"><strong>La mod\u00e9lisation du processus m\u00e9tier et la validation du workflow <\/strong><\/span><\/a><span style=\"color: #3ecf8e; font-weight: bold;\">\u2192<\/span><\/p>\n<p>[\/et_pb_text][\/et_pb_column][\/et_pb_row][\/et_pb_section]<\/p>\n","protected":false},"excerpt":{"rendered":"<p>D\u00e9ployez une application m\u00e9tier fonctionnelle depuis le BPMUn des int\u00e9r\u00eats majeur du BPM (Business Process Management), outre la visualisation imm\u00e9diate du workflow, est de pouvoir l\u2019exporter facilement pour permettre sa consultation \u00e0 d\u2019autres personnes de l\u2019entreprise. Il peut \u00e9galement \u00eatre export\u00e9 techniquement pour pouvoir le r\u00e9implanter dans le syst\u00e8me d\u2019information \u00e0 tout moment. L\u2019autre avantage [&hellip;]<\/p>\n","protected":false},"author":3,"featured_media":0,"parent":0,"menu_order":0,"comment_status":"closed","ping_status":"closed","template":"","meta":{"_acf_changed":false,"_et_pb_use_builder":"on","_et_pb_old_content":"","_et_gb_content_width":"","content-type":"","inline_featured_image":false,"footnotes":""},"acf":[],"yoast_head":"<!-- This site is optimized with the Yoast SEO plugin v22.0 - https:\/\/yoast.com\/wordpress\/plugins\/seo\/ -->\n<title>Le d\u00e9ploiement d\u2019une application m\u00e9tier fonctionnelle | Axelor<\/title>\n<meta name=\"description\" content=\"Axelor vous d\u00e9livre les secrets d&#039;une application m\u00e9tier fonctionnelle bien d\u00e9ploy\u00e9e \u00e0 partir du BPM ! Venez le d\u00e9couvrir.\" \/>\n<meta name=\"robots\" content=\"index, follow, max-snippet:-1, max-image-preview:large, max-video-preview:-1\" \/>\n<link rel=\"canonical\" href=\"https:\/\/axelor.com\/fr\/le-deploiement-dune-application-metier-fonctionnelle\/\" \/>\n<meta property=\"og:locale\" content=\"fr_FR\" \/>\n<meta property=\"og:type\" content=\"article\" \/>\n<meta property=\"og:title\" content=\"Le d\u00e9ploiement d\u2019une application m\u00e9tier fonctionnelle | Axelor\" \/>\n<meta property=\"og:description\" content=\"Axelor vous d\u00e9livre les secrets d&#039;une application m\u00e9tier fonctionnelle bien d\u00e9ploy\u00e9e \u00e0 partir du BPM ! Venez le d\u00e9couvrir.\" \/>\n<meta property=\"og:url\" content=\"https:\/\/axelor.com\/fr\/le-deploiement-dune-application-metier-fonctionnelle\/\" \/>\n<meta property=\"og:site_name\" content=\"Axelor\" \/>\n<meta property=\"article:modified_time\" content=\"2023-09-06T13:52:43+00:00\" \/>\n<meta name=\"twitter:card\" content=\"summary_large_image\" \/>\n<meta name=\"twitter:label1\" content=\"Dur\u00e9e de lecture estim\u00e9e\" \/>\n\t<meta name=\"twitter:data1\" content=\"4 minutes\" \/>\n<script type=\"application\/ld+json\" class=\"yoast-schema-graph\">{\"@context\":\"https:\/\/schema.org\",\"@graph\":[{\"@type\":\"WebPage\",\"@id\":\"https:\/\/axelor.com\/fr\/le-deploiement-dune-application-metier-fonctionnelle\/\",\"url\":\"https:\/\/axelor.com\/fr\/le-deploiement-dune-application-metier-fonctionnelle\/\",\"name\":\"Le d\u00e9ploiement d\u2019une application m\u00e9tier fonctionnelle | Axelor\",\"isPartOf\":{\"@id\":\"https:\/\/axelor.com\/#website\"},\"datePublished\":\"2021-10-12T16:31:47+00:00\",\"dateModified\":\"2023-09-06T13:52:43+00:00\",\"description\":\"Axelor vous d\u00e9livre les secrets d'une application m\u00e9tier fonctionnelle bien d\u00e9ploy\u00e9e \u00e0 partir du BPM ! Venez le d\u00e9couvrir.\",\"breadcrumb\":{\"@id\":\"https:\/\/axelor.com\/fr\/le-deploiement-dune-application-metier-fonctionnelle\/#breadcrumb\"},\"inLanguage\":\"fr-FR\",\"potentialAction\":[{\"@type\":\"ReadAction\",\"target\":[\"https:\/\/axelor.com\/fr\/le-deploiement-dune-application-metier-fonctionnelle\/\"]}]},{\"@type\":\"BreadcrumbList\",\"@id\":\"https:\/\/axelor.com\/fr\/le-deploiement-dune-application-metier-fonctionnelle\/#breadcrumb\",\"itemListElement\":[{\"@type\":\"ListItem\",\"position\":1,\"name\":\"Accueil\",\"item\":\"https:\/\/axelor.com\/\"},{\"@type\":\"ListItem\",\"position\":2,\"name\":\"Le d\u00e9ploiement d\u2019une application m\u00e9tier fonctionnelle\"}]},{\"@type\":\"WebSite\",\"@id\":\"https:\/\/axelor.com\/#website\",\"url\":\"https:\/\/axelor.com\/\",\"name\":\"Axelor\",\"description\":\"ERP CRM BPM Open Source\",\"potentialAction\":[{\"@type\":\"SearchAction\",\"target\":{\"@type\":\"EntryPoint\",\"urlTemplate\":\"https:\/\/axelor.com\/?s={search_term_string}\"},\"query-input\":\"required name=search_term_string\"}],\"inLanguage\":\"fr-FR\"}]}<\/script>\n<!-- \/ Yoast SEO plugin. -->","yoast_head_json":{"title":"Le d\u00e9ploiement d\u2019une application m\u00e9tier fonctionnelle | Axelor","description":"Axelor vous d\u00e9livre les secrets d'une application m\u00e9tier fonctionnelle bien d\u00e9ploy\u00e9e \u00e0 partir du BPM ! Venez le d\u00e9couvrir.","robots":{"index":"index","follow":"follow","max-snippet":"max-snippet:-1","max-image-preview":"max-image-preview:large","max-video-preview":"max-video-preview:-1"},"canonical":"https:\/\/axelor.com\/fr\/le-deploiement-dune-application-metier-fonctionnelle\/","og_locale":"fr_FR","og_type":"article","og_title":"Le d\u00e9ploiement d\u2019une application m\u00e9tier fonctionnelle | Axelor","og_description":"Axelor vous d\u00e9livre les secrets d'une application m\u00e9tier fonctionnelle bien d\u00e9ploy\u00e9e \u00e0 partir du BPM ! Venez le d\u00e9couvrir.","og_url":"https:\/\/axelor.com\/fr\/le-deploiement-dune-application-metier-fonctionnelle\/","og_site_name":"Axelor","article_modified_time":"2023-09-06T13:52:43+00:00","twitter_card":"summary_large_image","twitter_misc":{"Dur\u00e9e de lecture estim\u00e9e":"4 minutes"},"schema":{"@context":"https:\/\/schema.org","@graph":[{"@type":"WebPage","@id":"https:\/\/axelor.com\/fr\/le-deploiement-dune-application-metier-fonctionnelle\/","url":"https:\/\/axelor.com\/fr\/le-deploiement-dune-application-metier-fonctionnelle\/","name":"Le d\u00e9ploiement d\u2019une application m\u00e9tier fonctionnelle | Axelor","isPartOf":{"@id":"https:\/\/axelor.com\/#website"},"datePublished":"2021-10-12T16:31:47+00:00","dateModified":"2023-09-06T13:52:43+00:00","description":"Axelor vous d\u00e9livre les secrets d'une application m\u00e9tier fonctionnelle bien d\u00e9ploy\u00e9e \u00e0 partir du BPM ! Venez le d\u00e9couvrir.","breadcrumb":{"@id":"https:\/\/axelor.com\/fr\/le-deploiement-dune-application-metier-fonctionnelle\/#breadcrumb"},"inLanguage":"fr-FR","potentialAction":[{"@type":"ReadAction","target":["https:\/\/axelor.com\/fr\/le-deploiement-dune-application-metier-fonctionnelle\/"]}]},{"@type":"BreadcrumbList","@id":"https:\/\/axelor.com\/fr\/le-deploiement-dune-application-metier-fonctionnelle\/#breadcrumb","itemListElement":[{"@type":"ListItem","position":1,"name":"Accueil","item":"https:\/\/axelor.com\/"},{"@type":"ListItem","position":2,"name":"Le d\u00e9ploiement d\u2019une application m\u00e9tier fonctionnelle"}]},{"@type":"WebSite","@id":"https:\/\/axelor.com\/#website","url":"https:\/\/axelor.com\/","name":"Axelor","description":"ERP CRM BPM Open Source","potentialAction":[{"@type":"SearchAction","target":{"@type":"EntryPoint","urlTemplate":"https:\/\/axelor.com\/?s={search_term_string}"},"query-input":"required name=search_term_string"}],"inLanguage":"fr-FR"}]}},"_links":{"self":[{"href":"https:\/\/axelor.com\/fr\/wp-json\/wp\/v2\/pages\/258974"}],"collection":[{"href":"https:\/\/axelor.com\/fr\/wp-json\/wp\/v2\/pages"}],"about":[{"href":"https:\/\/axelor.com\/fr\/wp-json\/wp\/v2\/types\/page"}],"author":[{"embeddable":true,"href":"https:\/\/axelor.com\/fr\/wp-json\/wp\/v2\/users\/3"}],"replies":[{"embeddable":true,"href":"https:\/\/axelor.com\/fr\/wp-json\/wp\/v2\/comments?post=258974"}],"version-history":[{"count":10,"href":"https:\/\/axelor.com\/fr\/wp-json\/wp\/v2\/pages\/258974\/revisions"}],"predecessor-version":[{"id":367791,"href":"https:\/\/axelor.com\/fr\/wp-json\/wp\/v2\/pages\/258974\/revisions\/367791"}],"wp:attachment":[{"href":"https:\/\/axelor.com\/fr\/wp-json\/wp\/v2\/media?parent=258974"}],"curies":[{"name":"wp","href":"https:\/\/api.w.org\/{rel}","templated":true}]}}