{"id":348618,"date":"2023-01-16T10:38:30","date_gmt":"2023-01-16T09:38:30","guid":{"rendered":"https:\/\/axelor.com\/?page_id=348618"},"modified":"2023-12-07T16:57:16","modified_gmt":"2023-12-07T15:57:16","slug":"roadmap","status":"publish","type":"page","link":"https:\/\/axelor.com\/fr\/roadmap\/","title":{"rendered":"D\u00e9couvrez la roadmap"},"content":{"rendered":"<p>[et_pb_section fb_built=&#8221;1&#8243; _builder_version=&#8221;4.16&#8243; _module_preset=&#8221;default&#8221; background_color=&#8221;#f3fcf8&#8243; custom_margin=&#8221;|15px||15px|false|true&#8221; border_radii=&#8221;on|15px|15px|15px|15px&#8221; global_colors_info=&#8221;{}&#8221;][et_pb_row _builder_version=&#8221;4.16&#8243; _module_preset=&#8221;default&#8221; global_colors_info=&#8221;{}&#8221;][et_pb_column type=&#8221;4_4&#8243; _builder_version=&#8221;4.16&#8243; _module_preset=&#8221;default&#8221; global_colors_info=&#8221;{}&#8221;][et_pb_text _builder_version=&#8221;4.16&#8243; _module_preset=&#8221;default&#8221; global_colors_info=&#8221;{}&#8221;]<\/p>\n<h1 style=\"text-align: center;\">Roadmap<\/h1>\n<p>[\/et_pb_text][\/et_pb_column][\/et_pb_row][\/et_pb_section][et_pb_section fb_built=&#8221;1&#8243; _builder_version=&#8221;4.16&#8243; _module_preset=&#8221;default&#8221; background_color=&#8221;RGBA(0,0,0,0)&#8221; transform_translate_linked=&#8221;off&#8221; custom_padding=&#8221;0px||0px|||&#8221; global_colors_info=&#8221;{}&#8221;][et_pb_row _builder_version=&#8221;4.16&#8243; _module_preset=&#8221;default&#8221; background_color=&#8221;#ffffff&#8221; transform_translate=&#8221;0px|-50%&#8221; transform_translate_linked=&#8221;off&#8221; custom_padding=&#8221;10px||10px||false|false&#8221; border_radii=&#8221;on|10px|10px|10px|10px&#8221; box_shadow_style=&#8221;preset3&#8243; box_shadow_vertical=&#8221;33px&#8221; box_shadow_blur=&#8221;33px&#8221; box_shadow_spread=&#8221;-22px&#8221; box_shadow_color=&#8221;rgba(50,50,93,0.05)&#8221; global_colors_info=&#8221;{}&#8221;][et_pb_column type=&#8221;4_4&#8243; _builder_version=&#8221;4.16&#8243; _module_preset=&#8221;default&#8221; global_colors_info=&#8221;{}&#8221;][et_pb_text _builder_version=&#8221;4.16&#8243; _module_preset=&#8221;default&#8221; global_colors_info=&#8221;{}&#8221;]<\/p>\n<p style=\"text-align: center; font-size: 20px !important;\">La roadmap ne constitue pas un engagement de la part d\u2019Axelor.<\/p>\n<p>[\/et_pb_text][\/et_pb_column][\/et_pb_row][\/et_pb_section][et_pb_section fb_built=&#8221;1&#8243; _builder_version=&#8221;4.16&#8243; _module_preset=&#8221;default&#8221; custom_padding=&#8221;0px|||||&#8221; global_colors_info=&#8221;{}&#8221;][et_pb_row _builder_version=&#8221;4.16&#8243; _module_preset=&#8221;default&#8221; global_colors_info=&#8221;{}&#8221;][et_pb_column type=&#8221;4_4&#8243; _builder_version=&#8221;4.16&#8243; _module_preset=&#8221;default&#8221; global_colors_info=&#8221;{}&#8221;][et_pb_text _builder_version=&#8221;4.16&#8243; _module_preset=&#8221;default&#8221; custom_margin=&#8221;||||false|false&#8221; custom_padding=&#8221;30px||||false|false&#8221; global_colors_info=&#8221;{}&#8221;]<\/p>\n<h2>\u00c9volutions techniques<\/h2>\n<p style=\"text-align: left;\">L\u2019interface de l\u2019application va \u00e9voluer visuellement et se moderniser en passant d\u2019Angular JS \u00e0 React, en offrant de nouvelles possibilit\u00e9s en termes d\u2019ergonomie et un design plus moderne.<\/p>\n<p>[\/et_pb_text][et_pb_text _builder_version=&#8221;4.16&#8243; _module_preset=&#8221;default&#8221; custom_margin=&#8221;||||false|false&#8221; custom_padding=&#8221;30px||||false|false&#8221; global_colors_info=&#8221;{}&#8221;]<\/p>\n<h2>\u00c9volutions fonctionnelles<\/h2>\n<p>[\/et_pb_text][et_pb_code _builder_version=&#8221;4.16&#8243; _module_preset=&#8221;default&#8221; global_colors_info=&#8221;{}&#8221;]<\/p>\n<div style=\"display:grid; grid-template-columns:50px 1fr;\"><!-- [et_pb_line_break_holder] -->  <\/p>\n<div style=\"display:flex;justify-content:center;flex-direction:column;align-items:center;margin-top:12px;height:calc(100% + 20px)\"><!-- [et_pb_line_break_holder] -->    <\/p>\n<div style=\"width:20px;height:20px;background-color:#d6f5e7;border-radius:10px;display:flex;justify-content:center;align-items:center;\">\n<div style=\"width:10px;height:10px;background-color:#3ecf8e;border-radius:5px\"><\/div>\n<\/div>\n<p><!-- [et_pb_line_break_holder] -->  \t<\/p>\n<div style=\"width:2px; height:100%; background-color:#dedeed;\"><\/div>\n<p><!-- [et_pb_line_break_holder] -->  <\/div>\n<p><!-- [et_pb_line_break_holder] -->  <\/p>\n<div><!-- [et_pb_line_break_holder] -->    <\/p>\n<div><!-- [et_pb_line_break_holder] -->      <\/p>\n<h3>Gestion des interventions : <span style=\"font-weight:300\">nouveau module de gestion des interventions : <\/span><\/h3>\n<p><!-- [et_pb_line_break_holder] -->      <\/p>\n<ul><!-- [et_pb_line_break_holder] -->        <!-- [et_pb_line_break_holder] -->        <\/p>\n<li>Gestion du parc client.<\/li>\n<p><!-- [et_pb_line_break_holder] -->        <\/p>\n<li>Planification et pr\u00e9paration des interventions.<\/li>\n<p><!-- [et_pb_line_break_holder] -->        <\/p>\n<li>Gestion des gammes d\u2019interventions.<\/li>\n<p><!-- [et_pb_line_break_holder] -->      <\/ul>\n<p><!-- [et_pb_line_break_holder] -->    <\/div>\n<p><!-- [et_pb_line_break_holder] -->  <\/div>\n<p><!-- [et_pb_line_break_holder] --><\/div>\n<p>[\/et_pb_code][et_pb_code _builder_version=&#8221;4.16&#8243; _module_preset=&#8221;default&#8221; custom_margin=&#8221;-10px||||false|false&#8221; global_colors_info=&#8221;{}&#8221;]<\/p>\n<div style=\"display:grid; grid-template-columns:50px 1fr;\"><!-- [et_pb_line_break_holder] -->  <\/p>\n<div style=\"display:flex;justify-content:center;flex-direction:column;align-items:center;margin-top:12px;height:calc(100% + 20px)\"><!-- [et_pb_line_break_holder] -->    <\/p>\n<div style=\"width:20px;height:20px;background-color:#d6f5e7;border-radius:10px;display:flex;justify-content:center;align-items:center;\">\n<div style=\"width:10px;height:10px;background-color:#3ecf8e;border-radius:5px\"><\/div>\n<\/div>\n<p><!-- [et_pb_line_break_holder] -->  \t<\/p>\n<div style=\"width:2px; height:100%; background-color:#dedeed;\"><\/div>\n<p><!-- [et_pb_line_break_holder] -->  <\/div>\n<p><!-- [et_pb_line_break_holder] -->  <\/p>\n<div><!-- [et_pb_line_break_holder] -->    <\/p>\n<div><!-- [et_pb_line_break_holder] -->      <\/p>\n<h3>Gestion de la tr\u00e9sorerie :<span style=\"font-weight:300\"> nouveau module de gestion de la tr\u00e9sorerie avanc\u00e9e : <\/span><\/h3>\n<p><!-- [et_pb_line_break_holder] -->      <\/p>\n<ul><!-- [et_pb_line_break_holder] -->        <\/p>\n<li>Mise en place d\u2019un plan de tr\u00e9sorerie \u00e0 moyen et long terme, se basant sur les donn\u00e9es financi\u00e8res r\u00e9elles de l\u2019ERP et des sc\u00e9narios pr\u00e9visionnels.<\/li>\n<p><!-- [et_pb_line_break_holder] -->        <\/p>\n<li>Possibilit\u00e9 de voir compte par compte, ou de synth\u00e9tiser le pr\u00e9visionnel de tr\u00e9sorerie global pour anticiper les besoins en financement et calculer le cashflow.<\/li>\n<p><!-- [et_pb_line_break_holder] -->        <\/p>\n<li>Comparatif entre le r\u00e9alis\u00e9 et le pr\u00e9visionnel en termes de cashflow entrant\/sortant.<\/li>\n<p><!-- [et_pb_line_break_holder] -->      <\/ul>\n<p><!-- [et_pb_line_break_holder] -->    <\/div>\n<p><!-- [et_pb_line_break_holder] -->  <\/div>\n<p><!-- [et_pb_line_break_holder] --><\/div>\n<p>[\/et_pb_code][et_pb_code _builder_version=&#8221;4.16&#8243; _module_preset=&#8221;default&#8221; custom_margin=&#8221;-10px||||false|false&#8221; global_colors_info=&#8221;{}&#8221;]<\/p>\n<div style=\"display:grid; grid-template-columns:50px 1fr;\"><!-- [et_pb_line_break_holder] -->  <\/p>\n<div style=\"display:flex;justify-content:center;flex-direction:column;align-items:center;margin-top:12px;height:calc(100% + 20px)\"><!-- [et_pb_line_break_holder] -->    <\/p>\n<div style=\"width:20px;height:20px;background-color:#d6f5e7;border-radius:10px;display:flex;justify-content:center;align-items:center;\">\n<div style=\"width:10px;height:10px;background-color:#3ecf8e;border-radius:5px\"><\/div>\n<\/div>\n<p><!-- [et_pb_line_break_holder] -->  \t<\/p>\n<div style=\"width:2px; height:100%; background-color:#dedeed;\"><\/div>\n<p><!-- [et_pb_line_break_holder] -->  <\/div>\n<p><!-- [et_pb_line_break_holder] -->  <\/p>\n<div><!-- [et_pb_line_break_holder] -->    <\/p>\n<div><!-- [et_pb_line_break_holder] -->      <\/p>\n<h3>Gestion des d\u00e9cimales en fonction des devises :<\/h3>\n<p><!-- [et_pb_line_break_holder] -->      <\/p>\n<ul><!-- [et_pb_line_break_holder] -->        <\/p>\n<li>Am\u00e9lioration de la gestion des d\u00e9cimales pour la gestion des devises afin de prendre en compte tous les cas particuliers \u00e0 l\u2019international.<\/li>\n<p><!-- [et_pb_line_break_holder] -->      <\/ul>\n<p><!-- [et_pb_line_break_holder] -->    <\/div>\n<p><!-- [et_pb_line_break_holder] -->  <\/div>\n<p><!-- [et_pb_line_break_holder] --><\/div>\n<p>[\/et_pb_code][et_pb_code _builder_version=&#8221;4.16&#8243; _module_preset=&#8221;default&#8221; custom_margin=&#8221;-10px||||false|false&#8221; global_colors_info=&#8221;{}&#8221;]<\/p>\n<div style=\"display:grid; grid-template-columns:50px 1fr;\"><!-- [et_pb_line_break_holder] -->  <\/p>\n<div style=\"display:flex;justify-content:center;flex-direction:column;align-items:center;margin-top:12px;height:calc(100% + 20px)\"><!-- [et_pb_line_break_holder] -->    <\/p>\n<div style=\"width:20px;height:20px;background-color:#d6f5e7;border-radius:10px;display:flex;justify-content:center;align-items:center;\">\n<div style=\"width:10px;height:10px;background-color:#3ecf8e;border-radius:5px\"><\/div>\n<\/div>\n<p><!-- [et_pb_line_break_holder] -->  \t<\/p>\n<div style=\"width:2px; height:100%; background-color:#dedeed;\"><\/div>\n<p><!-- [et_pb_line_break_holder] -->  <\/div>\n<p><!-- [et_pb_line_break_holder] -->  <\/p>\n<div><!-- [et_pb_line_break_holder] -->    <\/p>\n<div><!-- [et_pb_line_break_holder] -->      <\/p>\n<h3>Int\u00e9gration des LCR <span style=\"font-weight:300\">sur les campagnes de r\u00e8glements.<\/span><\/h3>\n<p><!-- [et_pb_line_break_holder] -->    <\/div>\n<p><!-- [et_pb_line_break_holder] -->  <\/div>\n<p><!-- [et_pb_line_break_holder] --><\/div>\n<p>[\/et_pb_code][et_pb_code _builder_version=&#8221;4.16&#8243; _module_preset=&#8221;default&#8221; custom_margin=&#8221;-10px||||false|false&#8221; global_colors_info=&#8221;{}&#8221;]<\/p>\n<div style=\"display:grid; grid-template-columns:50px 1fr;\"><!-- [et_pb_line_break_holder] -->  <\/p>\n<div style=\"display:flex;justify-content:center;flex-direction:column;align-items:center;margin-top:12px;height:calc(100% + 20px)\"><!-- [et_pb_line_break_holder] -->    <\/p>\n<div style=\"width:20px;height:20px;background-color:#d6f5e7;border-radius:10px;display:flex;justify-content:center;align-items:center;\">\n<div style=\"width:10px;height:10px;background-color:#3ecf8e;border-radius:5px\"><\/div>\n<\/div>\n<p><!-- [et_pb_line_break_holder] -->  \t<\/p>\n<div style=\"width:2px; height:100%; background-color:#dedeed;\"><\/div>\n<p><!-- [et_pb_line_break_holder] -->  <\/div>\n<p><!-- [et_pb_line_break_holder] -->  <\/p>\n<div><!-- [et_pb_line_break_holder] -->    <\/p>\n<div><!-- [et_pb_line_break_holder] -->      <\/p>\n<h3>Grille \u00e9ditable pour les devis\/commandes clients :<\/h3>\n<p><!-- [et_pb_line_break_holder] -->      <\/p>\n<ul><!-- [et_pb_line_break_holder] -->        <\/p>\n<li>Ajout d\u2019une saisie rapide des lignes de devis, directement depuis la grille.<\/li>\n<p><!-- [et_pb_line_break_holder] -->      <\/ul>\n<p><!-- [et_pb_line_break_holder] -->    <\/div>\n<p><!-- [et_pb_line_break_holder] -->  <\/div>\n<p><!-- [et_pb_line_break_holder] --><\/div>\n<p>[\/et_pb_code][et_pb_code _builder_version=&#8221;4.16&#8243; _module_preset=&#8221;default&#8221; custom_margin=&#8221;-10px||||false|false&#8221; global_colors_info=&#8221;{}&#8221;]<\/p>\n<div style=\"display:grid; grid-template-columns:50px 1fr;\"><!-- [et_pb_line_break_holder] -->  <\/p>\n<div style=\"display:flex;justify-content:center;flex-direction:column;align-items:center;margin-top:12px;height:calc(100% + 20px)\"><!-- [et_pb_line_break_holder] -->    <\/p>\n<div style=\"width:20px;height:20px;background-color:#d6f5e7;border-radius:10px;display:flex;justify-content:center;align-items:center;\">\n<div style=\"width:10px;height:10px;background-color:#3ecf8e;border-radius:5px\"><\/div>\n<\/div>\n<p><!-- [et_pb_line_break_holder] -->  \t<\/p>\n<div style=\"width:2px; height:100%; background-color:#dedeed;\"><\/div>\n<p><!-- [et_pb_line_break_holder] -->  <\/div>\n<p><!-- [et_pb_line_break_holder] -->  <\/p>\n<div><!-- [et_pb_line_break_holder] -->    <\/p>\n<div><!-- [et_pb_line_break_holder] -->      <\/p>\n<h3>Lecture des justificatifs de notes de frais par OCR :<\/h3>\n<p><!-- [et_pb_line_break_holder] -->      <\/p>\n<ul><!-- [et_pb_line_break_holder] -->        <\/p>\n<li>Ajout de la gestion de la reconnaissance des justificatifs de notes de frais par OCR dans le module Data Capture.<\/li>\n<p><!-- [et_pb_line_break_holder] -->      <\/ul>\n<p><!-- [et_pb_line_break_holder] -->    <\/div>\n<p><!-- [et_pb_line_break_holder] -->  <\/div>\n<p><!-- [et_pb_line_break_holder] --><\/div>\n<p>[\/et_pb_code][et_pb_code _builder_version=&#8221;4.16&#8243; _module_preset=&#8221;default&#8221; custom_margin=&#8221;-10px||||false|false&#8221; global_colors_info=&#8221;{}&#8221;]<\/p>\n<div style=\"display:grid; grid-template-columns:50px 1fr;\"><!-- [et_pb_line_break_holder] -->  <\/p>\n<div style=\"display:flex;justify-content:center;flex-direction:column;align-items:center;margin-top:12px;height:calc(100% + 20px)\"><!-- [et_pb_line_break_holder] -->    <\/p>\n<div style=\"width:20px;height:20px;background-color:#d6f5e7;border-radius:10px;display:flex;justify-content:center;align-items:center;\">\n<div style=\"width:10px;height:10px;background-color:#3ecf8e;border-radius:5px\"><\/div>\n<\/div>\n<p><!-- [et_pb_line_break_holder] -->  \t<\/p>\n<div style=\"width:2px; height:100%; background-color:#dedeed;\"><\/div>\n<p><!-- [et_pb_line_break_holder] -->  <\/div>\n<p><!-- [et_pb_line_break_holder] -->  <\/p>\n<div><!-- [et_pb_line_break_holder] -->    <\/p>\n<div><!-- [et_pb_line_break_holder] -->      <\/p>\n<h3>Gestion des formats d\u2019adresse par pays :<\/h3>\n<p><!-- [et_pb_line_break_holder] -->      <\/p>\n<ul><!-- [et_pb_line_break_holder] -->        <\/p>\n<li> Fonctionnalit\u00e9 permettant d\u2019avoir des formats d\u2019adresse diff\u00e9rents selon les pays.<\/li>\n<p><!-- [et_pb_line_break_holder] -->      <\/ul>\n<p><!-- [et_pb_line_break_holder] -->    <\/div>\n<p><!-- [et_pb_line_break_holder] -->  <\/div>\n<p><!-- [et_pb_line_break_holder] --><\/div>\n<p>[\/et_pb_code][et_pb_code _builder_version=&#8221;4.16&#8243; _module_preset=&#8221;default&#8221; custom_margin=&#8221;-10px||||false|false&#8221; global_colors_info=&#8221;{}&#8221;]<\/p>\n<div style=\"display:grid; grid-template-columns:50px 1fr;\"><!-- [et_pb_line_break_holder] -->  <\/p>\n<div style=\"display:flex;justify-content:center;flex-direction:column;align-items:center;margin-top:12px;height:calc(100% + 20px)\"><!-- [et_pb_line_break_holder] -->    <\/p>\n<div style=\"width:20px;height:20px;background-color:#d6f5e7;border-radius:10px;display:flex;justify-content:center;align-items:center;\">\n<div style=\"width:10px;height:10px;background-color:#3ecf8e;border-radius:5px\"><\/div>\n<\/div>\n<p><!-- [et_pb_line_break_holder] -->  \t<\/p>\n<div style=\"width:2px; height:100%; background-color:#dedeed;\"><\/div>\n<p><!-- [et_pb_line_break_holder] -->  <\/div>\n<p><!-- [et_pb_line_break_holder] -->  <\/p>\n<div><!-- [et_pb_line_break_holder] -->    <\/p>\n<div><!-- [et_pb_line_break_holder] -->      <\/p>\n<h3>Am\u00e9lioration des bar\u00e8mes :<\/h3>\n<p><!-- [et_pb_line_break_holder] -->      <\/p>\n<ul><!-- [et_pb_line_break_holder] -->        <\/p>\n<li>G\u00e9n\u00e9ralisation \u00e0 l\u2019ensemble des objets et support des champs Entier, Text, M2O.<!-- [et_pb_line_break_holder] --><\/li>\n<p><!-- [et_pb_line_break_holder] -->      <\/ul>\n<p><!-- [et_pb_line_break_holder] -->    <\/div>\n<p><!-- [et_pb_line_break_holder] -->  <\/div>\n<p><!-- [et_pb_line_break_holder] --><\/div>\n<p>[\/et_pb_code][et_pb_code _builder_version=&#8221;4.23.1&#8243; _module_preset=&#8221;default&#8221; custom_margin=&#8221;-10px||||false|false&#8221; hover_enabled=&#8221;0&#8243; global_colors_info=&#8221;{}&#8221; sticky_enabled=&#8221;0&#8243;]<\/p>\n<div style=\"display:grid; grid-template-columns:50px 1fr;\"><!-- [et_pb_line_break_holder] -->  <\/p>\n<div style=\"display:flex;justify-content:center;flex-direction:column;align-items:center;margin-top:12px;height:calc(100% + 20px)\"><!-- [et_pb_line_break_holder] -->    <\/p>\n<div style=\"width:20px;height:20px;background-color:#d6f5e7;border-radius:10px;display:flex;justify-content:center;align-items:center;\">\n<div style=\"width:10px;height:10px;background-color:#3ecf8e;border-radius:5px\"><\/div>\n<\/div>\n<p><!-- [et_pb_line_break_holder] -->  \t<\/p>\n<div style=\"width:2px; height:100%; background-color:#dedeed;\"><\/div>\n<p><!-- [et_pb_line_break_holder] -->  <\/div>\n<p><!-- [et_pb_line_break_holder] -->  <\/p>\n<div><!-- [et_pb_line_break_holder] -->    <\/p>\n<div><!-- [et_pb_line_break_holder] -->      <\/p>\n<h3>Am\u00e9liorations g\u00e9n\u00e9rales :<\/h3>\n<p><!-- [et_pb_line_break_holder] -->      <\/p>\n<ul><!-- [et_pb_line_break_holder] -->        <\/p>\n<li>La version 8.1 inclura \u00e9galement de nombreuses am\u00e9liorations sur divers processus comme la fusion de devis, la gestion des mod\u00e8les de devis, les demandes d\u2019achat\u2026etc.<!-- [et_pb_line_break_holder] --><!-- [et_pb_line_break_holder] --><\/li>\n<p><!-- [et_pb_line_break_holder] -->      <\/ul>\n<p><!-- [et_pb_line_break_holder] -->    <\/div>\n<p><!-- [et_pb_line_break_holder] -->  <\/div>\n<p><!-- [et_pb_line_break_holder] --><\/div>\n<p>[\/et_pb_code][\/et_pb_column][\/et_pb_row][\/et_pb_section]<\/p>\n","protected":false},"excerpt":{"rendered":"<p>RoadmapLa roadmap ne constitue pas un engagement de la part d\u2019Axelor.\u00c9volutions techniques L\u2019interface de l\u2019application va \u00e9voluer visuellement et se moderniser en passant d\u2019Angular JS \u00e0 React, en offrant de nouvelles possibilit\u00e9s en termes d\u2019ergonomie et un design plus moderne.\u00c9volutions fonctionnelles<\/p>\n","protected":false},"author":3,"featured_media":0,"parent":0,"menu_order":0,"comment_status":"closed","ping_status":"closed","template":"","meta":{"_acf_changed":false,"_et_pb_use_builder":"on","_et_pb_old_content":"","_et_gb_content_width":"","content-type":"","inline_featured_image":false,"footnotes":""},"acf":[],"yoast_head":"<!-- This site is optimized with the Yoast SEO plugin v22.0 - https:\/\/yoast.com\/wordpress\/plugins\/seo\/ -->\n<title>D\u00e9couvrez la roadmap | Axelor<\/title>\n<meta name=\"description\" content=\"D\u00e9couvrez la roadmap des nouvelles versions de la solution Axelor et restez inform\u00e9s sur les derni\u00e8res avanc\u00e9es et am\u00e9liorations de nos produits.\" \/>\n<meta name=\"robots\" content=\"noindex, nofollow\" \/>\n<meta property=\"og:locale\" content=\"fr_FR\" \/>\n<meta property=\"og:type\" content=\"article\" \/>\n<meta property=\"og:title\" content=\"D\u00e9couvrez la roadmap | Axelor\" \/>\n<meta property=\"og:description\" content=\"D\u00e9couvrez la roadmap des nouvelles versions de la solution Axelor et restez inform\u00e9s sur les derni\u00e8res avanc\u00e9es et am\u00e9liorations de nos produits.\" \/>\n<meta property=\"og:url\" content=\"https:\/\/axelor.com\/roadmap\/\" \/>\n<meta property=\"og:site_name\" content=\"Axelor\" \/>\n<meta property=\"article:modified_time\" content=\"2023-12-07T15:57:16+00:00\" \/>\n<meta name=\"twitter:card\" content=\"summary_large_image\" \/>\n<meta name=\"twitter:label1\" content=\"Dur\u00e9e de lecture estim\u00e9e\" \/>\n\t<meta name=\"twitter:data1\" content=\"4 minutes\" \/>\n<script type=\"application\/ld+json\" class=\"yoast-schema-graph\">{\"@context\":\"https:\/\/schema.org\",\"@graph\":[{\"@type\":\"WebPage\",\"@id\":\"https:\/\/axelor.com\/roadmap\/\",\"url\":\"https:\/\/axelor.com\/roadmap\/\",\"name\":\"D\u00e9couvrez la roadmap | Axelor\",\"isPartOf\":{\"@id\":\"https:\/\/axelor.com\/#website\"},\"datePublished\":\"2023-01-16T09:38:30+00:00\",\"dateModified\":\"2023-12-07T15:57:16+00:00\",\"description\":\"D\u00e9couvrez la roadmap des nouvelles versions de la solution Axelor et restez inform\u00e9s sur les derni\u00e8res avanc\u00e9es et am\u00e9liorations de nos produits.\",\"breadcrumb\":{\"@id\":\"https:\/\/axelor.com\/roadmap\/#breadcrumb\"},\"inLanguage\":\"fr-FR\",\"potentialAction\":[{\"@type\":\"ReadAction\",\"target\":[\"https:\/\/axelor.com\/roadmap\/\"]}]},{\"@type\":\"BreadcrumbList\",\"@id\":\"https:\/\/axelor.com\/roadmap\/#breadcrumb\",\"itemListElement\":[{\"@type\":\"ListItem\",\"position\":1,\"name\":\"Accueil\",\"item\":\"https:\/\/axelor.com\/\"},{\"@type\":\"ListItem\",\"position\":2,\"name\":\"D\u00e9couvrez la roadmap\"}]},{\"@type\":\"WebSite\",\"@id\":\"https:\/\/axelor.com\/#website\",\"url\":\"https:\/\/axelor.com\/\",\"name\":\"Axelor\",\"description\":\"ERP CRM BPM Open Source\",\"potentialAction\":[{\"@type\":\"SearchAction\",\"target\":{\"@type\":\"EntryPoint\",\"urlTemplate\":\"https:\/\/axelor.com\/?s={search_term_string}\"},\"query-input\":\"required name=search_term_string\"}],\"inLanguage\":\"fr-FR\"}]}<\/script>\n<!-- \/ Yoast SEO plugin. -->","yoast_head_json":{"title":"D\u00e9couvrez la roadmap | Axelor","description":"D\u00e9couvrez la roadmap des nouvelles versions de la solution Axelor et restez inform\u00e9s sur les derni\u00e8res avanc\u00e9es et am\u00e9liorations de nos produits.","robots":{"index":"noindex","follow":"nofollow"},"og_locale":"fr_FR","og_type":"article","og_title":"D\u00e9couvrez la roadmap | Axelor","og_description":"D\u00e9couvrez la roadmap des nouvelles versions de la solution Axelor et restez inform\u00e9s sur les derni\u00e8res avanc\u00e9es et am\u00e9liorations de nos produits.","og_url":"https:\/\/axelor.com\/roadmap\/","og_site_name":"Axelor","article_modified_time":"2023-12-07T15:57:16+00:00","twitter_card":"summary_large_image","twitter_misc":{"Dur\u00e9e de lecture estim\u00e9e":"4 minutes"},"schema":{"@context":"https:\/\/schema.org","@graph":[{"@type":"WebPage","@id":"https:\/\/axelor.com\/roadmap\/","url":"https:\/\/axelor.com\/roadmap\/","name":"D\u00e9couvrez la roadmap | Axelor","isPartOf":{"@id":"https:\/\/axelor.com\/#website"},"datePublished":"2023-01-16T09:38:30+00:00","dateModified":"2023-12-07T15:57:16+00:00","description":"D\u00e9couvrez la roadmap des nouvelles versions de la solution Axelor et restez inform\u00e9s sur les derni\u00e8res avanc\u00e9es et am\u00e9liorations de nos produits.","breadcrumb":{"@id":"https:\/\/axelor.com\/roadmap\/#breadcrumb"},"inLanguage":"fr-FR","potentialAction":[{"@type":"ReadAction","target":["https:\/\/axelor.com\/roadmap\/"]}]},{"@type":"BreadcrumbList","@id":"https:\/\/axelor.com\/roadmap\/#breadcrumb","itemListElement":[{"@type":"ListItem","position":1,"name":"Accueil","item":"https:\/\/axelor.com\/"},{"@type":"ListItem","position":2,"name":"D\u00e9couvrez la roadmap"}]},{"@type":"WebSite","@id":"https:\/\/axelor.com\/#website","url":"https:\/\/axelor.com\/","name":"Axelor","description":"ERP CRM BPM Open Source","potentialAction":[{"@type":"SearchAction","target":{"@type":"EntryPoint","urlTemplate":"https:\/\/axelor.com\/?s={search_term_string}"},"query-input":"required name=search_term_string"}],"inLanguage":"fr-FR"}]}},"_links":{"self":[{"href":"https:\/\/axelor.com\/fr\/wp-json\/wp\/v2\/pages\/348618"}],"collection":[{"href":"https:\/\/axelor.com\/fr\/wp-json\/wp\/v2\/pages"}],"about":[{"href":"https:\/\/axelor.com\/fr\/wp-json\/wp\/v2\/types\/page"}],"author":[{"embeddable":true,"href":"https:\/\/axelor.com\/fr\/wp-json\/wp\/v2\/users\/3"}],"replies":[{"embeddable":true,"href":"https:\/\/axelor.com\/fr\/wp-json\/wp\/v2\/comments?post=348618"}],"version-history":[{"count":29,"href":"https:\/\/axelor.com\/fr\/wp-json\/wp\/v2\/pages\/348618\/revisions"}],"predecessor-version":[{"id":371441,"href":"https:\/\/axelor.com\/fr\/wp-json\/wp\/v2\/pages\/348618\/revisions\/371441"}],"wp:attachment":[{"href":"https:\/\/axelor.com\/fr\/wp-json\/wp\/v2\/media?parent=348618"}],"curies":[{"name":"wp","href":"https:\/\/api.w.org\/{rel}","templated":true}]}}