{"id":354364,"date":"2023-03-27T17:31:37","date_gmt":"2023-03-27T15:31:37","guid":{"rendered":"https:\/\/axelor.com\/?page_id=354364"},"modified":"2024-12-02T12:15:24","modified_gmt":"2024-12-02T11:15:24","slug":"studio","status":"publish","type":"page","link":"https:\/\/axelor.com\/fr\/studio\/","title":{"rendered":"Studio"},"content":{"rendered":"<p>[et_pb_section fb_built=&#8221;1&#8243; module_class=&#8221;dark&#8221; _builder_version=&#8221;4.23.1&#8243; _module_preset=&#8221;default&#8221; use_background_color_gradient=&#8221;on&#8221; background_color_gradient_direction=&#8221;20deg&#8221; background_color_gradient_stops=&#8221;#0d021e 0%|#010177 100%&#8221; background_color_gradient_start=&#8221;#0d021e&#8221; background_color_gradient_end=&#8221;#010177&#8243; background_image=&#8221;https:\/\/axelor.com\/wp-content\/uploads\/2023\/03\/header_careers.png&#8221; background_repeat=&#8221;repeat&#8221; custom_margin=&#8221;||||false|false&#8221; custom_padding=&#8221;0px||0px||true|false&#8221; locked=&#8221;off&#8221; global_colors_info=&#8221;{}&#8221;][et_pb_row column_structure=&#8221;3_5,2_5&#8243; _builder_version=&#8221;4.16&#8243; _module_preset=&#8221;default&#8221; width=&#8221;90%&#8221; max_width=&#8221;1380px&#8221; custom_margin=&#8221;0px||0px||true|false&#8221; custom_padding=&#8221;100px|0px|100px|0px|true|false&#8221; global_colors_info=&#8221;{}&#8221;][et_pb_column type=&#8221;3_5&#8243; _builder_version=&#8221;4.16&#8243; _module_preset=&#8221;default&#8221; global_colors_info=&#8221;{}&#8221;][et_pb_text module_class=&#8221;back-title&#8221; _builder_version=&#8221;4.23.1&#8243; _module_preset=&#8221;default&#8221; header_font_size=&#8221;16px&#8221; custom_margin=&#8221;||0px||false|false&#8221; global_colors_info=&#8221;{}&#8221;]<\/p>\n<p style=\"text-align: left;\">Studio<\/p>\n<p>[\/et_pb_text][et_pb_text _builder_version=&#8221;4.23.1&#8243; _module_preset=&#8221;default&#8221; custom_margin=&#8221;||0px||false|false&#8221; global_colors_info=&#8221;{}&#8221;]<\/p>\n<h1 style=\"text-align: left;\">Cr\u00e9ez et personnalisez facilement vos applications sans aucun code<\/h1>\n<p>[\/et_pb_text][\/et_pb_column][et_pb_column type=&#8221;2_5&#8243; _builder_version=&#8221;4.16&#8243; _module_preset=&#8221;default&#8221; global_colors_info=&#8221;{}&#8221;][\/et_pb_column][\/et_pb_row][\/et_pb_section][et_pb_section fb_built=&#8221;1&#8243; _builder_version=&#8221;4.16&#8243; _module_preset=&#8221;default&#8221; global_colors_info=&#8221;{}&#8221;][et_pb_row column_structure=&#8221;3_5,2_5&#8243; module_class=&#8221;ver-center&#8221; _builder_version=&#8221;4.16&#8243; _module_preset=&#8221;default&#8221; width=&#8221;90%&#8221; max_width=&#8221;1380px&#8221; custom_padding=&#8221;0px||||false|false&#8221; global_colors_info=&#8221;{}&#8221;][et_pb_column type=&#8221;3_5&#8243; _builder_version=&#8221;4.16&#8243; _module_preset=&#8221;default&#8221; global_colors_info=&#8221;{}&#8221;][et_pb_text content_last_edited=&#8221;off|desktop&#8221; _builder_version=&#8221;4.23.1&#8243; _module_preset=&#8221;default&#8221; header_2_font_size_tablet=&#8221;28px&#8221; header_2_font_size_phone=&#8221;24px&#8221; header_2_font_size_last_edited=&#8221;on|phone&#8221; global_colors_info=&#8221;{}&#8221;]<\/p>\n<h2>Construisez graphiquement vos applications m\u00e9tiers et formulaires avec de simples glisser-d\u00e9poser<\/h2>\n<p>[\/et_pb_text][et_pb_text _builder_version=&#8221;4.16&#8243; _module_preset=&#8221;default&#8221; global_colors_info=&#8221;{}&#8221;]<\/p>\n<p style=\"text-align: left;\">Le studio permet de cr\u00e9er des formulaires, des objets m\u00e9tiers et des menus \u00e0 travers une interface graphique simple et intuitive.<br \/><strong>Aucune comp\u00e9tence en d\u00e9veloppement n\u2019est n\u00e9cessaire<\/strong>, il suffit de glisser-d\u00e9poser des composants sur un formulaire et de d\u00e9finir leurs attributs.<\/p>\n<p style=\"text-align: left;\"><strong>Vous avez besoin de mettre en place rapidement un nouveau processus en interne ?<\/strong><br \/>Cr\u00e9ez imm\u00e9diatement un nouveau formulaire avec le studio, et mod\u00e9lisez le <a href=\"https:\/\/axelor.com\/fr\/workflow\/\">workflow<\/a> associ\u00e9 avec le BPM int\u00e9gr\u00e9. Vous \u00e9liminez les d\u00e9veloppements sp\u00e9cifiques et les temps de d\u00e9veloppement en \u00e9tant r\u00e9actif sur vos \u00e9volutions.<\/p>\n<p>[\/et_pb_text][\/et_pb_column][et_pb_column type=&#8221;2_5&#8243; _builder_version=&#8221;4.16&#8243; _module_preset=&#8221;default&#8221; global_colors_info=&#8221;{}&#8221;][et_pb_image src=&#8221;https:\/\/axelor.com\/wp-content\/uploads\/2022\/12\/hybrid-white.jpg&#8221; alt=&#8221;Progiciel de Gestion Int\u00e9gr\u00e9 &#8211; Gestion de la relation client&#8221; title_text=&#8221;hybrid white&#8221; _builder_version=&#8221;4.16&#8243; _module_preset=&#8221;default&#8221; global_colors_info=&#8221;{}&#8221;][\/et_pb_image][\/et_pb_column][\/et_pb_row][\/et_pb_section][et_pb_section fb_built=&#8221;1&#8243; _builder_version=&#8221;4.16&#8243; _module_preset=&#8221;default&#8221; background_color=&#8221;#fbfbff&#8221; global_colors_info=&#8221;{}&#8221;][et_pb_row module_class=&#8221;ver-center&#8221; _builder_version=&#8221;4.16&#8243; _module_preset=&#8221;default&#8221; width=&#8221;90%&#8221; max_width=&#8221;1380px&#8221; custom_padding=&#8221;0px||0px||false|false&#8221; global_colors_info=&#8221;{}&#8221;][et_pb_column type=&#8221;4_4&#8243; _builder_version=&#8221;4.16&#8243; _module_preset=&#8221;default&#8221; global_colors_info=&#8221;{}&#8221;][et_pb_text _builder_version=&#8221;4.23.1&#8243; _module_preset=&#8221;default&#8221; header_2_font_size_tablet=&#8221;30px&#8221; header_2_font_size_phone=&#8221;24px&#8221; header_2_font_size_last_edited=&#8221;off|desktop&#8221; global_colors_info=&#8221;{}&#8221;]<\/p>\n<h2>Modifiez facilement vos applications m\u00e9tiers<\/h2>\n<p>[\/et_pb_text][\/et_pb_column][\/et_pb_row][et_pb_row column_structure=&#8221;1_2,1_2&#8243; module_class=&#8221;ver-center invert&#8221; _builder_version=&#8221;4.16&#8243; _module_preset=&#8221;default&#8221; width=&#8221;90%&#8221; max_width=&#8221;1380px&#8221; custom_padding=&#8221;0px||||false|false&#8221; global_colors_info=&#8221;{}&#8221;][et_pb_column type=&#8221;1_2&#8243; _builder_version=&#8221;4.16&#8243; _module_preset=&#8221;default&#8221; global_colors_info=&#8221;{}&#8221;][et_pb_code _builder_version=&#8221;4.16&#8243; _module_preset=&#8221;default&#8221; hover_enabled=&#8221;0&#8243; global_colors_info=&#8221;{}&#8221; sticky_enabled=&#8221;0&#8243;]<iframe loading=\"lazy\" style=\"border-radius:10px\" width=\"560\" height=\"315\" src=\"https:\/\/www.youtube.com\/embed\/WQeveheadCE?si=cFpuOBFrT1k3nuFi\" title=\"YouTube video player\" frameborder=\"0\" allow=\"accelerometer; autoplay; clipboard-write; encrypted-media; gyroscope; picture-in-picture; web-share\" allowfullscreen><\/iframe>[\/et_pb_code][\/et_pb_column][et_pb_column type=&#8221;1_2&#8243; _builder_version=&#8221;4.16&#8243; _module_preset=&#8221;default&#8221; global_colors_info=&#8221;{}&#8221;][et_pb_text _builder_version=&#8221;4.16&#8243; _module_preset=&#8221;default&#8221; custom_margin_tablet=&#8221;&#8221; custom_margin_phone=&#8221;||30px||false|false&#8221; custom_margin_last_edited=&#8221;on|phone&#8221; global_colors_info=&#8221;{}&#8221;]<\/p>\n<p style=\"text-align: left;\">Int\u00e9gr\u00e9 aux applications m\u00e9tiers d\u2019Axelor, le studio offre la possibilit\u00e9 de personnaliser les formulaires existants en ajoutant des champs, boutons et panels.<br \/>Vous pouvez changer les noms des champs, les rendre obligatoires, les cacher, ajouter de l\u2019aide pour les utilisateurs\u2026etc.<\/p>\n<p style=\"text-align: left;\"><strong>Vous pouvez personnaliser toutes les fiches de l\u2019ERP sans aucun code.<\/strong><br \/>Vous avez besoin dans le cadre de vos activit\u00e9s d\u2019enregistrer des informations sp\u00e9cifiques sur les fiches de vos clients ? Ajoutez de nouveaux champs en quelques clics avec le Studio.<\/p>\n<p style=\"text-align: left;\">Vous \u00eates enti\u00e8rement libre, ajoutez en temps r\u00e9el de nouveaux champs sans avoir besoin de faire appel \u00e0 des d\u00e9veloppeurs et du code sp\u00e9cifique.<\/p>\n<p>[\/et_pb_text][\/et_pb_column][\/et_pb_row][et_pb_row _builder_version=&#8221;4.16&#8243; _module_preset=&#8221;default&#8221; width=&#8221;90%&#8221; max_width=&#8221;1380px&#8221; global_colors_info=&#8221;{}&#8221;][et_pb_column type=&#8221;4_4&#8243; _builder_version=&#8221;4.16&#8243; _module_preset=&#8221;default&#8221; global_colors_info=&#8221;{}&#8221;][et_pb_code _builder_version=&#8221;4.23.1&#8243; _module_preset=&#8221;default&#8221; locked=&#8221;off&#8221; global_colors_info=&#8221;{}&#8221;]<\/p>\n<style><!-- [et_pb_line_break_holder] -->  .grid{<!-- [et_pb_line_break_holder] -->    display:grid;<!-- [et_pb_line_break_holder] -->    grid-template-columns: 1fr 1fr 1fr;<!-- [et_pb_line_break_holder] -->    grid-gap:10px;<!-- [et_pb_line_break_holder] -->  }<!-- [et_pb_line_break_holder] -->  @media (max-width: 769px){<!-- [et_pb_line_break_holder] -->    .grid{grid-template-columns: 1fr 1fr;}<!-- [et_pb_line_break_holder] -->  }<!-- [et_pb_line_break_holder] -->  @media (max-width: 530px){<!-- [et_pb_line_break_holder] -->    .grid{grid-template-columns: 1fr;}<!-- [et_pb_line_break_holder] -->  }<!-- [et_pb_line_break_holder] -->  .grid article{<!-- [et_pb_line_break_holder] -->    background-color:#ffffff;<!-- [et_pb_line_break_holder] -->    padding: 30px 30px;<!-- [et_pb_line_break_holder] -->    border-radius:10px;<!-- [et_pb_line_break_holder] -->  }<!-- [et_pb_line_break_holder] -->  .grid article p{<!-- [et_pb_line_break_holder] -->    margin-top:0;<!-- [et_pb_line_break_holder] -->    margin-bottom:0;<!-- [et_pb_line_break_holder] -->  }<!-- [et_pb_line_break_holder] -->  .grid article h3{<!-- [et_pb_line_break_holder] -->    font-size:18px !important;<!-- [et_pb_line_break_holder] -->    letter-spacing:0.2px;<!-- [et_pb_line_break_holder] -->  }<!-- [et_pb_line_break_holder] -->  .grid i{<!-- [et_pb_line_break_holder] -->    filter: invert(64%) sepia(61%) saturate(429%) hue-rotate(101deg) brightness(96%) contrast(89%);<!-- [et_pb_line_break_holder] -->    font-size:40px;<!-- [et_pb_line_break_holder] -->    margin-bottom:20px;<!-- [et_pb_line_break_holder] -->  }<!-- [et_pb_line_break_holder] --><\/style>\n<p><!-- [et_pb_line_break_holder] --><\/p>\n<div class=\"grid\"><!-- [et_pb_line_break_holder] -->  <\/p>\n<article><!-- [et_pb_line_break_holder] -->    <i class=\"material-icons-two-tone\">dashboard_customize<\/i><!-- [et_pb_line_break_holder] -->    <\/p>\n<h3>Cr\u00e9ation de formulaires<\/h3>\n<p><!-- [et_pb_line_break_holder] -->    <pee>Ajoutez via glisser-d\u00e9poser des champs simples, des champs relationnels, des bool\u00e9ens, des boutons d\u2019action, des onglets, des panels.<\/pee><!-- [et_pb_line_break_holder] -->  <\/article>\n<p><!-- [et_pb_line_break_holder] -->  <\/p>\n<article><!-- [et_pb_line_break_holder] -->    <i class=\"material-icons-two-tone\">tune<\/i><!-- [et_pb_line_break_holder] -->    <\/p>\n<h3>Personnalisation des champs<\/h3>\n<p><!-- [et_pb_line_break_holder] -->    <pee>Cr\u00e9ez des titres, des s\u00e9lections de valeurs, d\u00e9finissez des valeurs par d\u00e9faut et des messages d\u2019aide pour les utilisateurs, g\u00e9rez les permissions sur vos champs et formulaires.<\/pee><!-- [et_pb_line_break_holder] -->  <\/article>\n<p><!-- [et_pb_line_break_holder] -->  <\/p>\n<article><!-- [et_pb_line_break_holder] -->    <i class=\"material-icons-two-tone\">display_settings<\/i><!-- [et_pb_line_break_holder] -->    <\/p>\n<h3>D\u00e9finition des conditions<\/h3>\n<p><!-- [et_pb_line_break_holder] -->    <pee>Personnalisez les conditions d\u2019affichage en indiquant si un champ est requis, cach\u00e9, en lecture seule, conditionn\u00e9 \u00e0 une autre information etc&#8230;<\/pee><!-- [et_pb_line_break_holder] -->  <\/article>\n<p><!-- [et_pb_line_break_holder] -->  <\/p>\n<article><!-- [et_pb_line_break_holder] -->    <i class=\"material-icons-two-tone\">touch_app<\/i><!-- [et_pb_line_break_holder] -->    <\/p>\n<h3>D\u00e9clenchez des actions<\/h3>\n<p><!-- [et_pb_line_break_holder] -->    <pee>D\u00e9clenchez des actions : Ajoutez des boutons d\u2019action pour d\u00e9clencher un traitement, l\u2019envoi d\u2019un email, l\u2019ouverture d\u2019une fiche etc&#8230;<\/pee><!-- [et_pb_line_break_holder] -->  <\/article>\n<p><!-- [et_pb_line_break_holder] -->  <\/p>\n<article><!-- [et_pb_line_break_holder] -->    <i class=\"material-icons-two-tone\">widgets<\/i><!-- [et_pb_line_break_holder] -->    <\/p>\n<h3>Modification de formulaire<\/h3>\n<p><!-- [et_pb_line_break_holder] -->    <pee>Modifiez tous les formulaires existants du <a href=\"https:\/\/axelor.com\/fr\/logiciel-erp-open-source-quest-ce-que-cest\/\">logiciel ERP<\/a> en ajoutant de nouveaux champs et en modifiant ceux existants.<\/pee><!-- [et_pb_line_break_holder] -->  <\/article>\n<p><!-- [et_pb_line_break_holder] -->  <\/p>\n<article><!-- [et_pb_line_break_holder] -->    <i class=\"material-icons-two-tone\">handyman<\/i><!-- [et_pb_line_break_holder] -->    <\/p>\n<h3>Construction d\u2019application<\/h3>\n<p><!-- [et_pb_line_break_holder] -->    <pee>Avec le BPM et le Studio, devenez autonomes dans la cr\u00e9ation de vos apps, entr\u00e9es de menus, objets m\u00e9tiers et processus.<\/pee><!-- [et_pb_line_break_holder] -->  <\/article>\n<p><!-- [et_pb_line_break_holder] --><\/div>\n<p>[\/et_pb_code][et_pb_code _builder_version=&#8221;4.16&#8243; _module_preset=&#8221;default&#8221; global_colors_info=&#8221;{}&#8221;]<\/p>\n<div class=\"voir-plus-divider\"><!-- [et_pb_line_break_holder] -->  <\/p>\n<div class=\"divider\"><\/div>\n<p><!-- [et_pb_line_break_holder] -->  <a href=\"https:\/\/axelor.com\/fr\/quest-ce-que-le-bpm\/\" class=\"button second icone\"><pee>En savoir plus sur le Business Process Management <i class=\"material-icons-two-tone\">keyboard_return<\/i><\/pee><\/a><!-- [et_pb_line_break_holder] --><\/div>\n<p>[\/et_pb_code][\/et_pb_column][\/et_pb_row][\/et_pb_section]<\/p>\n","protected":false},"excerpt":{"rendered":"<p>StudioCr\u00e9ez et personnalisez facilement vos applications sans aucun codeConstruisez graphiquement vos applications m\u00e9tiers et formulaires avec de simples glisser-d\u00e9poserLe studio permet de cr\u00e9er des formulaires, des objets m\u00e9tiers et des menus \u00e0 travers une interface graphique simple et intuitive.Aucune comp\u00e9tence en d\u00e9veloppement n\u2019est n\u00e9cessaire, il suffit de glisser-d\u00e9poser des composants sur un formulaire et de [&hellip;]<\/p>\n","protected":false},"author":3,"featured_media":0,"parent":0,"menu_order":0,"comment_status":"closed","ping_status":"closed","template":"","meta":{"_acf_changed":false,"_et_pb_use_builder":"on","_et_pb_old_content":"","_et_gb_content_width":"","content-type":"","inline_featured_image":false,"footnotes":""},"acf":[],"yoast_head":"<!-- This site is optimized with the Yoast SEO plugin v22.0 - https:\/\/yoast.com\/wordpress\/plugins\/seo\/ -->\n<title>Studio | Axelor<\/title>\n<meta name=\"description\" content=\"Axelor Studio : cr\u00e9ez et personnalisez vos applications m\u00e9tier sans coder. Modifiez formulaires, workflows et champs en quelques clics.\" \/>\n<meta name=\"robots\" content=\"index, follow, max-snippet:-1, max-image-preview:large, max-video-preview:-1\" \/>\n<link rel=\"canonical\" href=\"https:\/\/axelor.com\/fr\/studio\/\" \/>\n<meta property=\"og:locale\" content=\"fr_FR\" \/>\n<meta property=\"og:type\" content=\"article\" \/>\n<meta property=\"og:title\" content=\"Studio | Axelor\" \/>\n<meta property=\"og:description\" content=\"Axelor Studio : cr\u00e9ez et personnalisez vos applications m\u00e9tier sans coder. Modifiez formulaires, workflows et champs en quelques clics.\" \/>\n<meta property=\"og:url\" content=\"https:\/\/axelor.com\/fr\/studio\/\" \/>\n<meta property=\"og:site_name\" content=\"Axelor\" \/>\n<meta property=\"article:modified_time\" content=\"2024-12-02T11:15:24+00:00\" \/>\n<meta name=\"twitter:card\" content=\"summary_large_image\" \/>\n<meta name=\"twitter:label1\" content=\"Dur\u00e9e de lecture estim\u00e9e\" \/>\n\t<meta name=\"twitter:data1\" content=\"3 minutes\" \/>\n<script type=\"application\/ld+json\" class=\"yoast-schema-graph\">{\"@context\":\"https:\/\/schema.org\",\"@graph\":[{\"@type\":\"WebPage\",\"@id\":\"https:\/\/axelor.com\/fr\/studio\/\",\"url\":\"https:\/\/axelor.com\/fr\/studio\/\",\"name\":\"Studio | Axelor\",\"isPartOf\":{\"@id\":\"https:\/\/axelor.com\/#website\"},\"datePublished\":\"2023-03-27T15:31:37+00:00\",\"dateModified\":\"2024-12-02T11:15:24+00:00\",\"description\":\"Axelor Studio : cr\u00e9ez et personnalisez vos applications m\u00e9tier sans coder. Modifiez formulaires, workflows et champs en quelques clics.\",\"breadcrumb\":{\"@id\":\"https:\/\/axelor.com\/fr\/studio\/#breadcrumb\"},\"inLanguage\":\"fr-FR\",\"potentialAction\":[{\"@type\":\"ReadAction\",\"target\":[\"https:\/\/axelor.com\/fr\/studio\/\"]}]},{\"@type\":\"BreadcrumbList\",\"@id\":\"https:\/\/axelor.com\/fr\/studio\/#breadcrumb\",\"itemListElement\":[{\"@type\":\"ListItem\",\"position\":1,\"name\":\"Accueil\",\"item\":\"https:\/\/axelor.com\/\"},{\"@type\":\"ListItem\",\"position\":2,\"name\":\"Studio\"}]},{\"@type\":\"WebSite\",\"@id\":\"https:\/\/axelor.com\/#website\",\"url\":\"https:\/\/axelor.com\/\",\"name\":\"Axelor\",\"description\":\"ERP CRM BPM Open Source\",\"potentialAction\":[{\"@type\":\"SearchAction\",\"target\":{\"@type\":\"EntryPoint\",\"urlTemplate\":\"https:\/\/axelor.com\/?s={search_term_string}\"},\"query-input\":\"required name=search_term_string\"}],\"inLanguage\":\"fr-FR\"}]}<\/script>\n<!-- \/ Yoast SEO plugin. -->","yoast_head_json":{"title":"Studio | Axelor","description":"Axelor Studio : cr\u00e9ez et personnalisez vos applications m\u00e9tier sans coder. Modifiez formulaires, workflows et champs en quelques clics.","robots":{"index":"index","follow":"follow","max-snippet":"max-snippet:-1","max-image-preview":"max-image-preview:large","max-video-preview":"max-video-preview:-1"},"canonical":"https:\/\/axelor.com\/fr\/studio\/","og_locale":"fr_FR","og_type":"article","og_title":"Studio | Axelor","og_description":"Axelor Studio : cr\u00e9ez et personnalisez vos applications m\u00e9tier sans coder. Modifiez formulaires, workflows et champs en quelques clics.","og_url":"https:\/\/axelor.com\/fr\/studio\/","og_site_name":"Axelor","article_modified_time":"2024-12-02T11:15:24+00:00","twitter_card":"summary_large_image","twitter_misc":{"Dur\u00e9e de lecture estim\u00e9e":"3 minutes"},"schema":{"@context":"https:\/\/schema.org","@graph":[{"@type":"WebPage","@id":"https:\/\/axelor.com\/fr\/studio\/","url":"https:\/\/axelor.com\/fr\/studio\/","name":"Studio | Axelor","isPartOf":{"@id":"https:\/\/axelor.com\/#website"},"datePublished":"2023-03-27T15:31:37+00:00","dateModified":"2024-12-02T11:15:24+00:00","description":"Axelor Studio : cr\u00e9ez et personnalisez vos applications m\u00e9tier sans coder. Modifiez formulaires, workflows et champs en quelques clics.","breadcrumb":{"@id":"https:\/\/axelor.com\/fr\/studio\/#breadcrumb"},"inLanguage":"fr-FR","potentialAction":[{"@type":"ReadAction","target":["https:\/\/axelor.com\/fr\/studio\/"]}]},{"@type":"BreadcrumbList","@id":"https:\/\/axelor.com\/fr\/studio\/#breadcrumb","itemListElement":[{"@type":"ListItem","position":1,"name":"Accueil","item":"https:\/\/axelor.com\/"},{"@type":"ListItem","position":2,"name":"Studio"}]},{"@type":"WebSite","@id":"https:\/\/axelor.com\/#website","url":"https:\/\/axelor.com\/","name":"Axelor","description":"ERP CRM BPM Open Source","potentialAction":[{"@type":"SearchAction","target":{"@type":"EntryPoint","urlTemplate":"https:\/\/axelor.com\/?s={search_term_string}"},"query-input":"required name=search_term_string"}],"inLanguage":"fr-FR"}]}},"_links":{"self":[{"href":"https:\/\/axelor.com\/fr\/wp-json\/wp\/v2\/pages\/354364"}],"collection":[{"href":"https:\/\/axelor.com\/fr\/wp-json\/wp\/v2\/pages"}],"about":[{"href":"https:\/\/axelor.com\/fr\/wp-json\/wp\/v2\/types\/page"}],"author":[{"embeddable":true,"href":"https:\/\/axelor.com\/fr\/wp-json\/wp\/v2\/users\/3"}],"replies":[{"embeddable":true,"href":"https:\/\/axelor.com\/fr\/wp-json\/wp\/v2\/comments?post=354364"}],"version-history":[{"count":28,"href":"https:\/\/axelor.com\/fr\/wp-json\/wp\/v2\/pages\/354364\/revisions"}],"predecessor-version":[{"id":378266,"href":"https:\/\/axelor.com\/fr\/wp-json\/wp\/v2\/pages\/354364\/revisions\/378266"}],"wp:attachment":[{"href":"https:\/\/axelor.com\/fr\/wp-json\/wp\/v2\/media?parent=354364"}],"curies":[{"name":"wp","href":"https:\/\/api.w.org\/{rel}","templated":true}]}}