{"id":355242,"date":"2023-04-03T17:52:49","date_gmt":"2023-04-03T15:52:49","guid":{"rendered":"https:\/\/axelor.com\/?page_id=355242"},"modified":"2023-07-03T10:30:00","modified_gmt":"2023-07-03T08:30:00","slug":"webinar-cahier-des-charges-avril-23","status":"publish","type":"page","link":"https:\/\/axelor.com\/fr\/webinar-cahier-des-charges-avril-23\/","title":{"rendered":"Webinar &#8211; Les bonnes pratiques pour conduire un projet informatique"},"content":{"rendered":"<p>[et_pb_section fb_built=&#8221;1&#8243; _builder_version=&#8221;4.10.5&#8243; _module_preset=&#8221;default&#8221; use_background_color_gradient=&#8221;on&#8221; background_color_gradient_start=&#8221;#0d021e&#8221; background_color_gradient_end=&#8221;#010177&#8243; background_color_gradient_direction=&#8221;20deg&#8221; background_image=&#8221;https:\/\/axelor.com\/wp-content\/uploads\/2023\/02\/la-conception-des-produits.png&#8221; custom_css_main_element=&#8221;background-position:0 37%;&#8221; global_colors_info=&#8221;{}&#8221;][et_pb_row _builder_version=&#8221;4.10.5&#8243; _module_preset=&#8221;default&#8221; global_colors_info=&#8221;{}&#8221;][et_pb_column type=&#8221;4_4&#8243; _builder_version=&#8221;4.10.5&#8243; _module_preset=&#8221;default&#8221; global_colors_info=&#8221;{}&#8221;][et_pb_text _builder_version=&#8221;4.10.5&#8243; _module_preset=&#8221;default&#8221; text_font=&#8221;|||on|||||&#8221; text_font_size=&#8221;16px&#8221; text_letter_spacing=&#8221;5px&#8221; background_color=&#8221;rgba(62,207,142,0.3)&#8221; custom_margin=&#8221;|auto||auto|false|false&#8221; custom_padding=&#8221;||||false|false&#8221; custom_css_main_element=&#8221;width:fit-content;||padding:10px 20px;&#8221; text_text_shadow_style=&#8221;preset3&#8243; text_text_shadow_blur_strength=&#8221;0.75em&#8221; text_text_shadow_color=&#8221;rgba(62,207,142,0.96)&#8221; border_radii=&#8221;on|40px|40px|40px|40px&#8221; border_color_all=&#8221;#3ecf8e&#8221; global_colors_info=&#8221;{}&#8221;]<\/p>\n<p style=\"text-align: center; margin: 0;\"><span style=\"color: #3ecf8e; font-weight: bold; margin: 0;\">Webinar<\/span><\/p>\n<p>[\/et_pb_text][et_pb_text _builder_version=&#8221;4.10.5&#8243; _module_preset=&#8221;default&#8221; global_colors_info=&#8221;{}&#8221;]<\/p>\n<h1 style=\"text-align: center; color: #ffffff !important;\"> Les bonnes pratiques pour conduire un projet informatique<\/h1>\n<p>[\/et_pb_text][et_pb_text _builder_version=&#8221;4.10.5&#8243; _module_preset=&#8221;default&#8221; global_colors_info=&#8221;{}&#8221;]<\/p>\n<p style=\"text-align: center;\"><span style=\"color: #ffffff; font-weight: bold; margin-right: 50px;\">\ud83d\udcc5 Mardi 18 avril 2023<\/span><span style=\"color: #ffffff; font-weight: bold;\">\ud83d\udd51 11h30 (CET)<\/span><\/p>\n<p>[\/et_pb_text][et_pb_button button_url=&#8221;#form&#8221; button_text=&#8221;Inscription&#8221; button_alignment=&#8221;center&#8221; _builder_version=&#8221;4.10.5&#8243; _module_preset=&#8221;default&#8221; custom_button=&#8221;on&#8221; button_text_color=&#8221;#FFFFFF&#8221; button_bg_color=&#8221;#3ecf8e&#8221; button_border_width=&#8221;0px&#8221; button_use_icon=&#8221;off&#8221; custom_margin=&#8221;70px||||false|false&#8221; custom_padding=&#8221;10px|40px|10px|40px|true|true&#8221; box_shadow_style=&#8221;preset1&#8243; box_shadow_vertical=&#8221;0px&#8221; box_shadow_blur=&#8221;43px&#8221; box_shadow_spread=&#8221;4px&#8221; box_shadow_color=&#8221;rgba(62,207,142,0.79)&#8221; global_colors_info=&#8221;{}&#8221; button_bg_color__hover_enabled=&#8221;on|hover&#8221; button_bg_color__hover=&#8221;rgba(62,207,142,0.7)&#8221; button_bg_enable_color__hover=&#8221;on&#8221;][\/et_pb_button][\/et_pb_column][\/et_pb_row][\/et_pb_section][et_pb_section fb_built=&#8221;1&#8243; _builder_version=&#8221;4.10.5&#8243; _module_preset=&#8221;default&#8221; custom_padding=&#8221;20px||||false|false&#8221; global_colors_info=&#8221;{}&#8221;][et_pb_row _builder_version=&#8221;4.10.5&#8243; _module_preset=&#8221;default&#8221; global_colors_info=&#8221;{}&#8221;][et_pb_column type=&#8221;4_4&#8243; _builder_version=&#8221;4.10.5&#8243; _module_preset=&#8221;default&#8221; global_colors_info=&#8221;{}&#8221;][et_pb_text _builder_version=&#8221;4.10.5&#8243; _module_preset=&#8221;default&#8221; global_colors_info=&#8221;{}&#8221;]<\/p>\n<p style=\"text-align: center;\"><span style=\"font-weight: bold; font-size: 30px; line-height: 45px; letter-spacing: 0.3px;\">Christophe Chikli, directeur de projet chez Axelor, d\u00e9taillera les points indispensables pour bien conduire un projet informatique.<\/span><\/p>\n<p>[\/et_pb_text][\/et_pb_column][\/et_pb_row][et_pb_row _builder_version=&#8221;4.10.5&#8243; _module_preset=&#8221;default&#8221; global_colors_info=&#8221;{}&#8221;][et_pb_column type=&#8221;4_4&#8243; _builder_version=&#8221;4.10.5&#8243; _module_preset=&#8221;default&#8221; global_colors_info=&#8221;{}&#8221;][et_pb_text _builder_version=&#8221;4.10.5&#8243; _module_preset=&#8221;default&#8221; hover_enabled=&#8221;0&#8243; global_colors_info=&#8221;{}&#8221; sticky_enabled=&#8221;0&#8243;]<\/p>\n<p style=\"text-align: left;\"><span style=\"font-weight: bold; font-size: 20px;\">Inscrivez-vous d\u00e8s maintenant \u00e0 notre prochain webinar : Les bonnes pratiques pour conduire un projet informatique.\ud83d\udca1<\/span><\/p>\n<p style=\"text-align: left;\">Au programme, les points abord\u00e9s seront :<\/p>\n<ul>\n<li>\n<p style=\"text-align: left;\">Choisir la bonne solution<\/p>\n<\/li>\n<li>\n<p style=\"text-align: left;\">Conna\u00eetre son entreprise<\/p>\n<\/li>\n<li>\n<p style=\"text-align: left;\">D\u00e9crire les <a href=\"https:\/\/axelor.com\/fr\/la-modelisation-du-processus-metier\/\">processus m\u00e9tiers<\/a><\/p>\n<\/li>\n<li>\n<p style=\"text-align: left;\">D\u00e9finir et prioriser les besoins<\/p>\n<\/li>\n<li>\n<p style=\"text-align: left;\">Identifier les contraintes<\/p>\n<\/li>\n<li>\n<p style=\"text-align: left;\">Conduire le projet efficacement<\/p>\n<\/li>\n<\/ul>\n<p>[\/et_pb_text][\/et_pb_column][\/et_pb_row][et_pb_row _builder_version=&#8221;4.10.5&#8243; _module_preset=&#8221;default&#8221; global_colors_info=&#8221;{}&#8221;][et_pb_column type=&#8221;4_4&#8243; _builder_version=&#8221;4.10.5&#8243; _module_preset=&#8221;default&#8221; global_colors_info=&#8221;{}&#8221;][et_pb_text _builder_version=&#8221;4.10.5&#8243; _module_preset=&#8221;default&#8221; background_color=&#8221;#f3fcf8&#8243; custom_padding=&#8221;15px|30px|25px|30px|false|true&#8221; border_radii=&#8221;on|10px|10px|10px|10px&#8221; global_colors_info=&#8221;{}&#8221;]<\/p>\n<p style=\"text-align: center;\"><span style=\"font-size: 20px; font-weight: light; color: #3ecf8e;\">Ce webinar vous transmettra les conseils et astuces indispensables pour le lancement de votre projet en toute s\u00e9r\u00e9nit\u00e9.<\/span>[\/et_pb_text][\/et_pb_column][\/et_pb_row][et_pb_row _builder_version=&#8221;4.10.5&#8243; _module_preset=&#8221;default&#8221; global_colors_info=&#8221;{}&#8221;][et_pb_column type=&#8221;4_4&#8243; _builder_version=&#8221;4.10.5&#8243; _module_preset=&#8221;default&#8221; global_colors_info=&#8221;{}&#8221;][et_pb_text _builder_version=&#8221;4.10.5&#8243; _module_preset=&#8221;default&#8221; global_colors_info=&#8221;{}&#8221;]<\/p>\n<p style=\"text-align: left;\">N.B. : Si vous ne pouvez pas y participer, vous pouvez toujours vous inscrire afin de recevoir un replay plus tard.<\/p>\n<p>[\/et_pb_text][\/et_pb_column][\/et_pb_row][\/et_pb_section][et_pb_section fb_built=&#8221;1&#8243; _builder_version=&#8221;4.10.5&#8243; _module_preset=&#8221;default&#8221; use_background_color_gradient=&#8221;on&#8221; background_color_gradient_start=&#8221;#0d021e&#8221; background_color_gradient_end=&#8221;#010177&#8243; background_color_gradient_direction=&#8221;40deg&#8221; custom_margin=&#8221;50px||||false|false&#8221; global_colors_info=&#8221;{}&#8221;][et_pb_row module_id=&#8221;form&#8221; _builder_version=&#8221;4.10.5&#8243; _module_preset=&#8221;default&#8221; background_color=&#8221;#FFFFFF&#8221; custom_margin=&#8221;-100px||||false|false&#8221; custom_padding=&#8221;50px|40px|50px|40px|true|true&#8221; border_radii=&#8221;on|10px|10px|10px|10px&#8221; box_shadow_style=&#8221;preset3&#8243; box_shadow_vertical=&#8221;-50px&#8221; box_shadow_blur=&#8221;40px&#8221; box_shadow_spread=&#8221;-45px&#8221; box_shadow_color=&#8221;rgba(0,90,142,0.08)&#8221; global_colors_info=&#8221;{}&#8221;][et_pb_column type=&#8221;4_4&#8243; _builder_version=&#8221;4.10.5&#8243; _module_preset=&#8221;default&#8221; global_colors_info=&#8221;{}&#8221;][et_pb_code _builder_version=&#8221;4.10.5&#8243; _module_preset=&#8221;default&#8221; custom_padding=&#8221;||||false|false&#8221; global_colors_info=&#8221;{}&#8221;]<script><!-- [et_pb_line_break_holder] -->    window.lintrk(&#39;track&#39;, { conversion_id: 11208124 });<!-- [et_pb_line_break_holder] --><\/script><!-- [et_pb_line_break_holder] --><iframe loading=\"lazy\" width=\"100%\" height=\"480\" frameborder=\"0\" src=\"https:\/\/app.livestorm.co\/p\/178864e8-e7cf-4fbc-83fd-fd1776959bf4\/form\" title=\"Webinar - Les bonnes pratiques pour conduire un projet informatique | Axelor\"><\/iframe>[\/et_pb_code][\/et_pb_column][\/et_pb_row][\/et_pb_section]<\/p>\n","protected":false},"excerpt":{"rendered":"<p>Webinar Les bonnes pratiques pour conduire un projet informatique\ud83d\udcc5 Mardi 18 avril 2023\ud83d\udd51 11h30 (CET)Christophe Chikli, directeur de projet chez Axelor, d\u00e9taillera les points indispensables pour bien conduire un projet informatique.Inscrivez-vous d\u00e8s maintenant \u00e0 notre prochain webinar : Les bonnes pratiques pour conduire un projet informatique.\ud83d\udca1 Au programme, les points abord\u00e9s seront : Choisir la [&hellip;]<\/p>\n","protected":false},"author":3,"featured_media":0,"parent":0,"menu_order":0,"comment_status":"closed","ping_status":"closed","template":"","meta":{"_acf_changed":false,"_et_pb_use_builder":"on","_et_pb_old_content":"<!-- wp:divi\/placeholder \/-->","_et_gb_content_width":"","content-type":"","inline_featured_image":false,"footnotes":""},"acf":[],"yoast_head":"<!-- This site is optimized with the Yoast SEO plugin v22.0 - https:\/\/yoast.com\/wordpress\/plugins\/seo\/ -->\n<title>Webinar - Les bonnes pratiques pour conduire un projet informatique<\/title>\n<meta name=\"description\" content=\"Christophe Chikli, directeur de projet chez Axelor, d\u00e9taillera les points indispensables pour bien conduire un projet informatique.\" \/>\n<meta name=\"robots\" content=\"index, follow, max-snippet:-1, max-image-preview:large, max-video-preview:-1\" \/>\n<link rel=\"canonical\" href=\"https:\/\/axelor.com\/fr\/webinar-cahier-des-charges-avril-23\/\" \/>\n<meta property=\"og:locale\" content=\"fr_FR\" \/>\n<meta property=\"og:type\" content=\"article\" \/>\n<meta property=\"og:title\" content=\"Webinar - Les bonnes pratiques pour conduire un projet informatique\" \/>\n<meta property=\"og:description\" content=\"Christophe Chikli, directeur de projet chez Axelor, d\u00e9taillera les points indispensables pour bien conduire un projet informatique.\" \/>\n<meta property=\"og:url\" content=\"https:\/\/axelor.com\/fr\/webinar-cahier-des-charges-avril-23\/\" \/>\n<meta property=\"og:site_name\" content=\"Axelor\" \/>\n<meta property=\"article:modified_time\" content=\"2023-07-03T08:30:00+00:00\" \/>\n<meta name=\"twitter:card\" content=\"summary_large_image\" \/>\n<script type=\"application\/ld+json\" class=\"yoast-schema-graph\">{\"@context\":\"https:\/\/schema.org\",\"@graph\":[{\"@type\":\"WebPage\",\"@id\":\"https:\/\/axelor.com\/fr\/webinar-cahier-des-charges-avril-23\/\",\"url\":\"https:\/\/axelor.com\/fr\/webinar-cahier-des-charges-avril-23\/\",\"name\":\"Webinar - Les bonnes pratiques pour conduire un projet informatique\",\"isPartOf\":{\"@id\":\"https:\/\/axelor.com\/#website\"},\"datePublished\":\"2023-04-03T15:52:49+00:00\",\"dateModified\":\"2023-07-03T08:30:00+00:00\",\"description\":\"Christophe Chikli, directeur de projet chez Axelor, d\u00e9taillera les points indispensables pour bien conduire un projet informatique.\",\"breadcrumb\":{\"@id\":\"https:\/\/axelor.com\/fr\/webinar-cahier-des-charges-avril-23\/#breadcrumb\"},\"inLanguage\":\"fr-FR\",\"potentialAction\":[{\"@type\":\"ReadAction\",\"target\":[\"https:\/\/axelor.com\/fr\/webinar-cahier-des-charges-avril-23\/\"]}]},{\"@type\":\"BreadcrumbList\",\"@id\":\"https:\/\/axelor.com\/fr\/webinar-cahier-des-charges-avril-23\/#breadcrumb\",\"itemListElement\":[{\"@type\":\"ListItem\",\"position\":1,\"name\":\"Accueil\",\"item\":\"https:\/\/axelor.com\/\"},{\"@type\":\"ListItem\",\"position\":2,\"name\":\"Webinar &#8211; Les bonnes pratiques pour conduire un projet informatique\"}]},{\"@type\":\"WebSite\",\"@id\":\"https:\/\/axelor.com\/#website\",\"url\":\"https:\/\/axelor.com\/\",\"name\":\"Axelor\",\"description\":\"ERP CRM BPM Open Source\",\"potentialAction\":[{\"@type\":\"SearchAction\",\"target\":{\"@type\":\"EntryPoint\",\"urlTemplate\":\"https:\/\/axelor.com\/?s={search_term_string}\"},\"query-input\":\"required name=search_term_string\"}],\"inLanguage\":\"fr-FR\"}]}<\/script>\n<!-- \/ Yoast SEO plugin. -->","yoast_head_json":{"title":"Webinar - Les bonnes pratiques pour conduire un projet informatique","description":"Christophe Chikli, directeur de projet chez Axelor, d\u00e9taillera les points indispensables pour bien conduire un projet informatique.","robots":{"index":"index","follow":"follow","max-snippet":"max-snippet:-1","max-image-preview":"max-image-preview:large","max-video-preview":"max-video-preview:-1"},"canonical":"https:\/\/axelor.com\/fr\/webinar-cahier-des-charges-avril-23\/","og_locale":"fr_FR","og_type":"article","og_title":"Webinar - Les bonnes pratiques pour conduire un projet informatique","og_description":"Christophe Chikli, directeur de projet chez Axelor, d\u00e9taillera les points indispensables pour bien conduire un projet informatique.","og_url":"https:\/\/axelor.com\/fr\/webinar-cahier-des-charges-avril-23\/","og_site_name":"Axelor","article_modified_time":"2023-07-03T08:30:00+00:00","twitter_card":"summary_large_image","schema":{"@context":"https:\/\/schema.org","@graph":[{"@type":"WebPage","@id":"https:\/\/axelor.com\/fr\/webinar-cahier-des-charges-avril-23\/","url":"https:\/\/axelor.com\/fr\/webinar-cahier-des-charges-avril-23\/","name":"Webinar - Les bonnes pratiques pour conduire un projet informatique","isPartOf":{"@id":"https:\/\/axelor.com\/#website"},"datePublished":"2023-04-03T15:52:49+00:00","dateModified":"2023-07-03T08:30:00+00:00","description":"Christophe Chikli, directeur de projet chez Axelor, d\u00e9taillera les points indispensables pour bien conduire un projet informatique.","breadcrumb":{"@id":"https:\/\/axelor.com\/fr\/webinar-cahier-des-charges-avril-23\/#breadcrumb"},"inLanguage":"fr-FR","potentialAction":[{"@type":"ReadAction","target":["https:\/\/axelor.com\/fr\/webinar-cahier-des-charges-avril-23\/"]}]},{"@type":"BreadcrumbList","@id":"https:\/\/axelor.com\/fr\/webinar-cahier-des-charges-avril-23\/#breadcrumb","itemListElement":[{"@type":"ListItem","position":1,"name":"Accueil","item":"https:\/\/axelor.com\/"},{"@type":"ListItem","position":2,"name":"Webinar &#8211; Les bonnes pratiques pour conduire un projet informatique"}]},{"@type":"WebSite","@id":"https:\/\/axelor.com\/#website","url":"https:\/\/axelor.com\/","name":"Axelor","description":"ERP CRM BPM Open Source","potentialAction":[{"@type":"SearchAction","target":{"@type":"EntryPoint","urlTemplate":"https:\/\/axelor.com\/?s={search_term_string}"},"query-input":"required name=search_term_string"}],"inLanguage":"fr-FR"}]}},"_links":{"self":[{"href":"https:\/\/axelor.com\/fr\/wp-json\/wp\/v2\/pages\/355242"}],"collection":[{"href":"https:\/\/axelor.com\/fr\/wp-json\/wp\/v2\/pages"}],"about":[{"href":"https:\/\/axelor.com\/fr\/wp-json\/wp\/v2\/types\/page"}],"author":[{"embeddable":true,"href":"https:\/\/axelor.com\/fr\/wp-json\/wp\/v2\/users\/3"}],"replies":[{"embeddable":true,"href":"https:\/\/axelor.com\/fr\/wp-json\/wp\/v2\/comments?post=355242"}],"version-history":[{"count":9,"href":"https:\/\/axelor.com\/fr\/wp-json\/wp\/v2\/pages\/355242\/revisions"}],"predecessor-version":[{"id":363646,"href":"https:\/\/axelor.com\/fr\/wp-json\/wp\/v2\/pages\/355242\/revisions\/363646"}],"wp:attachment":[{"href":"https:\/\/axelor.com\/fr\/wp-json\/wp\/v2\/media?parent=355242"}],"curies":[{"name":"wp","href":"https:\/\/api.w.org\/{rel}","templated":true}]}}