{"id":359687,"date":"2023-05-23T18:07:06","date_gmt":"2023-05-23T16:07:06","guid":{"rendered":"https:\/\/axelor.com\/?page_id=359687"},"modified":"2024-11-25T10:55:37","modified_gmt":"2024-11-25T09:55:37","slug":"programme","status":"publish","type":"page","link":"https:\/\/axelor.com\/fr\/axelor-open-summit\/programme\/","title":{"rendered":"Programme"},"content":{"rendered":"<p>[et_pb_section fb_built=&#8221;1&#8243; fullwidth=&#8221;on&#8221; _builder_version=&#8221;4.10.5&#8243; _module_preset=&#8221;default&#8221; global_module=&#8221;360058&#8243; saved_tabs=&#8221;all&#8221; global_colors_info=&#8221;{}&#8221;][et_pb_fullwidth_code _builder_version=&#8221;4.10.5&#8243; _module_preset=&#8221;default&#8221; global_colors_info=&#8221;{}&#8221;]<\/p>\n<nav class=\"aos-nav dark\"><!-- [et_pb_line_break_holder] -->    <\/p>\n<div><a href=\"https:\/\/axelor.com\/fr\/axelor-open-summit\"><!-- [et_pb_line_break_holder] -->      <\/p>\n<figure><img decoding=\"async\" src=\"https:\/\/axelor.com\/wp-content\/uploads\/2023\/05\/logo-axelor-blanc.svg\"><\/figure>\n<p><!-- [et_pb_line_break_holder] -->    <pee style=\"text-align: center;\"><span class=\"gradient-text active-gradient\">Open Summit<\/span><\/pee><\/a><\/div>\n<p><!-- [et_pb_line_break_holder] -->    <\/p>\n<div class=\"burger-button\"><!-- [et_pb_line_break_holder] -->    <input type=\"checkbox\" id=\"burger\" class=\"burger\" name=\"burger\"><!-- [et_pb_line_break_holder] -->    <label for=\"burger\" class=\"burger-label\"><\/label><!-- [et_pb_line_break_holder] -->  <\/div>\n<p>  <!-- [et_pb_line_break_holder] -->    <\/p>\n<div id=\"aos-nav-content\"><!-- [et_pb_line_break_holder] -->      <\/p>\n<div><!-- [et_pb_line_break_holder] -->        <\/p>\n<ul><!-- [et_pb_line_break_holder] -->          <\/p>\n<li><a href=\"#\"><pee>Programme<\/pee><\/a><!-- [et_pb_line_break_holder] -->\n<ul><!-- [et_pb_line_break_holder] -->                <\/p>\n<li><a href=\"https:\/\/axelor.com\/fr\/axelor-open-summit\/programme\/\"><pee>Conf\u00e9rences<\/pee><\/a><\/li>\n<p><!-- [et_pb_line_break_holder] -->                <\/p>\n<li><a href=\"https:\/\/axelor.com\/fr\/axelor-open-summit\/atelier\/\"><pee>Ateliers<\/pee><\/a><\/li>\n<p><!-- [et_pb_line_break_holder] -->            <\/ul>\n<p><!-- [et_pb_line_break_holder] -->        <\/li>\n<p><!-- [et_pb_line_break_holder] -->         <\/p>\n<li><a href=\"https:\/\/axelor.com\/fr\/axelor-open-summit\/liste-des-exposants\/\"><pee>Liste des exposants<\/pee><\/a><\/li>\n<p><!-- [et_pb_line_break_holder] -->          <\/p>\n<li><a href=\"https:\/\/axelor.com\/fr\/axelor-open-summit\/village\/\"><pee>Le village<\/pee><\/a><\/li>\n<p><!-- [et_pb_line_break_holder] -->          <\/p>\n<li><a href=\"https:\/\/axelor.com\/fr\/axelor-open-summit\/aos-infos-pratiques\/\"><pee>Informations pratiques<\/pee><\/a><\/li>\n<p><!-- [et_pb_line_break_holder] -->        <\/ul>\n<p><!-- [et_pb_line_break_holder] -->      <\/div>\n<p><!-- [et_pb_line_break_holder] -->      <a href=\"https:\/\/axelor.com\/fr\/axelor-open-summit#form\" class=\"button first\"><pee>S&#8217;inscrire<\/pee><\/a><!-- [et_pb_line_break_holder] -->    <\/div>\n<p><!-- [et_pb_line_break_holder] -->  <\/nav>\n<p>[\/et_pb_fullwidth_code][\/et_pb_section][et_pb_section fb_built=&#8221;1&#8243; module_class=&#8221;dark&#8221; _builder_version=&#8221;4.10.5&#8243; _module_preset=&#8221;default&#8221; custom_margin=&#8221;||||false|false&#8221; custom_padding=&#8221;200px||||false|false&#8221; global_colors_info=&#8221;{}&#8221;][et_pb_row _builder_version=&#8221;4.10.5&#8243; _module_preset=&#8221;default&#8221; width=&#8221;90%&#8221; max_width=&#8221;960px&#8221; global_colors_info=&#8221;{}&#8221;][et_pb_column type=&#8221;4_4&#8243; _builder_version=&#8221;4.10.5&#8243; _module_preset=&#8221;default&#8221; global_colors_info=&#8221;{}&#8221;][et_pb_text _builder_version=&#8221;4.10.5&#8243; _module_preset=&#8221;default&#8221; global_colors_info=&#8221;{}&#8221;]<\/p>\n<h1 style=\"text-align: center;\">Programme de la journ\u00e9e<\/h1>\n<p>[\/et_pb_text][\/et_pb_column][\/et_pb_row][\/et_pb_section][et_pb_section fb_built=&#8221;1&#8243; module_class=&#8221;dark&#8221; _builder_version=&#8221;4.10.5&#8243; _module_preset=&#8221;default&#8221; custom_padding=&#8221;||150px||false|false&#8221; global_colors_info=&#8221;{}&#8221;][et_pb_row _builder_version=&#8221;4.10.5&#8243; _module_preset=&#8221;default&#8221; width=&#8221;90%&#8221; max_width=&#8221;1380px&#8221; global_colors_info=&#8221;{}&#8221;][et_pb_column type=&#8221;4_4&#8243; _builder_version=&#8221;4.10.5&#8243; _module_preset=&#8221;default&#8221; global_colors_info=&#8221;{}&#8221;][et_pb_code _builder_version=&#8221;4.10.5&#8243; _module_preset=&#8221;default&#8221; hover_enabled=&#8221;0&#8243; global_colors_info=&#8221;{}&#8221; sticky_enabled=&#8221;0&#8243;]<\/p>\n<div class=\"grid _2\" id=\"aos-grid\"><!-- [et_pb_line_break_holder] -->  <!--\n\n<article class=\"card\"><!-- [et_pb_line_break_holder] -->    <\/p>\n<div class=\"card-content\"><!-- [et_pb_line_break_holder] -->      <pee class=\"back-title\">Conf\u00e9rence<\/pee><!-- [et_pb_line_break_holder] -->      <\/p>\n<h3>Mot d&#8217;introduction<\/h3>\n<p><!-- [et_pb_line_break_holder] -->      <pee class=\"light schedule\">10h &#8211; 10h20<\/pee><!-- [et_pb_line_break_holder] -->    <\/div>\n<p><!-- [et_pb_line_break_holder] -->  <\/article>\n<p>&#8211;><!-- [et_pb_line_break_holder] -->  <\/p>\n<article class=\"card\"><!-- [et_pb_line_break_holder] -->    <\/p>\n<div class=\"card-content\"><!-- [et_pb_line_break_holder] -->      <pee class=\"back-title\">Conf\u00e9rence<\/pee><!-- [et_pb_line_break_holder] -->      <\/p>\n<h3>La facture d\u00e9mat\u00e9rialis\u00e9e : une opportunit\u00e9 d\u2019am\u00e9lioration des processus<\/h3>\n<p><!-- [et_pb_line_break_holder] -->      <pee class=\"light\">avec <span class=\"schedule\">Cyrille Sautereau &#8211; Pr\u00e9sident de la F\u00e9d\u00e9ration Nationale de la Facturation Electronique<\/span><\/pee><!-- [et_pb_line_break_holder] -->      <pee class=\"light schedule\">10h30- 11h20<\/pee><!-- [et_pb_line_break_holder] -->      <pee class=\"light\"><!-- [et_pb_line_break_holder] -->        Rejoignez-nous lors de cette conf\u00e9rence et d\u00e9couvrez les avantages strat\u00e9giques de l&#8217;adoption de la facture \u00e9lectronique dans la gestion de vos flux financiers. Apprenez \u00e0 ma\u00eetriser ce sujet incontournable et \u00e0 minimiser les risques pour une transformation r\u00e9ussie de votre gestion financi\u00e8re.<!-- [et_pb_line_break_holder] -->      <\/pee><!-- [et_pb_line_break_holder] -->    <\/div>\n<p><!-- [et_pb_line_break_holder] -->  <\/article>\n<p><!-- [et_pb_line_break_holder] -->  <\/p>\n<article class=\"card\"><!-- [et_pb_line_break_holder] -->    <\/p>\n<div class=\"card-content\"><!-- [et_pb_line_break_holder] -->      <pee class=\"back-title\">Conf\u00e9rence<\/pee><!-- [et_pb_line_break_holder] -->      <\/p>\n<h3>L\u2019Open Source : une opportunit\u00e9 pour les DSI<\/h3>\n<p><!-- [et_pb_line_break_holder] -->      <pee class=\"light\">avec <span class=\"schedule\">Pascal Kuczynski &#8211; D\u00e9l\u00e9gu\u00e9 G\u00e9n\u00e9ral de l&#8217;Adullact<\/span><!-- [et_pb_line_break_holder] -->      <pee class=\"light schedule\">11h30-12h20<\/pee><!-- [et_pb_line_break_holder] -->      <pee class=\"light\"><!-- [et_pb_line_break_holder] -->        Explorez l\u2019univers de l\u2019Open Source lors d\u2019une conf\u00e9rence anim\u00e9e par Pascal Kuczynski, D\u00e9l\u00e9gu\u00e9 G\u00e9n\u00e9ral de l&#8217;Adullact. En tant qu\u2019acteur engag\u00e9 dans l\u2019Open Source et les communs num\u00e9riques, l&#8217;Adullact explore de mani\u00e8re approfondie les opportunit\u00e9s qu\u2019offrent ces approches aux DSI. D\u00e9couvrez comment l\u2019Open Source transforme la mani\u00e8re dont les organisations g\u00e8rent leurs syst\u00e8mes informatiques, ouvrant de nouvelles perspectives pour l\u2019innovation.<!-- [et_pb_line_break_holder] -->      <\/pee><!-- [et_pb_line_break_holder] -->    <\/div>\n<p><!-- [et_pb_line_break_holder] -->  <\/article>\n<p><!-- [et_pb_line_break_holder] -->  <\/p>\n<article class=\"card\"><!-- [et_pb_line_break_holder] -->    <\/p>\n<div class=\"card-content\"><!-- [et_pb_line_break_holder] -->      <pee class=\"back-title\">Conf\u00e9rence<\/pee><!-- [et_pb_line_break_holder] -->      <\/p>\n<h3>Transformation num\u00e9rique et souverainet\u00e9 industrielle<\/h3>\n<p><!-- [et_pb_line_break_holder] -->      <pee class=\"light\">avec <span class=\"schedule\">Nicolas Guillet &#8211; Onestone France (Ex PDG Thyssenkrupp Materials France)<\/span><!-- [et_pb_line_break_holder] -->      <pee class=\"light schedule\">13h-13h50<\/pee><!-- [et_pb_line_break_holder] -->      <pee class=\"light\"><!-- [et_pb_line_break_holder] -->        Dans le contexte de turbulences g\u00e9n\u00e9ralis\u00e9es des cha\u00eenes de valeurs, la question de la comp\u00e9titivit\u00e9 et des relais de croissance devient un enjeu plus vital que jamais. D\u00e9couvrez au travers de l&#8217;exp\u00e9rience de Nicolas Guillet, ancien PDG de TKMF, les points de vigilances pour la mise en place de projets num\u00e9riques, et leur alignement\u00a0avec les facteurs macro et la strat\u00e9gie de l&#8217;entreprise.<!-- [et_pb_line_break_holder] -->      <\/pee><!-- [et_pb_line_break_holder] -->    <\/div>\n<p><!-- [et_pb_line_break_holder] -->  <\/article>\n<p><!-- [et_pb_line_break_holder] -->  <\/p>\n<article class=\"card\"><!-- [et_pb_line_break_holder] -->    <\/p>\n<div class=\"card-content\"><!-- [et_pb_line_break_holder] -->      <pee class=\"back-title\">Conf\u00e9rence<\/pee><!-- [et_pb_line_break_holder] -->      <\/p>\n<h3>Secteur public : la d\u00e9mat\u00e9rialisation des services publics \u2013 comment repenser ses processus et sa relation aux usagers ?<\/h3>\n<p><!-- [et_pb_line_break_holder] -->      <pee class=\"light\">avec <span class=\"schedule\">Christian Bussac &#038; Jean-Fran\u00e7ois Treille &#8211; Associ\u00e9s chez Mazars<\/span><!-- [et_pb_line_break_holder] -->      <pee class=\"light schedule\">14h-14h50<\/pee><!-- [et_pb_line_break_holder] -->      <pee class=\"light\"><!-- [et_pb_line_break_holder] -->        Prenez part \u00e0 la conf\u00e9rence sur la d\u00e9mat\u00e9rialisation des services publics gr\u00e2ce \u00e0 la mod\u00e9lisation des processus. Au programme, des t\u00e9moignages et une pr\u00e9sentation anim\u00e9e par Christian Bussac et Jean-Fran\u00e7ois Treille, associ\u00e9s chez Mazars, sur la prise en compte des nouveaux enjeux et attentes des citoyens en mati\u00e8re de digitalisation des services publics et leurs impacts sur la construction des politiques publiques et la transformation des administrations.<!-- [et_pb_line_break_holder] -->      <\/pee><!-- [et_pb_line_break_holder] -->    <\/div>\n<p><!-- [et_pb_line_break_holder] -->  <\/article>\n<p><!-- [et_pb_line_break_holder] -->  <\/p>\n<article class=\"card\"><!-- [et_pb_line_break_holder] -->    <\/p>\n<div class=\"card-content\"><!-- [et_pb_line_break_holder] -->      <pee class=\"back-title\">Conf\u00e9rence<\/pee><!-- [et_pb_line_break_holder] -->      <\/p>\n<h3>L&#8217;avenir de l\u2019ERP : flexible, hybride, Low Code<\/h3>\n<p><!-- [et_pb_line_break_holder] -->      <pee class=\"light\">avec <span class=\"schedule\">Patrick Rahali &#8211; Expert RFI au CXP<\/span><!-- [et_pb_line_break_holder] -->      <pee class=\"light schedule\">15h &#8211; 15h50<\/pee><!-- [et_pb_line_break_holder] -->      <pee class=\"light\"><!-- [et_pb_line_break_holder] -->        Apprenez-en plus sur l&#8217;<b>avenir de l&#8217;ERP<\/b> avec Patrick Rahali du CXP. Explorez les tendances qui fa\u00e7onnent le paysage de l&#8217;ERP et d\u00e9couvrez comment les solutions <b>agiles, hybrides et Low Code<\/b> transforment la mani\u00e8re dont les entreprises g\u00e8rent leurs processus. Rejoignez-nous pour cette pr\u00e9sentation o\u00f9 vous d\u00e9couvrirez comment ces nouvelles approches permettent une flexibilit\u00e9 sans pr\u00e9c\u00e9dent, une int\u00e9gration fluide et une rapidit\u00e9 d&#8217;ex\u00e9cution pour relever les d\u00e9fis des entreprises d&#8217;aujourd&#8217;hui. <!-- [et_pb_line_break_holder] -->      <\/pee><!-- [et_pb_line_break_holder] -->    <\/div>\n<p><!-- [et_pb_line_break_holder] -->  <\/article>\n<p><!-- [et_pb_line_break_holder] -->  <\/p>\n<article class=\"card\"><!-- [et_pb_line_break_holder] -->    <\/p>\n<div class=\"card-content\"><!-- [et_pb_line_break_holder] -->      <pee class=\"back-title\">Table ronde<\/pee><!-- [et_pb_line_break_holder] -->      <\/p>\n<h3>La r\u00e9volution Low Code<\/h3>\n<p><!-- [et_pb_line_break_holder] -->      <pee class=\"light\">avec <span class=\"schedule\">Jacques Cheminat &#8211; R\u00e9dacteur en Chef au journal &#8220;Le Monde Informatique&#8221;, Pierre Launay &#8211; Pr\u00e9sident du SFPN, et Francis Lelong &#8211; CEO d&#8217;Alegria<\/span><!-- [et_pb_line_break_holder] -->      <pee class=\"light schedule\">16h-16h50<\/pee><!-- [et_pb_line_break_holder] -->      <pee class=\"light\"><!-- [et_pb_line_break_holder] -->        Explorez la r\u00e9volution du Low Code et son impact sur la soci\u00e9t\u00e9 lors d&#8217;une conf\u00e9rence anim\u00e9e par Jacques Cheminat, r\u00e9dacteur en chef de LMI. \u00c0 travers l&#8217;intervention d&#8217;un expert renomm\u00e9, d\u00e9couvrez les avantages offerts par le Low Code, une approche novatrice qui acc\u00e9l\u00e8re le d\u00e9veloppement d&#8217;applications et stimule l&#8217;innovation technologique.<!-- [et_pb_line_break_holder] -->      <\/pee><!-- [et_pb_line_break_holder] -->    <\/div>\n<p><!-- [et_pb_line_break_holder] -->  <\/article>\n<p><!-- [et_pb_line_break_holder] --><\/div>\n<p>[\/et_pb_code][\/et_pb_column][\/et_pb_row][\/et_pb_section][et_pb_section fb_built=&#8221;1&#8243; fullwidth=&#8221;on&#8221; _builder_version=&#8221;4.10.5&#8243; _module_preset=&#8221;default&#8221; custom_css_main_element=&#8221;z-index:-1;&#8221; global_module=&#8221;360059&#8243; saved_tabs=&#8221;all&#8221; global_colors_info=&#8221;{}&#8221;][et_pb_fullwidth_code _builder_version=&#8221;4.10.5&#8243; _module_preset=&#8221;default&#8221; background_color=&#8221;#05052d&#8221; global_colors_info=&#8221;{}&#8221;]<\/p>\n<footer class=\"aos-footer dark\"><!-- [et_pb_line_break_holder] -->    <\/p>\n<div><!-- [et_pb_line_break_holder] -->        <\/p>\n<div><!-- [et_pb_line_break_holder] -->            <\/p>\n<div><!-- [et_pb_line_break_holder] -->                <\/p>\n<figure><img decoding=\"async\" src=\"https:\/\/axelor.com\/wp-content\/uploads\/2023\/05\/logo-axelor-blanc.svg\"><\/figure>\n<p><!-- [et_pb_line_break_holder] -->            <pee style=\"text-align: center;\"><span class=\"gradient-text active-gradient\">Open Summit<\/span><\/pee><!-- [et_pb_line_break_holder] -->            <\/div>\n<p> <!-- [et_pb_line_break_holder] -->        <\/p>\n<ul class=\"light\"><!-- [et_pb_line_break_holder] -->            <\/p>\n<li><a href=\"https:\/\/www.linkedin.com\/company\/axelor\/\"><br \/>\n<figure><img decoding=\"async\" src=\"https:\/\/axelor.com\/wp-content\/uploads\/2023\/05\/logo-linkedin.svg\"><\/figure>\n<p><\/a><\/li>\n<p><!-- [et_pb_line_break_holder] -->            <\/p>\n<li><a href=\"https:\/\/twitter.com\/Axelor\"><br \/>\n<figure><img decoding=\"async\" src=\"https:\/\/axelor.com\/wp-content\/uploads\/2023\/05\/logo-twitter.svg\"><\/figure>\n<p><\/a><\/li>\n<p><!-- [et_pb_line_break_holder] -->            <\/p>\n<li><a href=\"https:\/\/www.instagram.com\/axelor.official\/\"><br \/>\n<figure><img decoding=\"async\" src=\"https:\/\/axelor.com\/wp-content\/uploads\/2023\/05\/logo-instagram.svg\"><\/figure>\n<p><\/a><\/li>\n<p><!-- [et_pb_line_break_holder] -->        <\/ul>\n<p><!-- [et_pb_line_break_holder] -->        <\/div>\n<p><!-- [et_pb_line_break_holder] -->    <\/div>\n<p><!-- [et_pb_line_break_holder] -->    <\/p>\n<div class=\"divider\"><\/div>\n<p><!-- [et_pb_line_break_holder] -->    <\/p>\n<div><!-- [et_pb_line_break_holder] -->        <\/p>\n<ul><!-- [et_pb_line_break_holder] -->            <\/p>\n<li><a href=\"https:\/\/axelor.com\/fr\/politique-de-confidentialite\/\">Politiques de confidentialit\u00e9<\/a><\/li>\n<p><!-- [et_pb_line_break_holder] -->            <\/p>\n<li><a href=\"https:\/\/axelor.com\/fr\/mentions-legales\/\">Mentions l\u00e9gales<\/a><\/li>\n<p><!-- [et_pb_line_break_holder] -->        <\/ul>\n<p><!-- [et_pb_line_break_holder] -->    <\/div>\n<p><!-- [et_pb_line_break_holder] --><\/footer>\n<p>[\/et_pb_fullwidth_code][\/et_pb_section]<\/p>\n","protected":false},"excerpt":{"rendered":"<p>Programme de la journ\u00e9e<\/p>\n","protected":false},"author":3,"featured_media":0,"parent":358645,"menu_order":0,"comment_status":"closed","ping_status":"closed","template":"page-template-blank.php","meta":{"_acf_changed":false,"_et_pb_use_builder":"on","_et_pb_old_content":"","_et_gb_content_width":"","content-type":"","inline_featured_image":false,"footnotes":""},"acf":[],"yoast_head":"<!-- This site is optimized with the Yoast SEO plugin v22.0 - https:\/\/yoast.com\/wordpress\/plugins\/seo\/ -->\n<title>Programme | Axelor Open Summit<\/title>\n<meta name=\"robots\" content=\"noindex, nofollow\" \/>\n<meta property=\"og:locale\" content=\"fr_FR\" \/>\n<meta property=\"og:type\" content=\"article\" \/>\n<meta property=\"og:title\" content=\"Programme | Axelor Open Summit\" \/>\n<meta property=\"og:description\" content=\"Programme de la journ\u00e9e\" \/>\n<meta property=\"og:url\" content=\"https:\/\/axelor.com\/fr\/axelor-open-summit\/programme\/\" \/>\n<meta property=\"og:site_name\" content=\"Axelor\" \/>\n<meta property=\"article:modified_time\" content=\"2024-11-25T09:55:37+00:00\" \/>\n<meta property=\"og:image\" content=\"https:\/\/axelor.com\/wp-content\/uploads\/2023\/05\/logo-axelor-blanc.svg\" \/>\n<meta name=\"twitter:card\" content=\"summary_large_image\" \/>\n<meta name=\"twitter:label1\" content=\"Dur\u00e9e de lecture estim\u00e9e\" \/>\n\t<meta name=\"twitter:data1\" content=\"4 minutes\" \/>\n<script type=\"application\/ld+json\" class=\"yoast-schema-graph\">{\"@context\":\"https:\/\/schema.org\",\"@graph\":[{\"@type\":\"WebPage\",\"@id\":\"https:\/\/axelor.com\/fr\/axelor-open-summit\/programme\/\",\"url\":\"https:\/\/axelor.com\/fr\/axelor-open-summit\/programme\/\",\"name\":\"Programme | Axelor Open Summit\",\"isPartOf\":{\"@id\":\"https:\/\/axelor.com\/#website\"},\"datePublished\":\"2023-05-23T16:07:06+00:00\",\"dateModified\":\"2024-11-25T09:55:37+00:00\",\"breadcrumb\":{\"@id\":\"https:\/\/axelor.com\/fr\/axelor-open-summit\/programme\/#breadcrumb\"},\"inLanguage\":\"fr-FR\",\"potentialAction\":[{\"@type\":\"ReadAction\",\"target\":[\"https:\/\/axelor.com\/fr\/axelor-open-summit\/programme\/\"]}]},{\"@type\":\"BreadcrumbList\",\"@id\":\"https:\/\/axelor.com\/fr\/axelor-open-summit\/programme\/#breadcrumb\",\"itemListElement\":[{\"@type\":\"ListItem\",\"position\":1,\"name\":\"Accueil\",\"item\":\"https:\/\/axelor.com\/\"},{\"@type\":\"ListItem\",\"position\":2,\"name\":\"Axelor Open Summit\",\"item\":\"https:\/\/axelor.com\/fr\/axelor-open-summit\/\"},{\"@type\":\"ListItem\",\"position\":3,\"name\":\"Programme\"}]},{\"@type\":\"WebSite\",\"@id\":\"https:\/\/axelor.com\/#website\",\"url\":\"https:\/\/axelor.com\/\",\"name\":\"Axelor\",\"description\":\"ERP CRM BPM Open Source\",\"potentialAction\":[{\"@type\":\"SearchAction\",\"target\":{\"@type\":\"EntryPoint\",\"urlTemplate\":\"https:\/\/axelor.com\/?s={search_term_string}\"},\"query-input\":\"required name=search_term_string\"}],\"inLanguage\":\"fr-FR\"}]}<\/script>\n<!-- \/ Yoast SEO plugin. -->","yoast_head_json":{"title":"Programme | Axelor Open Summit","robots":{"index":"noindex","follow":"nofollow"},"og_locale":"fr_FR","og_type":"article","og_title":"Programme | Axelor Open Summit","og_description":"Programme de la journ\u00e9e","og_url":"https:\/\/axelor.com\/fr\/axelor-open-summit\/programme\/","og_site_name":"Axelor","article_modified_time":"2024-11-25T09:55:37+00:00","og_image":[{"url":"https:\/\/axelor.com\/wp-content\/uploads\/2023\/05\/logo-axelor-blanc.svg"}],"twitter_card":"summary_large_image","twitter_misc":{"Dur\u00e9e de lecture estim\u00e9e":"4 minutes"},"schema":{"@context":"https:\/\/schema.org","@graph":[{"@type":"WebPage","@id":"https:\/\/axelor.com\/fr\/axelor-open-summit\/programme\/","url":"https:\/\/axelor.com\/fr\/axelor-open-summit\/programme\/","name":"Programme | Axelor Open Summit","isPartOf":{"@id":"https:\/\/axelor.com\/#website"},"datePublished":"2023-05-23T16:07:06+00:00","dateModified":"2024-11-25T09:55:37+00:00","breadcrumb":{"@id":"https:\/\/axelor.com\/fr\/axelor-open-summit\/programme\/#breadcrumb"},"inLanguage":"fr-FR","potentialAction":[{"@type":"ReadAction","target":["https:\/\/axelor.com\/fr\/axelor-open-summit\/programme\/"]}]},{"@type":"BreadcrumbList","@id":"https:\/\/axelor.com\/fr\/axelor-open-summit\/programme\/#breadcrumb","itemListElement":[{"@type":"ListItem","position":1,"name":"Accueil","item":"https:\/\/axelor.com\/"},{"@type":"ListItem","position":2,"name":"Axelor Open Summit","item":"https:\/\/axelor.com\/fr\/axelor-open-summit\/"},{"@type":"ListItem","position":3,"name":"Programme"}]},{"@type":"WebSite","@id":"https:\/\/axelor.com\/#website","url":"https:\/\/axelor.com\/","name":"Axelor","description":"ERP CRM BPM Open Source","potentialAction":[{"@type":"SearchAction","target":{"@type":"EntryPoint","urlTemplate":"https:\/\/axelor.com\/?s={search_term_string}"},"query-input":"required name=search_term_string"}],"inLanguage":"fr-FR"}]}},"_links":{"self":[{"href":"https:\/\/axelor.com\/fr\/wp-json\/wp\/v2\/pages\/359687"}],"collection":[{"href":"https:\/\/axelor.com\/fr\/wp-json\/wp\/v2\/pages"}],"about":[{"href":"https:\/\/axelor.com\/fr\/wp-json\/wp\/v2\/types\/page"}],"author":[{"embeddable":true,"href":"https:\/\/axelor.com\/fr\/wp-json\/wp\/v2\/users\/3"}],"replies":[{"embeddable":true,"href":"https:\/\/axelor.com\/fr\/wp-json\/wp\/v2\/comments?post=359687"}],"version-history":[{"count":55,"href":"https:\/\/axelor.com\/fr\/wp-json\/wp\/v2\/pages\/359687\/revisions"}],"predecessor-version":[{"id":378016,"href":"https:\/\/axelor.com\/fr\/wp-json\/wp\/v2\/pages\/359687\/revisions\/378016"}],"up":[{"embeddable":true,"href":"https:\/\/axelor.com\/fr\/wp-json\/wp\/v2\/pages\/358645"}],"wp:attachment":[{"href":"https:\/\/axelor.com\/fr\/wp-json\/wp\/v2\/media?parent=359687"}],"curies":[{"name":"wp","href":"https:\/\/api.w.org\/{rel}","templated":true}]}}