{"id":360818,"date":"2023-06-05T12:01:43","date_gmt":"2023-06-05T10:01:43","guid":{"rendered":"https:\/\/axelor.com\/?page_id=360818"},"modified":"2024-11-25T11:01:15","modified_gmt":"2024-11-25T10:01:15","slug":"aos-infos-pratiques","status":"publish","type":"page","link":"https:\/\/axelor.com\/fr\/axelor-open-summit\/aos-infos-pratiques\/","title":{"rendered":"Informations pratiques"},"content":{"rendered":"<p>[et_pb_section fb_built=&#8221;1&#8243; fullwidth=&#8221;on&#8221; _builder_version=&#8221;4.10.5&#8243; _module_preset=&#8221;default&#8221; global_module=&#8221;360058&#8243; saved_tabs=&#8221;all&#8221; global_colors_info=&#8221;{}&#8221;][et_pb_fullwidth_code _builder_version=&#8221;4.10.5&#8243; _module_preset=&#8221;default&#8221; global_colors_info=&#8221;{}&#8221;]<\/p>\n<nav class=\"aos-nav dark\"><!-- [et_pb_line_break_holder] -->    <\/p>\n<div><a href=\"https:\/\/axelor.com\/fr\/axelor-open-summit\"><!-- [et_pb_line_break_holder] -->      <\/p>\n<figure><img decoding=\"async\" src=\"https:\/\/axelor.com\/wp-content\/uploads\/2023\/05\/logo-axelor-blanc.svg\"><\/figure>\n<p><!-- [et_pb_line_break_holder] -->    <pee style=\"text-align: center;\"><span class=\"gradient-text active-gradient\">Open Summit<\/span><\/pee><\/a><\/div>\n<p><!-- [et_pb_line_break_holder] -->    <\/p>\n<div class=\"burger-button\"><!-- [et_pb_line_break_holder] -->    <input type=\"checkbox\" id=\"burger\" class=\"burger\" name=\"burger\"><!-- [et_pb_line_break_holder] -->    <label for=\"burger\" class=\"burger-label\"><\/label><!-- [et_pb_line_break_holder] -->  <\/div>\n<p>  <!-- [et_pb_line_break_holder] -->    <\/p>\n<div id=\"aos-nav-content\"><!-- [et_pb_line_break_holder] -->      <\/p>\n<div><!-- [et_pb_line_break_holder] -->        <\/p>\n<ul><!-- [et_pb_line_break_holder] -->          <\/p>\n<li><a href=\"#\"><pee>Programme<\/pee><\/a><!-- [et_pb_line_break_holder] -->\n<ul><!-- [et_pb_line_break_holder] -->                <\/p>\n<li><a href=\"https:\/\/axelor.com\/fr\/axelor-open-summit\/programme\/\"><pee>Conf\u00e9rences<\/pee><\/a><\/li>\n<p><!-- [et_pb_line_break_holder] -->                <\/p>\n<li><a href=\"https:\/\/axelor.com\/fr\/axelor-open-summit\/atelier\/\"><pee>Ateliers<\/pee><\/a><\/li>\n<p><!-- [et_pb_line_break_holder] -->            <\/ul>\n<p><!-- [et_pb_line_break_holder] -->        <\/li>\n<p><!-- [et_pb_line_break_holder] -->         <\/p>\n<li><a href=\"https:\/\/axelor.com\/fr\/axelor-open-summit\/liste-des-exposants\/\"><pee>Liste des exposants<\/pee><\/a><\/li>\n<p><!-- [et_pb_line_break_holder] -->          <\/p>\n<li><a href=\"https:\/\/axelor.com\/fr\/axelor-open-summit\/village\/\"><pee>Le village<\/pee><\/a><\/li>\n<p><!-- [et_pb_line_break_holder] -->          <\/p>\n<li><a href=\"https:\/\/axelor.com\/fr\/axelor-open-summit\/aos-infos-pratiques\/\"><pee>Informations pratiques<\/pee><\/a><\/li>\n<p><!-- [et_pb_line_break_holder] -->        <\/ul>\n<p><!-- [et_pb_line_break_holder] -->      <\/div>\n<p><!-- [et_pb_line_break_holder] -->      <a href=\"https:\/\/axelor.com\/fr\/axelor-open-summit#form\" class=\"button first\"><pee>S&#8217;inscrire<\/pee><\/a><!-- [et_pb_line_break_holder] -->    <\/div>\n<p><!-- [et_pb_line_break_holder] -->  <\/nav>\n<p>[\/et_pb_fullwidth_code][\/et_pb_section][et_pb_section fb_built=&#8221;1&#8243; module_class=&#8221;dark&#8221; _builder_version=&#8221;4.10.5&#8243; _module_preset=&#8221;default&#8221; width=&#8221;100%&#8221; max_width=&#8221;100%&#8221; custom_margin=&#8221;0px|0px|0px|0px|false|false&#8221; custom_padding=&#8221;0px|0px|0px|0px|false|false&#8221; custom_css_main_element=&#8221;z-index:-1;&#8221; global_colors_info=&#8221;{}&#8221;][et_pb_row _builder_version=&#8221;4.10.5&#8243; _module_preset=&#8221;default&#8221; width=&#8221;100%&#8221; max_width=&#8221;100%&#8221; custom_margin=&#8221;0px|0px|0px|0px|false|false&#8221; custom_padding=&#8221;0px|0px|0px|0px|false|false&#8221; locked=&#8221;off&#8221; global_colors_info=&#8221;{}&#8221;][et_pb_column type=&#8221;4_4&#8243; _builder_version=&#8221;4.10.5&#8243; _module_preset=&#8221;default&#8221; global_colors_info=&#8221;{}&#8221;][et_pb_code disabled_on=&#8221;off|off|off&#8221; _builder_version=&#8221;4.10.5&#8243; _module_preset=&#8221;default&#8221; custom_margin=&#8221;0px||0px||false|false&#8221; custom_padding=&#8221;0px||0px||false|false&#8221; custom_css_main_element=&#8221;z-index:-3;||position:relative;&#8221; locked=&#8221;off&#8221; global_colors_info=&#8221;{}&#8221;]<svg <!-- [et_pb_line_break_holder] -->  class=&#8221;bokeh&#8221; <!-- [et_pb_line_break_holder] -->  viewBox=&#8221;0 0 10 10&#8243; <!-- [et_pb_line_break_holder] -->  xmlns=&#8221;http:\/\/www.w3.org\/2000\/svg&#8221; <!-- [et_pb_line_break_holder] --><!-- [et_pb_line_break_holder] -->     ><!-- [et_pb_line_break_holder] -->  <circle cx=\"70%\" cy=\"85%\" r=\"55%\"  \/><!-- [et_pb_line_break_holder] -->  <circle cx=\"10%\" cy=\"50%\" r=\"15%\"   \/><!-- [et_pb_line_break_holder] -->  <circle cx=\"45%\" cy=\"35%\" r=\"30%\"  \/><!-- [et_pb_line_break_holder] --><\/svg>[\/et_pb_code][\/et_pb_column][\/et_pb_row][\/et_pb_section][et_pb_section fb_built=&#8221;1&#8243; module_class=&#8221;dark&#8221; _builder_version=&#8221;4.10.5&#8243; _module_preset=&#8221;default&#8221; custom_margin=&#8221;||||false|false&#8221; custom_padding=&#8221;200px||||false|false&#8221; locked=&#8221;off&#8221; global_colors_info=&#8221;{}&#8221;][et_pb_row _builder_version=&#8221;4.10.5&#8243; _module_preset=&#8221;default&#8221; width=&#8221;90%&#8221; max_width=&#8221;960px&#8221; global_colors_info=&#8221;{}&#8221;][et_pb_column type=&#8221;4_4&#8243; _builder_version=&#8221;4.10.5&#8243; _module_preset=&#8221;default&#8221; global_colors_info=&#8221;{}&#8221;][et_pb_text _builder_version=&#8221;4.10.5&#8243; _module_preset=&#8221;default&#8221; global_colors_info=&#8221;{}&#8221;]<\/p>\n<h1 style=\"text-align: center;\">Informations pratiques<\/h1>\n<p>[\/et_pb_text][\/et_pb_column][\/et_pb_row][\/et_pb_section][et_pb_section fb_built=&#8221;1&#8243; module_class=&#8221;dark&#8221; _builder_version=&#8221;4.10.5&#8243; _module_preset=&#8221;default&#8221; global_colors_info=&#8221;{}&#8221;][et_pb_row column_structure=&#8221;1_2,1_2&#8243; module_class=&#8221;ver-center&#8221; _builder_version=&#8221;4.10.5&#8243; _module_preset=&#8221;default&#8221; width=&#8221;90%&#8221; max_width=&#8221;1380px&#8221; global_colors_info=&#8221;{}&#8221;][et_pb_column type=&#8221;1_2&#8243; _builder_version=&#8221;4.10.5&#8243; _module_preset=&#8221;default&#8221; background_color=&#8221;rgba(5,5,45,0.74)&#8221; custom_padding=&#8221;40px|40px|40px|40px|true|true&#8221; border_radii=&#8221;on|4px|4px|4px|4px&#8221; global_colors_info=&#8221;{}&#8221;][et_pb_text _builder_version=&#8221;4.10.5&#8243; _module_preset=&#8221;default&#8221; global_colors_info=&#8221;{}&#8221;]<\/p>\n<h3 style=\"text-align: left;\">Date<\/h3>\n<p style=\"text-align: left;\">23 Novembre 2023 &#8211; de 9h \u00e0 18h<\/p>\n<h3 style=\"text-align: left;\">Lieu<\/h3>\n<p style=\"text-align: left;\">Station F &#8211; 55 Boulevard Vincent Auriol, 75013 Paris<\/p>\n<h3 style=\"text-align: left;\"><\/h3>\n<h3 style=\"text-align: left;\">Se rendre sur le salon<\/h3>\n<p style=\"text-align: left;\"><strong>Metro<\/strong> : Ligne 6, Stations Chevaleret ou Quai de la Gare<br \/><strong>Metro<\/strong> : Ligne 14, Station Biblioth\u00e8que Fran\u00e7ois Mitterrand<br \/><strong>RER<\/strong> : Ligne C, Station Biblioth\u00e8que Fran\u00e7ois Mitterrand<br \/><strong>Bus<\/strong> : Ligne 89, Arr\u00eat Vincent Auriol<\/p>\n<h3 style=\"text-align: left;\"><\/h3>\n<h3 style=\"text-align: left;\">Parking<\/h3>\n<p style=\"text-align: left;\">Parking Indigo Bords de Seine \u2013 Freyssinet<br \/>21 rue Abel Gance, 75013<\/p>\n<h3 style=\"text-align: left;\">Restauration<\/h3>\n<p style=\"text-align: left;\">Pour les exposants :<br \/>Une lunchbox sera pr\u00e9vue pour les exposants.<\/p>\n<p style=\"text-align: left;\">Autres points de restauration \u00e0 la Station F :<\/p>\n<p style=\"text-align: left;\"><strong>La Felicit\u00e0 :<\/strong><br \/>Situ\u00e9 \u00e0 l\u2019int\u00e9rieur de la Station F<br \/>55 bd. Vincent Auriol\/ et place Grace-Murray-Hopper, 75013 Paris<br \/>La Felicit\u00e0 est un restaurant italien g\u00e9ant ouvert 7j\/7 avec cinq cuisines et deux bars.<\/p>\n<p>[\/et_pb_text][\/et_pb_column][et_pb_column type=&#8221;1_2&#8243; _builder_version=&#8221;4.10.5&#8243; _module_preset=&#8221;default&#8221; custom_css_main_element=&#8221;position:-webkit-sticky !important;||position:sticky !important;||top:54px !important;&#8221; global_colors_info=&#8221;{}&#8221;][et_pb_code _builder_version=&#8221;4.10.5&#8243; _module_preset=&#8221;default&#8221; global_colors_info=&#8221;{}&#8221;]<iframe src=\"https:\/\/www.google.com\/maps\/embed?pb=!1m18!1m12!1m3!1d2626.3026680209127!2d2.369203676980544!3d48.83336520246662!2m3!1f0!2f0!3f0!3m2!1i1024!2i768!4f13.1!3m3!1m2!1s0x47e67222208823cf%3A0x541ecb63365de48!2sSTATION%20F!5e0!3m2!1sfr!2sfr!4v1685970914188!5m2!1sfr!2sfr\" width=\"100%\" height=\"450\" style=\"border:0;\" allowfullscreen=\"\" loading=\"lazy\" referrerpolicy=\"no-referrer-when-downgrade\"><\/iframe>[\/et_pb_code][\/et_pb_column][\/et_pb_row][et_pb_row column_structure=&#8221;1_2,1_2&#8243; module_class=&#8221;ver-center&#8221; _builder_version=&#8221;4.10.5&#8243; _module_preset=&#8221;default&#8221; global_colors_info=&#8221;{}&#8221;][et_pb_column type=&#8221;1_2&#8243; _builder_version=&#8221;4.10.5&#8243; _module_preset=&#8221;default&#8221; global_colors_info=&#8221;{}&#8221;][et_pb_image src=&#8221;https:\/\/axelor.com\/wp-content\/uploads\/2023\/11\/la-felicita.jpg&#8221; title_text=&#8221;la-felicita&#8221; _builder_version=&#8221;4.10.5&#8243; _module_preset=&#8221;default&#8221; hover_enabled=&#8221;0&#8243; global_colors_info=&#8221;{}&#8221; sticky_enabled=&#8221;0&#8243;][\/et_pb_image][\/et_pb_column][et_pb_column type=&#8221;1_2&#8243; _builder_version=&#8221;4.10.5&#8243; _module_preset=&#8221;default&#8221; global_colors_info=&#8221;{}&#8221;][et_pb_image src=&#8221;https:\/\/axelor.com\/wp-content\/uploads\/2023\/11\/station-F.jpg&#8221; alt=&#8221;Doc &#8211; Gare F&#8221; title_text=&#8221;station-F&#8221; _builder_version=&#8221;4.10.5&#8243; _module_preset=&#8221;default&#8221; hover_enabled=&#8221;0&#8243; global_colors_info=&#8221;{}&#8221; sticky_enabled=&#8221;0&#8243;][\/et_pb_image][\/et_pb_column][\/et_pb_row][\/et_pb_section][et_pb_section fb_built=&#8221;1&#8243; _builder_version=&#8221;4.10.5&#8243; _module_preset=&#8221;default&#8221; width=&#8221;100%&#8221; max_width=&#8221;100%&#8221; custom_margin=&#8221;0px|0px|0px|0px|false|false&#8221; custom_padding=&#8221;0px|0px|0px|0px|false|false&#8221; custom_css_main_element=&#8221;z-index:-1;&#8221; global_colors_info=&#8221;{}&#8221;][et_pb_row _builder_version=&#8221;4.10.5&#8243; _module_preset=&#8221;default&#8221; width=&#8221;100%&#8221; max_width=&#8221;100%&#8221; custom_margin=&#8221;0px|0px|0px|0px|false|false&#8221; custom_padding=&#8221;0px|0px|0px|0px|false|false&#8221; global_colors_info=&#8221;{}&#8221;][et_pb_column type=&#8221;4_4&#8243; _builder_version=&#8221;4.10.5&#8243; _module_preset=&#8221;default&#8221; global_colors_info=&#8221;{}&#8221;][et_pb_code disabled_on=&#8221;off|off|off&#8221; _builder_version=&#8221;4.10.5&#8243; _module_preset=&#8221;default&#8221; custom_margin=&#8221;0px||0px||false|false&#8221; custom_padding=&#8221;0px||0px||false|false&#8221; custom_css_main_element=&#8221;z-index:-3;||position:relative;&#8221; locked=&#8221;off&#8221; global_colors_info=&#8221;{}&#8221;]<svg <!-- [et_pb_line_break_holder] -->  class=&#8221;bokeh&#8221; <!-- [et_pb_line_break_holder] -->  viewBox=&#8221;0 0 10 10&#8243; <!-- [et_pb_line_break_holder] -->  xmlns=&#8221;http:\/\/www.w3.org\/2000\/svg&#8221; <!-- [et_pb_line_break_holder] --><!-- [et_pb_line_break_holder] -->     ><!-- [et_pb_line_break_holder] -->  <circle cx=\"70%\" cy=\"85%\" r=\"55%\"  \/><!-- [et_pb_line_break_holder] -->  <circle cx=\"10%\" cy=\"50%\" r=\"15%\"   \/><!-- [et_pb_line_break_holder] -->  <circle cx=\"45%\" cy=\"35%\" r=\"30%\"  \/><!-- [et_pb_line_break_holder] --><\/svg>[\/et_pb_code][\/et_pb_column][\/et_pb_row][\/et_pb_section][et_pb_section fb_built=&#8221;1&#8243; fullwidth=&#8221;on&#8221; _builder_version=&#8221;4.10.5&#8243; _module_preset=&#8221;default&#8221; custom_css_main_element=&#8221;z-index:-1;&#8221; global_module=&#8221;360059&#8243; saved_tabs=&#8221;all&#8221; global_colors_info=&#8221;{}&#8221;][et_pb_fullwidth_code _builder_version=&#8221;4.10.5&#8243; _module_preset=&#8221;default&#8221; background_color=&#8221;#05052d&#8221; global_colors_info=&#8221;{}&#8221;]<\/p>\n<footer class=\"aos-footer dark\"><!-- [et_pb_line_break_holder] -->    <\/p>\n<div><!-- [et_pb_line_break_holder] -->        <\/p>\n<div><!-- [et_pb_line_break_holder] -->            <\/p>\n<div><!-- [et_pb_line_break_holder] -->                <\/p>\n<figure><img decoding=\"async\" src=\"https:\/\/axelor.com\/wp-content\/uploads\/2023\/05\/logo-axelor-blanc.svg\"><\/figure>\n<p><!-- [et_pb_line_break_holder] -->            <pee style=\"text-align: center;\"><span class=\"gradient-text active-gradient\">Open Summit<\/span><\/pee><!-- [et_pb_line_break_holder] -->            <\/div>\n<p> <!-- [et_pb_line_break_holder] -->        <\/p>\n<ul class=\"light\"><!-- [et_pb_line_break_holder] -->            <\/p>\n<li><a href=\"https:\/\/www.linkedin.com\/company\/axelor\/\"><br \/>\n<figure><img decoding=\"async\" src=\"https:\/\/axelor.com\/wp-content\/uploads\/2023\/05\/logo-linkedin.svg\"><\/figure>\n<p><\/a><\/li>\n<p><!-- [et_pb_line_break_holder] -->            <\/p>\n<li><a href=\"https:\/\/twitter.com\/Axelor\"><br \/>\n<figure><img decoding=\"async\" src=\"https:\/\/axelor.com\/wp-content\/uploads\/2023\/05\/logo-twitter.svg\"><\/figure>\n<p><\/a><\/li>\n<p><!-- [et_pb_line_break_holder] -->            <\/p>\n<li><a href=\"https:\/\/www.instagram.com\/axelor.official\/\"><br \/>\n<figure><img decoding=\"async\" src=\"https:\/\/axelor.com\/wp-content\/uploads\/2023\/05\/logo-instagram.svg\"><\/figure>\n<p><\/a><\/li>\n<p><!-- [et_pb_line_break_holder] -->        <\/ul>\n<p><!-- [et_pb_line_break_holder] -->        <\/div>\n<p><!-- [et_pb_line_break_holder] -->    <\/div>\n<p><!-- [et_pb_line_break_holder] -->    <\/p>\n<div class=\"divider\"><\/div>\n<p><!-- [et_pb_line_break_holder] -->    <\/p>\n<div><!-- [et_pb_line_break_holder] -->        <\/p>\n<ul><!-- [et_pb_line_break_holder] -->            <\/p>\n<li><a href=\"https:\/\/axelor.com\/fr\/politique-de-confidentialite\/\">Politiques de confidentialit\u00e9<\/a><\/li>\n<p><!-- [et_pb_line_break_holder] -->            <\/p>\n<li><a href=\"https:\/\/axelor.com\/fr\/mentions-legales\/\">Mentions l\u00e9gales<\/a><\/li>\n<p><!-- [et_pb_line_break_holder] -->        <\/ul>\n<p><!-- [et_pb_line_break_holder] -->    <\/div>\n<p><!-- [et_pb_line_break_holder] --><\/footer>\n<p>[\/et_pb_fullwidth_code][\/et_pb_section]<\/p>\n","protected":false},"excerpt":{"rendered":"<p>Informations pratiquesDate 23 Novembre 2023 &#8211; de 9h \u00e0 18h Lieu Station F &#8211; 55 Boulevard Vincent Auriol, 75013 Paris Se rendre sur le salon Metro : Ligne 6, Stations Chevaleret ou Quai de la GareMetro : Ligne 14, Station Biblioth\u00e8que Fran\u00e7ois MitterrandRER : Ligne C, Station Biblioth\u00e8que Fran\u00e7ois MitterrandBus : Ligne 89, Arr\u00eat Vincent [&hellip;]<\/p>\n","protected":false},"author":3,"featured_media":0,"parent":358645,"menu_order":0,"comment_status":"closed","ping_status":"closed","template":"page-template-blank.php","meta":{"_acf_changed":false,"_et_pb_use_builder":"on","_et_pb_old_content":"","_et_gb_content_width":"","content-type":"","inline_featured_image":false,"footnotes":""},"acf":[],"yoast_head":"<!-- This site is optimized with the Yoast SEO plugin v22.0 - https:\/\/yoast.com\/wordpress\/plugins\/seo\/ -->\n<title>Informations pratiques | Axelor Open Summit<\/title>\n<meta name=\"robots\" content=\"noindex, nofollow\" \/>\n<meta property=\"og:locale\" content=\"fr_FR\" \/>\n<meta property=\"og:type\" content=\"article\" \/>\n<meta property=\"og:title\" content=\"Informations pratiques | Axelor Open Summit\" \/>\n<meta property=\"og:description\" content=\"Informations pratiquesDate 23 Novembre 2023 - de 9h \u00e0 18h Lieu Station F - 55 Boulevard Vincent Auriol, 75013 Paris Se rendre sur le salon Metro : Ligne 6, Stations Chevaleret ou Quai de la GareMetro : Ligne 14, Station Biblioth\u00e8que Fran\u00e7ois MitterrandRER : Ligne C, Station Biblioth\u00e8que Fran\u00e7ois MitterrandBus : Ligne 89, Arr\u00eat Vincent [&hellip;]\" \/>\n<meta property=\"og:url\" content=\"https:\/\/axelor.com\/fr\/axelor-open-summit\/aos-infos-pratiques\/\" \/>\n<meta property=\"og:site_name\" content=\"Axelor\" \/>\n<meta property=\"article:modified_time\" content=\"2024-11-25T10:01:15+00:00\" \/>\n<meta property=\"og:image\" content=\"https:\/\/axelor.com\/wp-content\/uploads\/2023\/05\/logo-axelor-blanc.svg\" \/>\n<meta name=\"twitter:card\" content=\"summary_large_image\" \/>\n<meta name=\"twitter:label1\" content=\"Dur\u00e9e de lecture estim\u00e9e\" \/>\n\t<meta name=\"twitter:data1\" content=\"3 minutes\" \/>\n<script type=\"application\/ld+json\" class=\"yoast-schema-graph\">{\"@context\":\"https:\/\/schema.org\",\"@graph\":[{\"@type\":\"WebPage\",\"@id\":\"https:\/\/axelor.com\/fr\/axelor-open-summit\/aos-infos-pratiques\/\",\"url\":\"https:\/\/axelor.com\/fr\/axelor-open-summit\/aos-infos-pratiques\/\",\"name\":\"Informations pratiques | Axelor Open Summit\",\"isPartOf\":{\"@id\":\"https:\/\/axelor.com\/#website\"},\"datePublished\":\"2023-06-05T10:01:43+00:00\",\"dateModified\":\"2024-11-25T10:01:15+00:00\",\"breadcrumb\":{\"@id\":\"https:\/\/axelor.com\/fr\/axelor-open-summit\/aos-infos-pratiques\/#breadcrumb\"},\"inLanguage\":\"fr-FR\",\"potentialAction\":[{\"@type\":\"ReadAction\",\"target\":[\"https:\/\/axelor.com\/fr\/axelor-open-summit\/aos-infos-pratiques\/\"]}]},{\"@type\":\"BreadcrumbList\",\"@id\":\"https:\/\/axelor.com\/fr\/axelor-open-summit\/aos-infos-pratiques\/#breadcrumb\",\"itemListElement\":[{\"@type\":\"ListItem\",\"position\":1,\"name\":\"Accueil\",\"item\":\"https:\/\/axelor.com\/\"},{\"@type\":\"ListItem\",\"position\":2,\"name\":\"Axelor Open Summit\",\"item\":\"https:\/\/axelor.com\/fr\/axelor-open-summit\/\"},{\"@type\":\"ListItem\",\"position\":3,\"name\":\"Informations pratiques\"}]},{\"@type\":\"WebSite\",\"@id\":\"https:\/\/axelor.com\/#website\",\"url\":\"https:\/\/axelor.com\/\",\"name\":\"Axelor\",\"description\":\"ERP CRM BPM Open Source\",\"potentialAction\":[{\"@type\":\"SearchAction\",\"target\":{\"@type\":\"EntryPoint\",\"urlTemplate\":\"https:\/\/axelor.com\/?s={search_term_string}\"},\"query-input\":\"required name=search_term_string\"}],\"inLanguage\":\"fr-FR\"}]}<\/script>\n<!-- \/ Yoast SEO plugin. -->","yoast_head_json":{"title":"Informations pratiques | Axelor Open Summit","robots":{"index":"noindex","follow":"nofollow"},"og_locale":"fr_FR","og_type":"article","og_title":"Informations pratiques | Axelor Open Summit","og_description":"Informations pratiquesDate 23 Novembre 2023 - de 9h \u00e0 18h Lieu Station F - 55 Boulevard Vincent Auriol, 75013 Paris Se rendre sur le salon Metro : Ligne 6, Stations Chevaleret ou Quai de la GareMetro : Ligne 14, Station Biblioth\u00e8que Fran\u00e7ois MitterrandRER : Ligne C, Station Biblioth\u00e8que Fran\u00e7ois MitterrandBus : Ligne 89, Arr\u00eat Vincent [&hellip;]","og_url":"https:\/\/axelor.com\/fr\/axelor-open-summit\/aos-infos-pratiques\/","og_site_name":"Axelor","article_modified_time":"2024-11-25T10:01:15+00:00","og_image":[{"url":"https:\/\/axelor.com\/wp-content\/uploads\/2023\/05\/logo-axelor-blanc.svg"}],"twitter_card":"summary_large_image","twitter_misc":{"Dur\u00e9e de lecture estim\u00e9e":"3 minutes"},"schema":{"@context":"https:\/\/schema.org","@graph":[{"@type":"WebPage","@id":"https:\/\/axelor.com\/fr\/axelor-open-summit\/aos-infos-pratiques\/","url":"https:\/\/axelor.com\/fr\/axelor-open-summit\/aos-infos-pratiques\/","name":"Informations pratiques | Axelor Open Summit","isPartOf":{"@id":"https:\/\/axelor.com\/#website"},"datePublished":"2023-06-05T10:01:43+00:00","dateModified":"2024-11-25T10:01:15+00:00","breadcrumb":{"@id":"https:\/\/axelor.com\/fr\/axelor-open-summit\/aos-infos-pratiques\/#breadcrumb"},"inLanguage":"fr-FR","potentialAction":[{"@type":"ReadAction","target":["https:\/\/axelor.com\/fr\/axelor-open-summit\/aos-infos-pratiques\/"]}]},{"@type":"BreadcrumbList","@id":"https:\/\/axelor.com\/fr\/axelor-open-summit\/aos-infos-pratiques\/#breadcrumb","itemListElement":[{"@type":"ListItem","position":1,"name":"Accueil","item":"https:\/\/axelor.com\/"},{"@type":"ListItem","position":2,"name":"Axelor Open Summit","item":"https:\/\/axelor.com\/fr\/axelor-open-summit\/"},{"@type":"ListItem","position":3,"name":"Informations pratiques"}]},{"@type":"WebSite","@id":"https:\/\/axelor.com\/#website","url":"https:\/\/axelor.com\/","name":"Axelor","description":"ERP CRM BPM Open Source","potentialAction":[{"@type":"SearchAction","target":{"@type":"EntryPoint","urlTemplate":"https:\/\/axelor.com\/?s={search_term_string}"},"query-input":"required name=search_term_string"}],"inLanguage":"fr-FR"}]}},"_links":{"self":[{"href":"https:\/\/axelor.com\/fr\/wp-json\/wp\/v2\/pages\/360818"}],"collection":[{"href":"https:\/\/axelor.com\/fr\/wp-json\/wp\/v2\/pages"}],"about":[{"href":"https:\/\/axelor.com\/fr\/wp-json\/wp\/v2\/types\/page"}],"author":[{"embeddable":true,"href":"https:\/\/axelor.com\/fr\/wp-json\/wp\/v2\/users\/3"}],"replies":[{"embeddable":true,"href":"https:\/\/axelor.com\/fr\/wp-json\/wp\/v2\/comments?post=360818"}],"version-history":[{"count":17,"href":"https:\/\/axelor.com\/fr\/wp-json\/wp\/v2\/pages\/360818\/revisions"}],"predecessor-version":[{"id":378060,"href":"https:\/\/axelor.com\/fr\/wp-json\/wp\/v2\/pages\/360818\/revisions\/378060"}],"up":[{"embeddable":true,"href":"https:\/\/axelor.com\/fr\/wp-json\/wp\/v2\/pages\/358645"}],"wp:attachment":[{"href":"https:\/\/axelor.com\/fr\/wp-json\/wp\/v2\/media?parent=360818"}],"curies":[{"name":"wp","href":"https:\/\/api.w.org\/{rel}","templated":true}]}}