{"id":366661,"date":"2023-08-07T12:38:21","date_gmt":"2023-08-07T10:38:21","guid":{"rendered":"https:\/\/axelor.com\/?page_id=366661"},"modified":"2024-11-25T10:55:51","modified_gmt":"2024-11-25T09:55:51","slug":"ateliers","status":"publish","type":"page","link":"https:\/\/axelor.com\/fr\/axelor-open-summi-3\/ateliers\/","title":{"rendered":"Ateliers"},"content":{"rendered":"<p>[et_pb_section fb_built=&#8221;1&#8243; fullwidth=&#8221;on&#8221; _builder_version=&#8221;4.10.5&#8243; _module_preset=&#8221;default&#8221; global_module=&#8221;360058&#8243; saved_tabs=&#8221;all&#8221; global_colors_info=&#8221;{}&#8221;][et_pb_fullwidth_code _builder_version=&#8221;4.10.5&#8243; _module_preset=&#8221;default&#8221; global_colors_info=&#8221;{}&#8221;]<\/p>\n<nav class=\"aos-nav dark\"><!-- [et_pb_line_break_holder] -->    <\/p>\n<div><a href=\"https:\/\/axelor.com\/fr\/axelor-open-summit\"><!-- [et_pb_line_break_holder] -->      <\/p>\n<figure><img decoding=\"async\" src=\"https:\/\/axelor.com\/wp-content\/uploads\/2023\/05\/logo-axelor-blanc.svg\"><\/figure>\n<p><!-- [et_pb_line_break_holder] -->    <pee style=\"text-align: center;\"><span class=\"gradient-text active-gradient\">Open Summit<\/span><\/pee><\/a><\/div>\n<p><!-- [et_pb_line_break_holder] -->    <\/p>\n<div class=\"burger-button\"><!-- [et_pb_line_break_holder] -->    <input type=\"checkbox\" id=\"burger\" class=\"burger\" name=\"burger\"><!-- [et_pb_line_break_holder] -->    <label for=\"burger\" class=\"burger-label\"><\/label><!-- [et_pb_line_break_holder] -->  <\/div>\n<p>  <!-- [et_pb_line_break_holder] -->    <\/p>\n<div id=\"aos-nav-content\"><!-- [et_pb_line_break_holder] -->      <\/p>\n<div><!-- [et_pb_line_break_holder] -->        <\/p>\n<ul><!-- [et_pb_line_break_holder] -->          <\/p>\n<li><a href=\"#\"><pee>Programme<\/pee><\/a><!-- [et_pb_line_break_holder] -->\n<ul><!-- [et_pb_line_break_holder] -->                <\/p>\n<li><a href=\"https:\/\/axelor.com\/fr\/axelor-open-summit\/programme\/\"><pee>Conf\u00e9rences<\/pee><\/a><\/li>\n<p><!-- [et_pb_line_break_holder] -->                <\/p>\n<li><a href=\"https:\/\/axelor.com\/fr\/axelor-open-summit\/atelier\/\"><pee>Ateliers<\/pee><\/a><\/li>\n<p><!-- [et_pb_line_break_holder] -->            <\/ul>\n<p><!-- [et_pb_line_break_holder] -->        <\/li>\n<p><!-- [et_pb_line_break_holder] -->         <\/p>\n<li><a href=\"https:\/\/axelor.com\/fr\/axelor-open-summit\/liste-des-exposants\/\"><pee>Liste des exposants<\/pee><\/a><\/li>\n<p><!-- [et_pb_line_break_holder] -->          <\/p>\n<li><a href=\"https:\/\/axelor.com\/fr\/axelor-open-summit\/village\/\"><pee>Le village<\/pee><\/a><\/li>\n<p><!-- [et_pb_line_break_holder] -->          <\/p>\n<li><a href=\"https:\/\/axelor.com\/fr\/axelor-open-summit\/aos-infos-pratiques\/\"><pee>Informations pratiques<\/pee><\/a><\/li>\n<p><!-- [et_pb_line_break_holder] -->        <\/ul>\n<p><!-- [et_pb_line_break_holder] -->      <\/div>\n<p><!-- [et_pb_line_break_holder] -->      <a href=\"https:\/\/axelor.com\/fr\/axelor-open-summit#form\" class=\"button first\"><pee>S&#8217;inscrire<\/pee><\/a><!-- [et_pb_line_break_holder] -->    <\/div>\n<p><!-- [et_pb_line_break_holder] -->  <\/nav>\n<p>[\/et_pb_fullwidth_code][\/et_pb_section][et_pb_section fb_built=&#8221;1&#8243; _builder_version=&#8221;4.10.5&#8243; _module_preset=&#8221;default&#8221; width=&#8221;100%&#8221; max_width=&#8221;100%&#8221; custom_margin=&#8221;0px|0px|0px|0px|false|false&#8221; custom_padding=&#8221;0px|0px|0px|0px|false|false&#8221; custom_css_main_element=&#8221;z-index:-1;&#8221; global_colors_info=&#8221;{}&#8221;][et_pb_row _builder_version=&#8221;4.10.5&#8243; _module_preset=&#8221;default&#8221; width=&#8221;100%&#8221; max_width=&#8221;100%&#8221; custom_margin=&#8221;0px|0px|0px|0px|false|false&#8221; custom_padding=&#8221;0px|0px|0px|0px|false|false&#8221; global_colors_info=&#8221;{}&#8221;][et_pb_column type=&#8221;4_4&#8243; _builder_version=&#8221;4.10.5&#8243; _module_preset=&#8221;default&#8221; global_colors_info=&#8221;{}&#8221;][et_pb_code disabled_on=&#8221;off|off|off&#8221; _builder_version=&#8221;4.10.5&#8243; _module_preset=&#8221;default&#8221; custom_margin=&#8221;0px||0px||false|false&#8221; custom_padding=&#8221;0px||0px||false|false&#8221; custom_css_main_element=&#8221;z-index:-3;||position:relative;&#8221; locked=&#8221;off&#8221; global_colors_info=&#8221;{}&#8221;]<svg <!-- [et_pb_line_break_holder] -->  class=&#8221;bokeh&#8221; <!-- [et_pb_line_break_holder] -->  viewBox=&#8221;0 0 10 10&#8243; <!-- [et_pb_line_break_holder] -->  xmlns=&#8221;http:\/\/www.w3.org\/2000\/svg&#8221; <!-- [et_pb_line_break_holder] --><!-- [et_pb_line_break_holder] -->     ><!-- [et_pb_line_break_holder] -->  <circle cx=\"70%\" cy=\"85%\" r=\"55%\"  \/><!-- [et_pb_line_break_holder] -->  <circle cx=\"10%\" cy=\"50%\" r=\"15%\"   \/><!-- [et_pb_line_break_holder] -->  <circle cx=\"45%\" cy=\"35%\" r=\"30%\"  \/><!-- [et_pb_line_break_holder] --><\/svg>[\/et_pb_code][\/et_pb_column][\/et_pb_row][\/et_pb_section][et_pb_section fb_built=&#8221;1&#8243; module_class=&#8221;dark&#8221; _builder_version=&#8221;4.10.5&#8243; _module_preset=&#8221;default&#8221; custom_margin=&#8221;||||false|false&#8221; custom_padding=&#8221;200px||||false|false&#8221; locked=&#8221;off&#8221; global_colors_info=&#8221;{}&#8221;][et_pb_row _builder_version=&#8221;4.10.5&#8243; _module_preset=&#8221;default&#8221; width=&#8221;90%&#8221; max_width=&#8221;960px&#8221; global_colors_info=&#8221;{}&#8221;][et_pb_column type=&#8221;4_4&#8243; _builder_version=&#8221;4.10.5&#8243; _module_preset=&#8221;default&#8221; global_colors_info=&#8221;{}&#8221;][et_pb_text _builder_version=&#8221;4.10.5&#8243; _module_preset=&#8221;default&#8221; global_colors_info=&#8221;{}&#8221;]<\/p>\n<h1 style=\"text-align: center;\">Programme des ateliers<\/h1>\n<p>[\/et_pb_text][\/et_pb_column][\/et_pb_row][\/et_pb_section][et_pb_section fb_built=&#8221;1&#8243; module_id=&#8221;aos&#8221; module_class=&#8221;dark&#8221; _builder_version=&#8221;4.10.5&#8243; _module_preset=&#8221;default&#8221; background_color_gradient_direction=&#8221;45deg&#8221; background_enable_image=&#8221;off&#8221; background_blend=&#8221;screen&#8221; custom_padding=&#8221;||150px||false|false&#8221; custom_css_main_element=&#8221;position:relative;||display:flex;||overflow:hidden;||justify-content:center;&#8221; global_colors_info=&#8221;{}&#8221;][et_pb_row _builder_version=&#8221;4.10.5&#8243; _module_preset=&#8221;default&#8221; width=&#8221;90%&#8221; max_width=&#8221;1380px&#8221; global_colors_info=&#8221;{}&#8221;][et_pb_column type=&#8221;4_4&#8243; _builder_version=&#8221;4.10.5&#8243; _module_preset=&#8221;default&#8221; global_colors_info=&#8221;{}&#8221;][et_pb_code _builder_version=&#8221;4.10.5&#8243; _module_preset=&#8221;default&#8221; hover_enabled=&#8221;0&#8243; global_colors_info=&#8221;{}&#8221; sticky_enabled=&#8221;0&#8243;]<\/p>\n<div class=\"grid _2\" id=\"aos-grid\"><!-- [et_pb_line_break_holder] -->  <\/p>\n<article class=\"card\"><!-- [et_pb_line_break_holder] -->    <\/p>\n<div class=\"card-content\"><!-- [et_pb_line_break_holder] -->      <pee class=\"back-title\">Atelier<\/pee><!-- [et_pb_line_break_holder] -->      <\/p>\n<h3>D\u00e9monstration g\u00e9n\u00e9rale de la plateforme Axelor<\/h3>\n<p><!-- [et_pb_line_break_holder] -->      <pee class=\"light schedule\">10h-11h<\/pee><!-- [et_pb_line_break_holder] -->      <pee class=\"light\"><!-- [et_pb_line_break_holder] -->        Rejoignez-nous lors de notre un tour d&#8217;horizon de l&#8217;ergonomie et des principaux modules de la solution Axelor : ERP, CRM, BPM, Cycle Commercial complet, etc&#8230; Vous d\u00e9couvrirez un aper\u00e7u des 30 modules qui rendent Axelor unique sur le march\u00e9. Ne manquez pas cette opportunit\u00e9 de comprendre comment Axelor peut am\u00e9liorer l&#8217;efficacit\u00e9 de votre entreprise et augmenter votre rentabilit\u00e9 !<!-- [et_pb_line_break_holder] -->      <\/pee><!-- [et_pb_line_break_holder] -->       <!-- [et_pb_line_break_holder] -->    <\/div>\n<p><!-- [et_pb_line_break_holder] -->  <\/article>\n<p><!-- [et_pb_line_break_holder] -->    <\/p>\n<article class=\"card\"><!-- [et_pb_line_break_holder] -->    <\/p>\n<div class=\"card-content\"><!-- [et_pb_line_break_holder] -->      <pee class=\"back-title\">Atelier<\/pee><!-- [et_pb_line_break_holder] -->      <\/p>\n<h3>ERP Gestion \u00e0 l&#8217;affaire<\/h3>\n<p><!-- [et_pb_line_break_holder] -->      <pee class=\"light schedule\">11h &#8211; 12h<\/pee><!-- [et_pb_line_break_holder] -->       <pee class=\"light\"><!-- [et_pb_line_break_holder] -->        Vous souhaitez piloter efficacement vos projets clients et suivre votre rentabilit\u00e9 en temps r\u00e9el ? C\u2019est possible avec la gestion \u00e0 l\u2019affaire int\u00e9gr\u00e9e d\u2019Axelor qui vous permet de centraliser l\u2019ensemble des donn\u00e9es de vos projets clients pour un suivi optimal.<!-- [et_pb_line_break_holder] -->      <\/pee><!-- [et_pb_line_break_holder] -->    <\/div>\n<p><!-- [et_pb_line_break_holder] -->  <\/article>\n<p><!-- [et_pb_line_break_holder] -->    <\/p>\n<article class=\"card\"><!-- [et_pb_line_break_holder] -->    <\/p>\n<div class=\"card-content\"><!-- [et_pb_line_break_holder] -->      <pee class=\"back-title\">Atelier<\/pee><!-- [et_pb_line_break_holder] -->      <\/p>\n<h3>Studio BPM<\/h3>\n<p><!-- [et_pb_line_break_holder] -->      <pee class=\"light schedule\">12h &#8211; 12h45<\/pee><!-- [et_pb_line_break_holder] -->       <pee class=\"light\"><!-- [et_pb_line_break_holder] -->        Saviez-vous qu\u2019\u00e0 partir du studio BPM vous pouvez construire graphiquement vos applications m\u00e9tiers et formulaires avec de simples glisser-d\u00e9poser ? Venez d\u00e9couvrir les multiples fonctionnalit\u00e9s du studio Axelor qui vous permettent de personnaliser toutes les fiches de l\u2019ERP sans aucun code !<!-- [et_pb_line_break_holder] -->      <\/pee><!-- [et_pb_line_break_holder] -->    <\/div>\n<p><!-- [et_pb_line_break_holder] -->  <\/article>\n<p><!-- [et_pb_line_break_holder] -->    <\/p>\n<article class=\"card\"><!-- [et_pb_line_break_holder] -->    <\/p>\n<div class=\"card-content\"><!-- [et_pb_line_break_holder] -->      <pee class=\"back-title\">Atelier<\/pee><!-- [et_pb_line_break_holder] -->      <\/p>\n<h3>Business Intelligence<\/h3>\n<p><!-- [et_pb_line_break_holder] -->      <pee class=\"light schedule\">13h30 &#8211; 14h15<\/pee><!-- [et_pb_line_break_holder] -->       <pee class=\"light\"><!-- [et_pb_line_break_holder] -->        La BI (Business Intelligence) transforme vos donn\u00e9es en informations exploitables, vous permettant de prendre des d\u00e9cisions \u00e9clair\u00e9es et d&#8217;am\u00e9liorer la performance de votre entreprise. Retrouvez-nous pour explorer les meilleures pratiques, les outils de visualisation de donn\u00e9es avanc\u00e9es et les strat\u00e9gies de mise en \u0153uvre r\u00e9ussies. Ne manquez pas cet atelier qui vous permettra de d\u00e9couvrir les secrets de la BI !<!-- [et_pb_line_break_holder] -->      <\/pee><!-- [et_pb_line_break_holder] -->    <\/div>\n<p><!-- [et_pb_line_break_holder] -->  <\/article>\n<p><!-- [et_pb_line_break_holder] -->  <\/p>\n<article class=\"card\"><!-- [et_pb_line_break_holder] -->    <\/p>\n<div class=\"card-content\"><!-- [et_pb_line_break_holder] -->      <pee class=\"back-title\">Atelier<\/pee><!-- [et_pb_line_break_holder] -->      <\/p>\n<h3>ERP Production<\/h3>\n<p><!-- [et_pb_line_break_holder] -->      <pee class=\"light schedule\">14h15 &#8211; 15h15<\/pee><!-- [et_pb_line_break_holder] -->      <pee class=\"light\"><!-- [et_pb_line_break_holder] -->        \u00c0 travers cet atelier, d\u00e9couvrez comment la solution Axelor permet de gagner en visibilit\u00e9 sur les cha\u00eenes de valeurs, de r\u00e9duire la complexit\u00e9 op\u00e9rationnelle et d&#8217;am\u00e9liorer la satisfaction client. Optimisez vos flux de production gr\u00e2ce \u00e0 une plateforme Low Code adapt\u00e9e aux acteurs de l\u2019industrie : automobile, \u00e9lectronique, m\u00e9tallurgie, m\u00e9dical, ferroviaire, b\u00e2timent ou biens d\u2019\u00e9quipements. <!-- [et_pb_line_break_holder] -->      <\/pee><!-- [et_pb_line_break_holder] -->       <!-- [et_pb_line_break_holder] -->    <\/div>\n<p><!-- [et_pb_line_break_holder] -->  <\/article>\n<p><!-- [et_pb_line_break_holder] -->   <\/p>\n<article class=\"card\"><!-- [et_pb_line_break_holder] -->    <\/p>\n<div class=\"card-content\"><!-- [et_pb_line_break_holder] -->      <pee class=\"back-title\">Atelier<\/pee><!-- [et_pb_line_break_holder] -->      <\/p>\n<h3>ERP Gestion financi\u00e8re<\/h3>\n<p><!-- [et_pb_line_break_holder] -->      <pee class=\"light schedule\">15h15 &#8211; 16h15<\/pee><!-- [et_pb_line_break_holder] -->      <pee class=\"light\"><!-- [et_pb_line_break_holder] -->        Prenez part \u00e0 cet atelier afin d&#8217;explorer de mani\u00e8re approfondie les fonctionnalit\u00e9s de l&#8217;ERP Comptabilit\u00e9. Des \u00e9critures comptables aux \u00e9critures analytiques, la plateforme Axelor vous permet de b\u00e9n\u00e9ficier d\u2019une v\u00e9ritable comptabilit\u00e9 int\u00e9gr\u00e9e. D\u00e9couvrez les nombreux avantages qu\u2019une solution ERP peut apporter \u00e0 votre comptabilit\u00e9 !<!-- [et_pb_line_break_holder] -->      <\/pee><!-- [et_pb_line_break_holder] -->       <!-- [et_pb_line_break_holder] -->    <\/div>\n<p><!-- [et_pb_line_break_holder] -->  <\/article>\n<p><!-- [et_pb_line_break_holder] -->  <\/p>\n<article class=\"card\"><!-- [et_pb_line_break_holder] -->    <\/p>\n<div class=\"card-content\"><!-- [et_pb_line_break_holder] -->      <pee class=\"back-title\">Atelier<\/pee><!-- [et_pb_line_break_holder] -->      <\/p>\n<h3>Portail client<\/h3>\n<p><!-- [et_pb_line_break_holder] -->      <pee class=\"light schedule\">16h15 &#8211; 17h<\/pee><!-- [et_pb_line_break_holder] -->       <pee class=\"light\"><!-- [et_pb_line_break_holder] -->        V\u00e9ritable carrefour de la communication entre vos collaborateurs, vos partenaires et vos clients, un portail collaboratif facilite la collaboration au sein de vos \u00e9quipes. Nos experts partageront leur expertise sur la fa\u00e7on dont vous pouvez exploiter pleinement le potentiel de cette plateforme pour optimiser les \u00e9changes au sein de votre entreprise et cr\u00e9er un environnement de travail plus connect\u00e9.<!-- [et_pb_line_break_holder] -->      <\/pee><!-- [et_pb_line_break_holder] -->    <\/div>\n<p><!-- [et_pb_line_break_holder] -->  <\/article>\n<p><!-- [et_pb_line_break_holder] -->          <\/p>\n<article class=\"card\"><!-- [et_pb_line_break_holder] -->    <\/p>\n<div class=\"card-content\"><!-- [et_pb_line_break_holder] -->      <pee class=\"back-title\">Atelier<\/pee><!-- [et_pb_line_break_holder] -->      <\/p>\n<h3>Automatisation des workflows<\/h3>\n<p><!-- [et_pb_line_break_holder] -->      <pee class=\"light schedule\">17h &#8211; 17h45<\/pee><!-- [et_pb_line_break_holder] -->       <pee class=\"light\"><!-- [et_pb_line_break_holder] -->        Rejoignez-nous lors de cet atelier et plongez dans le sujet de l&#8217;automatisation des workflows. Au c\u0153ur de cette session, vous d\u00e9couvrirez des moyens concrets de r\u00e9duire les t\u00e2ches manuelles fastidieuses, d&#8217;optimiser l&#8217;efficacit\u00e9 et favoriser une meilleure gestion des donn\u00e9es gr\u00e2ce \u00e0 l\u2019utilisation des workflows.<!-- [et_pb_line_break_holder] -->      <\/pee><!-- [et_pb_line_break_holder] -->    <\/div>\n<p><!-- [et_pb_line_break_holder] -->  <\/article>\n<p><!-- [et_pb_line_break_holder] --><\/div>\n<p>[\/et_pb_code][\/et_pb_column][\/et_pb_row][\/et_pb_section][et_pb_section fb_built=&#8221;1&#8243; fullwidth=&#8221;on&#8221; _builder_version=&#8221;4.10.5&#8243; _module_preset=&#8221;default&#8221; custom_css_main_element=&#8221;z-index:-1;&#8221; global_module=&#8221;360059&#8243; saved_tabs=&#8221;all&#8221; global_colors_info=&#8221;{}&#8221;][et_pb_fullwidth_code _builder_version=&#8221;4.10.5&#8243; _module_preset=&#8221;default&#8221; background_color=&#8221;#05052d&#8221; global_colors_info=&#8221;{}&#8221;]<\/p>\n<footer class=\"aos-footer dark\"><!-- [et_pb_line_break_holder] -->    <\/p>\n<div><!-- [et_pb_line_break_holder] -->        <\/p>\n<div><!-- [et_pb_line_break_holder] -->            <\/p>\n<div><!-- [et_pb_line_break_holder] -->                <\/p>\n<figure><img decoding=\"async\" src=\"https:\/\/axelor.com\/wp-content\/uploads\/2023\/05\/logo-axelor-blanc.svg\"><\/figure>\n<p><!-- [et_pb_line_break_holder] -->            <pee style=\"text-align: center;\"><span class=\"gradient-text active-gradient\">Open Summit<\/span><\/pee><!-- [et_pb_line_break_holder] -->            <\/div>\n<p> <!-- [et_pb_line_break_holder] -->        <\/p>\n<ul class=\"light\"><!-- [et_pb_line_break_holder] -->            <\/p>\n<li><a href=\"https:\/\/www.linkedin.com\/company\/axelor\/\"><br \/>\n<figure><img decoding=\"async\" src=\"https:\/\/axelor.com\/wp-content\/uploads\/2023\/05\/logo-linkedin.svg\"><\/figure>\n<p><\/a><\/li>\n<p><!-- [et_pb_line_break_holder] -->            <\/p>\n<li><a href=\"https:\/\/twitter.com\/Axelor\"><br \/>\n<figure><img decoding=\"async\" src=\"https:\/\/axelor.com\/wp-content\/uploads\/2023\/05\/logo-twitter.svg\"><\/figure>\n<p><\/a><\/li>\n<p><!-- [et_pb_line_break_holder] -->            <\/p>\n<li><a href=\"https:\/\/www.instagram.com\/axelor.official\/\"><br \/>\n<figure><img decoding=\"async\" src=\"https:\/\/axelor.com\/wp-content\/uploads\/2023\/05\/logo-instagram.svg\"><\/figure>\n<p><\/a><\/li>\n<p><!-- [et_pb_line_break_holder] -->        <\/ul>\n<p><!-- [et_pb_line_break_holder] -->        <\/div>\n<p><!-- [et_pb_line_break_holder] -->    <\/div>\n<p><!-- [et_pb_line_break_holder] -->    <\/p>\n<div class=\"divider\"><\/div>\n<p><!-- [et_pb_line_break_holder] -->    <\/p>\n<div><!-- [et_pb_line_break_holder] -->        <\/p>\n<ul><!-- [et_pb_line_break_holder] -->            <\/p>\n<li><a href=\"https:\/\/axelor.com\/fr\/politique-de-confidentialite\/\">Politiques de confidentialit\u00e9<\/a><\/li>\n<p><!-- [et_pb_line_break_holder] -->            <\/p>\n<li><a href=\"https:\/\/axelor.com\/fr\/mentions-legales\/\">Mentions l\u00e9gales<\/a><\/li>\n<p><!-- [et_pb_line_break_holder] -->        <\/ul>\n<p><!-- [et_pb_line_break_holder] -->    <\/div>\n<p><!-- [et_pb_line_break_holder] --><\/footer>\n<p>[\/et_pb_fullwidth_code][\/et_pb_section]<\/p>\n","protected":false},"excerpt":{"rendered":"<p>Programme des ateliers<\/p>\n","protected":false},"author":3,"featured_media":0,"parent":356690,"menu_order":0,"comment_status":"closed","ping_status":"closed","template":"page-template-blank.php","meta":{"_acf_changed":false,"_et_pb_use_builder":"on","_et_pb_old_content":"","_et_gb_content_width":"","content-type":"","inline_featured_image":false,"footnotes":""},"acf":[],"yoast_head":"<!-- This site is optimized with the Yoast SEO plugin v22.0 - https:\/\/yoast.com\/wordpress\/plugins\/seo\/ -->\n<title>Ateliers | Axelor Open Summit<\/title>\n<meta name=\"robots\" content=\"noindex, nofollow\" \/>\n<meta property=\"og:locale\" content=\"fr_FR\" \/>\n<meta property=\"og:type\" content=\"article\" \/>\n<meta property=\"og:title\" content=\"Ateliers | Axelor Open Summit\" \/>\n<meta property=\"og:description\" content=\"Programme des ateliers\" \/>\n<meta property=\"og:url\" content=\"https:\/\/axelor.com\/fr\/axelor-open-summi-3\/ateliers\/\" \/>\n<meta property=\"og:site_name\" content=\"Axelor\" \/>\n<meta property=\"article:modified_time\" content=\"2024-11-25T09:55:51+00:00\" \/>\n<meta property=\"og:image\" content=\"https:\/\/axelor.com\/wp-content\/uploads\/2023\/05\/logo-axelor-blanc.svg\" \/>\n<meta name=\"twitter:card\" content=\"summary_large_image\" \/>\n<meta name=\"twitter:label1\" content=\"Dur\u00e9e de lecture estim\u00e9e\" \/>\n\t<meta name=\"twitter:data1\" content=\"4 minutes\" \/>\n<script type=\"application\/ld+json\" class=\"yoast-schema-graph\">{\"@context\":\"https:\/\/schema.org\",\"@graph\":[{\"@type\":\"WebPage\",\"@id\":\"https:\/\/axelor.com\/fr\/axelor-open-summi-3\/ateliers\/\",\"url\":\"https:\/\/axelor.com\/fr\/axelor-open-summi-3\/ateliers\/\",\"name\":\"Ateliers | Axelor Open Summit\",\"isPartOf\":{\"@id\":\"https:\/\/axelor.com\/#website\"},\"datePublished\":\"2023-08-07T10:38:21+00:00\",\"dateModified\":\"2024-11-25T09:55:51+00:00\",\"breadcrumb\":{\"@id\":\"https:\/\/axelor.com\/fr\/axelor-open-summi-3\/ateliers\/#breadcrumb\"},\"inLanguage\":\"fr-FR\",\"potentialAction\":[{\"@type\":\"ReadAction\",\"target\":[\"https:\/\/axelor.com\/fr\/axelor-open-summi-3\/ateliers\/\"]}]},{\"@type\":\"BreadcrumbList\",\"@id\":\"https:\/\/axelor.com\/fr\/axelor-open-summi-3\/ateliers\/#breadcrumb\",\"itemListElement\":[{\"@type\":\"ListItem\",\"position\":1,\"name\":\"Accueil\",\"item\":\"https:\/\/axelor.com\/\"},{\"@type\":\"ListItem\",\"position\":2,\"name\":\"Axelor Open Summit\",\"item\":\"https:\/\/axelor.com\/fr\/axelor-open-summi-3\/\"},{\"@type\":\"ListItem\",\"position\":3,\"name\":\"Ateliers\"}]},{\"@type\":\"WebSite\",\"@id\":\"https:\/\/axelor.com\/#website\",\"url\":\"https:\/\/axelor.com\/\",\"name\":\"Axelor\",\"description\":\"ERP CRM BPM Open Source\",\"potentialAction\":[{\"@type\":\"SearchAction\",\"target\":{\"@type\":\"EntryPoint\",\"urlTemplate\":\"https:\/\/axelor.com\/?s={search_term_string}\"},\"query-input\":\"required name=search_term_string\"}],\"inLanguage\":\"fr-FR\"}]}<\/script>\n<!-- \/ Yoast SEO plugin. -->","yoast_head_json":{"title":"Ateliers | Axelor Open Summit","robots":{"index":"noindex","follow":"nofollow"},"og_locale":"fr_FR","og_type":"article","og_title":"Ateliers | Axelor Open Summit","og_description":"Programme des ateliers","og_url":"https:\/\/axelor.com\/fr\/axelor-open-summi-3\/ateliers\/","og_site_name":"Axelor","article_modified_time":"2024-11-25T09:55:51+00:00","og_image":[{"url":"https:\/\/axelor.com\/wp-content\/uploads\/2023\/05\/logo-axelor-blanc.svg"}],"twitter_card":"summary_large_image","twitter_misc":{"Dur\u00e9e de lecture estim\u00e9e":"4 minutes"},"schema":{"@context":"https:\/\/schema.org","@graph":[{"@type":"WebPage","@id":"https:\/\/axelor.com\/fr\/axelor-open-summi-3\/ateliers\/","url":"https:\/\/axelor.com\/fr\/axelor-open-summi-3\/ateliers\/","name":"Ateliers | Axelor Open Summit","isPartOf":{"@id":"https:\/\/axelor.com\/#website"},"datePublished":"2023-08-07T10:38:21+00:00","dateModified":"2024-11-25T09:55:51+00:00","breadcrumb":{"@id":"https:\/\/axelor.com\/fr\/axelor-open-summi-3\/ateliers\/#breadcrumb"},"inLanguage":"fr-FR","potentialAction":[{"@type":"ReadAction","target":["https:\/\/axelor.com\/fr\/axelor-open-summi-3\/ateliers\/"]}]},{"@type":"BreadcrumbList","@id":"https:\/\/axelor.com\/fr\/axelor-open-summi-3\/ateliers\/#breadcrumb","itemListElement":[{"@type":"ListItem","position":1,"name":"Accueil","item":"https:\/\/axelor.com\/"},{"@type":"ListItem","position":2,"name":"Axelor Open Summit","item":"https:\/\/axelor.com\/fr\/axelor-open-summi-3\/"},{"@type":"ListItem","position":3,"name":"Ateliers"}]},{"@type":"WebSite","@id":"https:\/\/axelor.com\/#website","url":"https:\/\/axelor.com\/","name":"Axelor","description":"ERP CRM BPM Open Source","potentialAction":[{"@type":"SearchAction","target":{"@type":"EntryPoint","urlTemplate":"https:\/\/axelor.com\/?s={search_term_string}"},"query-input":"required name=search_term_string"}],"inLanguage":"fr-FR"}]}},"_links":{"self":[{"href":"https:\/\/axelor.com\/fr\/wp-json\/wp\/v2\/pages\/366661"}],"collection":[{"href":"https:\/\/axelor.com\/fr\/wp-json\/wp\/v2\/pages"}],"about":[{"href":"https:\/\/axelor.com\/fr\/wp-json\/wp\/v2\/types\/page"}],"author":[{"embeddable":true,"href":"https:\/\/axelor.com\/fr\/wp-json\/wp\/v2\/users\/3"}],"replies":[{"embeddable":true,"href":"https:\/\/axelor.com\/fr\/wp-json\/wp\/v2\/comments?post=366661"}],"version-history":[{"count":17,"href":"https:\/\/axelor.com\/fr\/wp-json\/wp\/v2\/pages\/366661\/revisions"}],"predecessor-version":[{"id":378018,"href":"https:\/\/axelor.com\/fr\/wp-json\/wp\/v2\/pages\/366661\/revisions\/378018"}],"up":[{"embeddable":true,"href":"https:\/\/axelor.com\/fr\/wp-json\/wp\/v2\/pages\/356690"}],"wp:attachment":[{"href":"https:\/\/axelor.com\/fr\/wp-json\/wp\/v2\/media?parent=366661"}],"curies":[{"name":"wp","href":"https:\/\/api.w.org\/{rel}","templated":true}]}}