{"id":371097,"date":"2023-12-05T09:53:51","date_gmt":"2023-12-05T08:53:51","guid":{"rendered":"https:\/\/axelor.com\/?page_id=371097"},"modified":"2025-01-14T10:03:04","modified_gmt":"2025-01-14T09:03:04","slug":"plateforme-template","status":"publish","type":"page","link":"https:\/\/axelor.com\/fr\/plateforme-template\/","title":{"rendered":"Axelor Template"},"content":{"rendered":"<p>[et_pb_section fb_built=&#8221;1&#8243; module_class=&#8221;dark&#8221; _builder_version=&#8221;4.16&#8243; _module_preset=&#8221;default&#8221; use_background_color_gradient=&#8221;on&#8221; background_color_gradient_direction=&#8221;20deg&#8221; background_color_gradient_stops=&#8221;#0d021e 0%|#010177 100%&#8221; background_color_gradient_start=&#8221;#0d021e&#8221; background_color_gradient_end=&#8221;#010177&#8243; background_image=&#8221;https:\/\/axelor.com\/wp-content\/uploads\/2023\/12\/equipe-de-collaborateurs.png&#8221; background_position=&#8221;bottom_center&#8221; background_repeat=&#8221;repeat&#8221; custom_margin=&#8221;||||false|false&#8221; custom_padding=&#8221;0px||0px||true|false&#8221; locked=&#8221;off&#8221; global_colors_info=&#8221;{}&#8221;][et_pb_row column_structure=&#8221;2_3,1_3&#8243; _builder_version=&#8221;4.16&#8243; _module_preset=&#8221;default&#8221; width=&#8221;90%&#8221; max_width=&#8221;1380px&#8221; custom_margin=&#8221;0px||0px||true|false&#8221; custom_padding=&#8221;100px|0px|100px|0px|true|false&#8221; global_colors_info=&#8221;{}&#8221;][et_pb_column type=&#8221;2_3&#8243; _builder_version=&#8221;4.16&#8243; _module_preset=&#8221;default&#8221; global_colors_info=&#8221;{}&#8221;][et_pb_text module_class=&#8221;back-title&#8221; _builder_version=&#8221;4.16&#8243; _module_preset=&#8221;default&#8221; header_font_size=&#8221;16px&#8221; custom_margin=&#8221;||0px||false|false&#8221; global_colors_info=&#8221;{}&#8221;]<\/p>\n<p style=\"text-align: left;\">Axelor Template<\/p>\n<p>[\/et_pb_text][et_pb_text _builder_version=&#8221;4.23.1&#8243; _module_preset=&#8221;default&#8221; custom_margin=&#8221;||30px||false|false&#8221; global_colors_info=&#8221;{}&#8221;]<\/p>\n<h1>Am\u00e9liorez la qualit\u00e9 de vos documents gr\u00e2ce \u00e0 une personnalisation in\u00e9gal\u00e9e<\/h1>\n<p>[\/et_pb_text][et_pb_code _builder_version=&#8221;4.16&#8243; _module_preset=&#8221;default&#8221; custom_margin=&#8221;80px||||false|false&#8221; global_colors_info=&#8221;{}&#8221;]<\/p>\n<div class=\"button-group\"><!-- [et_pb_line_break_holder] -->  <a href=\"https:\/\/axelor.com\/fr\/contact\/\" class=\"button first\"><!-- [et_pb_line_break_holder] --><!-- [et_pb_line_break_holder] -->\u00catre contact\u00e9<!-- [et_pb_line_break_holder] --><!-- [et_pb_line_break_holder] --><\/a><!-- [et_pb_line_break_holder] -->  <a href=\"https:\/\/axelor.com\/fr\/demande-axelor-demo\/\" class=\"button second\"><!-- [et_pb_line_break_holder] --><!-- [et_pb_line_break_holder] -->Acc\u00e9der \u00e0 la d\u00e9mo<!-- [et_pb_line_break_holder] --><!-- [et_pb_line_break_holder] --><\/a><!-- [et_pb_line_break_holder] --><\/div>\n<p>[\/et_pb_code][\/et_pb_column][et_pb_column type=&#8221;1_3&#8243; _builder_version=&#8221;4.16&#8243; _module_preset=&#8221;default&#8221; global_colors_info=&#8221;{}&#8221;][\/et_pb_column][\/et_pb_row][\/et_pb_section][et_pb_section fb_built=&#8221;1&#8243; module_class=&#8221;light-gray-bg&#8221; _builder_version=&#8221;4.23.1&#8243; _module_preset=&#8221;default&#8221; locked=&#8221;off&#8221; global_colors_info=&#8221;{}&#8221;][et_pb_row _builder_version=&#8221;4.16&#8243; _module_preset=&#8221;default&#8221; width=&#8221;90%&#8221; max_width=&#8221;960px&#8221; global_colors_info=&#8221;{}&#8221;][et_pb_column type=&#8221;4_4&#8243; _builder_version=&#8221;4.16&#8243; _module_preset=&#8221;default&#8221; global_colors_info=&#8221;{}&#8221;][et_pb_text _builder_version=&#8221;4.23.1&#8243; _module_preset=&#8221;default&#8221; header_text_align=&#8221;center&#8221; header_font_size=&#8221;16px&#8221; text_orientation=&#8221;center&#8221; custom_margin=&#8221;||0px||false|false&#8221; header_text_align_last_edited=&#8221;off|tablet&#8221; global_colors_info=&#8221;{}&#8221;]<\/p>\n<p class=\"back-title\">Gestion de documents<\/p>\n<p>[\/et_pb_text][et_pb_text _builder_version=&#8221;4.23.1&#8243; _module_preset=&#8221;default&#8221; global_colors_info=&#8221;{}&#8221;]<\/p>\n<h2 style=\"text-align: center;\">Simplifiez la cr\u00e9ation de documents<\/h2>\n<p>[\/et_pb_text][et_pb_text _builder_version=&#8221;4.23.1&#8243; _module_preset=&#8221;default&#8221; global_colors_info=&#8221;{}&#8221;]<\/p>\n<p style=\"text-align: center;\">Axelor Template est un module qui offre aux utilisateurs la possibilit\u00e9 de concevoir des templates de documents sur-mesure. Ces templates deviennent des outils puissants pour g\u00e9n\u00e9rer des documents rapidement et sans effort.<\/p>\n<p>[\/et_pb_text][\/et_pb_column][\/et_pb_row][\/et_pb_section][et_pb_section fb_built=&#8221;1&#8243; _builder_version=&#8221;4.16&#8243; _module_preset=&#8221;default&#8221; locked=&#8221;off&#8221; global_colors_info=&#8221;{}&#8221;][et_pb_row module_class=&#8221;ver-center&#8221; _builder_version=&#8221;4.16&#8243; _module_preset=&#8221;default&#8221; width=&#8221;90%&#8221; max_width=&#8221;1380px&#8221; custom_margin=&#8221;||||false|false&#8221; custom_padding=&#8221;||0px||false|false&#8221; global_colors_info=&#8221;{}&#8221;][et_pb_column type=&#8221;4_4&#8243; _builder_version=&#8221;4.16&#8243; _module_preset=&#8221;default&#8221; global_colors_info=&#8221;{}&#8221;][et_pb_text _builder_version=&#8221;4.16&#8243; _module_preset=&#8221;default&#8221; custom_margin=&#8221;||30px||false|false&#8221; custom_padding=&#8221;||||false|false&#8221; global_colors_info=&#8221;{}&#8221;]<i class=\"material-icons-two-tone\">query_stats<\/i><\/p>\n<h2>Pourquoi opter pour Axelor Template ?<\/h2>\n<p>[\/et_pb_text][et_pb_code _builder_version=&#8221;4.23.1&#8243; _module_preset=&#8221;default&#8221; hover_enabled=&#8221;0&#8243; global_colors_info=&#8221;{}&#8221; sticky_enabled=&#8221;0&#8243;]<\/p>\n<div class=\"grid _3\"><!-- [et_pb_line_break_holder] -->  <\/p>\n<article><!-- [et_pb_line_break_holder] -->  <pee style=\"text-align:left\"><!-- [et_pb_line_break_holder] -->    <b>Gain de temps<\/b><!-- [et_pb_line_break_holder] -->    <\/pee><!-- [et_pb_line_break_holder] -->    <\/p>\n<ul><!-- [et_pb_line_break_holder] -->      <\/p>\n<li>Cr\u00e9ez des documents rapidement et efficacement en utilisant des templates pr\u00e9d\u00e9finis.<\/li>\n<p><!-- [et_pb_line_break_holder] -->    <\/ul>\n<p><!-- [et_pb_line_break_holder] -->    <pee style=\"text-align:left;padding-bottom:16px\"><!-- [et_pb_line_break_holder] -->    <b>Am\u00e9lioration de la qualit\u00e9<\/b><!-- [et_pb_line_break_holder] -->    <\/pee><!-- [et_pb_line_break_holder] -->    <\/p>\n<ul><!-- [et_pb_line_break_holder] -->      <\/p>\n<li>Formatez et structurez vos documents de mani\u00e8re coh\u00e9rente, am\u00e9liorant ainsi leur qualit\u00e9 globale.<\/li>\n<p><!-- [et_pb_line_break_holder] -->    <\/ul>\n<p><!-- [et_pb_line_break_holder] -->  <\/article>\n<p><!-- [et_pb_line_break_holder] -->  <\/p>\n<article><!-- [et_pb_line_break_holder] -->  <pee style=\"text-align:left\"><!-- [et_pb_line_break_holder] -->    <b>Personnalisation<\/b><!-- [et_pb_line_break_holder] -->    <\/pee><!-- [et_pb_line_break_holder] -->    <\/p>\n<ul><!-- [et_pb_line_break_holder] -->      <\/p>\n<li>Ins\u00e9rez des donn\u00e9es sp\u00e9cifiques et des images pour cr\u00e9er des documents personnalis\u00e9s et engageants. Harmonisez vos documents avec votre identit\u00e9 visuelle en personnalisant les couleurs. Int\u00e9grez vos propres images et logos pour une touche personnalis\u00e9e.<\/li>\n<p><!-- [et_pb_line_break_holder] -->    <\/ul>\n<p><!-- [et_pb_line_break_holder] -->       <pee style=\"text-align:left;padding-bottom:16px\"><!-- [et_pb_line_break_holder] -->    <b>Facilit\u00e9 de partage<\/b><!-- [et_pb_line_break_holder] -->    <\/pee><!-- [et_pb_line_break_holder] -->    <\/p>\n<ul><!-- [et_pb_line_break_holder] -->      <\/p>\n<li>Exportez vos documents dans divers formats tels que PDF, Word et Excel, facilitant le partage avec d\u2019autres collaborateurs.<\/li>\n<p><!-- [et_pb_line_break_holder] -->    <\/ul>\n<p><!-- [et_pb_line_break_holder] -->  <\/article>\n<p><!-- [et_pb_line_break_holder] -->  <\/p>\n<article><!-- [et_pb_line_break_holder] -->  <img decoding=\"async\" src=\"https:\/\/axelor.com\/wp-content\/uploads\/2023\/12\/formation.png\"><!-- [et_pb_line_break_holder] -->  <\/article>\n<p><!-- [et_pb_line_break_holder] --><\/div>\n<p>[\/et_pb_code][\/et_pb_column][\/et_pb_row][\/et_pb_section][et_pb_section fb_built=&#8221;1&#8243; module_class=&#8221;light-gray-bg&#8221; _builder_version=&#8221;4.16&#8243; _module_preset=&#8221;default&#8221; locked=&#8221;off&#8221; global_colors_info=&#8221;{}&#8221;][et_pb_row module_class=&#8221;ver-center invert&#8221; _builder_version=&#8221;4.16&#8243; _module_preset=&#8221;default&#8221; width=&#8221;90%&#8221; max_width=&#8221;1380px&#8221; custom_margin=&#8221;||||false|false&#8221; custom_padding=&#8221;||||false|false&#8221; global_colors_info=&#8221;{}&#8221;][et_pb_column type=&#8221;4_4&#8243; _builder_version=&#8221;4.16&#8243; _module_preset=&#8221;default&#8221; global_colors_info=&#8221;{}&#8221;][et_pb_text _builder_version=&#8221;4.16&#8243; _module_preset=&#8221;default&#8221; custom_margin=&#8221;||30px||false|false&#8221; custom_padding=&#8221;||||false|false&#8221; global_colors_info=&#8221;{}&#8221;]<i class=\"material-icons-two-tone\">stacked_bar_chart<\/i><\/p>\n<h2>Quelques exemples de templates Axelor :<\/h2>\n<p>[\/et_pb_text][et_pb_code _builder_version=&#8221;4.23.1&#8243; _module_preset=&#8221;default&#8221; hover_enabled=&#8221;0&#8243; global_colors_info=&#8221;{}&#8221; sticky_enabled=&#8221;0&#8243;]<\/p>\n<div class=\"grid _3\"><!-- [et_pb_line_break_holder] -->  <\/p>\n<article><!-- [et_pb_line_break_holder] -->  <pee style=\"text-align:left\"><!-- [et_pb_line_break_holder] -->    <b>Contrats<\/b><!-- [et_pb_line_break_holder] -->    <\/pee><!-- [et_pb_line_break_holder] -->    <\/p>\n<ul><!-- [et_pb_line_break_holder] -->      <\/p>\n<li>Cr\u00e9ez des mod\u00e8les de contrats pr\u00eats \u00e0 l\u2019emploi pour simplifier le processus de r\u00e9daction.<\/li>\n<p><!-- [et_pb_line_break_holder] -->    <\/ul>\n<p><!-- [et_pb_line_break_holder] -->    <pee style=\"text-align:left\"><!-- [et_pb_line_break_holder] -->    <b>Devis<\/b><!-- [et_pb_line_break_holder] -->    <\/pee><!-- [et_pb_line_break_holder] -->    <\/p>\n<ul><!-- [et_pb_line_break_holder] -->      <\/p>\n<li>G\u00e9n\u00e9rez rapidement des devis professionnels avec une mise en page uniforme.<\/li>\n<p><!-- [et_pb_line_break_holder] -->    <\/ul>\n<p><!-- [et_pb_line_break_holder] -->    <pee style=\"text-align:left;padding-bottom:16px\"><!-- [et_pb_line_break_holder] -->    <b>Factures<\/b><!-- [et_pb_line_break_holder] -->    <\/pee><!-- [et_pb_line_break_holder] -->    <\/p>\n<ul><!-- [et_pb_line_break_holder] -->      <\/p>\n<li>Simplifiez la facturation avec des templates personnalis\u00e9s et professionnels.<\/li>\n<p><!-- [et_pb_line_break_holder] -->    <\/ul>\n<p><!-- [et_pb_line_break_holder] -->  <\/article>\n<p><!-- [et_pb_line_break_holder] -->  <\/p>\n<article><!-- [et_pb_line_break_holder] -->  <pee style=\"text-align:left\"><!-- [et_pb_line_break_holder] -->    <b>Lettres<\/b><!-- [et_pb_line_break_holder] -->    <\/pee><!-- [et_pb_line_break_holder] -->    <\/p>\n<ul><!-- [et_pb_line_break_holder] -->      <\/p>\n<li>Concevez des mod\u00e8les de lettres pour une communication formelle et efficace.<\/li>\n<p><!-- [et_pb_line_break_holder] -->    <\/ul>\n<p><!-- [et_pb_line_break_holder] -->    <pee style=\"text-align:left\"><!-- [et_pb_line_break_holder] -->    <b>Documents marketing<\/b><!-- [et_pb_line_break_holder] -->    <\/pee><!-- [et_pb_line_break_holder] -->    <\/p>\n<ul><!-- [et_pb_line_break_holder] -->      <\/p>\n<li>Cr\u00e9ez des documents marketing accrocheurs pour promouvoir votre entreprise.<\/li>\n<p><!-- [et_pb_line_break_holder] -->    <\/ul>\n<p><!-- [et_pb_line_break_holder] -->    <pee style=\"text-align:left;padding-bottom:16px\"><!-- [et_pb_line_break_holder] -->    <b>Documents juridiques<\/b><!-- [et_pb_line_break_holder] -->    <\/pee><!-- [et_pb_line_break_holder] -->    <\/p>\n<ul><!-- [et_pb_line_break_holder] -->      <\/p>\n<li>\u00c9laborez des mod\u00e8les de documents juridiques conformes et professionnels.<\/li>\n<p><!-- [et_pb_line_break_holder] -->    <\/ul>\n<p><!-- [et_pb_line_break_holder] -->  <\/article>\n<p><!-- [et_pb_line_break_holder] -->  <\/p>\n<article><!-- [et_pb_line_break_holder] -->  <img decoding=\"async\" src=\"https:\/\/axelor.com\/wp-content\/uploads\/2023\/07\/studio-2.png\"><!-- [et_pb_line_break_holder] -->  <\/article>\n<p><!-- [et_pb_line_break_holder] --><\/div>\n<p>[\/et_pb_code][\/et_pb_column][\/et_pb_row][\/et_pb_section][et_pb_section fb_built=&#8221;1&#8243; _builder_version=&#8221;4.16&#8243; _module_preset=&#8221;default&#8221; locked=&#8221;off&#8221; global_colors_info=&#8221;{}&#8221;][et_pb_row module_class=&#8221;ver-center&#8221; _builder_version=&#8221;4.16&#8243; _module_preset=&#8221;default&#8221; width=&#8221;90%&#8221; max_width=&#8221;1380px&#8221; custom_margin=&#8221;||||false|false&#8221; custom_padding=&#8221;||0px||false|false&#8221; global_colors_info=&#8221;{}&#8221;][et_pb_column type=&#8221;4_4&#8243; _builder_version=&#8221;4.16&#8243; _module_preset=&#8221;default&#8221; global_colors_info=&#8221;{}&#8221;][et_pb_text _builder_version=&#8221;4.16&#8243; _module_preset=&#8221;default&#8221; custom_margin=&#8221;||30px||false|false&#8221; custom_padding=&#8221;||||false|false&#8221; global_colors_info=&#8221;{}&#8221;]<i class=\"material-icons-two-tone\">analytics<\/i><\/p>\n<h2>Personnalisation avanc\u00e9e :<\/h2>\n<p>[\/et_pb_text][et_pb_code _builder_version=&#8221;4.23.1&#8243; _module_preset=&#8221;default&#8221; hover_enabled=&#8221;0&#8243; locked=&#8221;off&#8221; global_colors_info=&#8221;{}&#8221; sticky_enabled=&#8221;0&#8243;]<\/p>\n<div class=\"grid _3\"><!-- [et_pb_line_break_holder] -->  <\/p>\n<article><!-- [et_pb_line_break_holder] -->    <pee style=\"text-align:left;padding-bottom:16px\"><!-- [et_pb_line_break_holder] -->    <b>Cr\u00e9ation de graphiques<\/b><!-- [et_pb_line_break_holder] -->    <\/pee><!-- [et_pb_line_break_holder] -->    <\/p>\n<ul><!-- [et_pb_line_break_holder] -->      <\/p>\n<li>Visualisez vos donn\u00e9es avec des graphiques personnalis\u00e9s pour une pr\u00e9sentation percutante.<\/li>\n<p><!-- [et_pb_line_break_holder] -->    <\/ul>\n<\/article>\n<article><!-- [et_pb_line_break_holder] -->    <pee style=\"text-align:left;padding-bottom:16px\"><!-- [et_pb_line_break_holder] -->    <b>Agr\u00e9gateurs<\/b><!-- [et_pb_line_break_holder] -->    <\/pee><!-- [et_pb_line_break_holder] -->    <\/p>\n<ul><!-- [et_pb_line_break_holder] -->      <\/p>\n<li>Utilisez des agr\u00e9gateurs pour regrouper et pr\u00e9senter vos donn\u00e9es de mani\u00e8re significative.<\/li>\n<p><!-- [et_pb_line_break_holder] -->    <\/ul>\n<\/article>\n<article><!-- [et_pb_line_break_holder] -->    <pee style=\"text-align:left;padding-bottom:16px\"><!-- [et_pb_line_break_holder] -->    <b>G\u00e9n\u00e9ration de codes-barres<\/b><!-- [et_pb_line_break_holder] -->    <\/pee><!-- [et_pb_line_break_holder] -->    <\/p>\n<ul><!-- [et_pb_line_break_holder] -->      <\/p>\n<li>Simplifiez les processus en g\u00e9n\u00e9rant des codes-barres directement depuis vos documents.<\/li>\n<p><!-- [et_pb_line_break_holder] -->    <\/ul>\n<p><!-- [et_pb_line_break_holder] -->  <\/article>\n<p><!-- [et_pb_line_break_holder] -->  <\/p>\n<article><!-- [et_pb_line_break_holder] -->    <pee style=\"text-align:left;padding-bottom:16px\"><!-- [et_pb_line_break_holder] -->    <b>Insertion de liens hypertextes<\/b><!-- [et_pb_line_break_holder] -->    <\/pee><!-- [et_pb_line_break_holder] -->    <\/p>\n<ul><!-- [et_pb_line_break_holder] -->      <\/p>\n<li>Facilitez la navigation en ins\u00e9rant des liens hypertextes dans vos documents.<\/li>\n<p><!-- [et_pb_line_break_holder] -->    <\/ul>\n<\/article>\n<article><!-- [et_pb_line_break_holder] -->        <pee style=\"text-align:left;padding-bottom:16px\"><!-- [et_pb_line_break_holder] -->    <b>Affichage dynamique des colonnes<\/b><!-- [et_pb_line_break_holder] -->    <\/pee><!-- [et_pb_line_break_holder] -->    <\/p>\n<ul><!-- [et_pb_line_break_holder] -->      <\/p>\n<li>Personnalisez l\u2019affichage des colonnes sur les tableaux pour une vue dynamique et adapt\u00e9e.<\/li>\n<p><!-- [et_pb_line_break_holder] -->    <\/ul>\n<\/article>\n<p><!-- [et_pb_line_break_holder] -->  <\/p>\n<article style=\"display:flex\"><!-- [et_pb_line_break_holder] -->  <img decoding=\"async\" style=\"max-width:200px; margin:0 auto\" src=\"https:\/\/axelor.com\/wp-content\/uploads\/2023\/12\/formation-bpm.png\"><!-- [et_pb_line_break_holder] -->  <\/article>\n<p><!-- [et_pb_line_break_holder] --><\/div>\n<p>[\/et_pb_code][\/et_pb_column][\/et_pb_row][\/et_pb_section][et_pb_section fb_built=&#8221;1&#8243; disabled_on=&#8221;off|off|off&#8221; _builder_version=&#8221;4.16&#8243; _module_preset=&#8221;default&#8221; custom_padding=&#8221;0px||||false|false&#8221; locked=&#8221;off&#8221; global_colors_info=&#8221;{}&#8221;][et_pb_row custom_padding_last_edited=&#8221;on|phone&#8221; module_class=&#8221;dark cta-section&#8221; _builder_version=&#8221;4.16&#8243; _module_preset=&#8221;default&#8221; use_background_color_gradient=&#8221;on&#8221; background_color_gradient_direction=&#8221;235deg&#8221; background_color_gradient_stops=&#8221;#010165 0%|#010132 100%&#8221; background_color_gradient_start=&#8221;#010165&#8243; background_color_gradient_end=&#8221;#010132&#8243; background_image=&#8221;https:\/\/axelor.com\/wp-content\/uploads\/2023\/04\/icone-x-blanc-opacity.svg&#8221; background_size=&#8221;contain&#8221; width=&#8221;90%&#8221; max_width=&#8221;1380px&#8221; custom_padding=&#8221;70px|70px|70px|70px|true|true&#8221; custom_padding_tablet=&#8221;&#8221; custom_padding_phone=&#8221;40px|40px|40px|40px|true|true&#8221; border_radii=&#8221;on|4px|4px|4px|4px&#8221; global_colors_info=&#8221;{}&#8221;][et_pb_column type=&#8221;4_4&#8243; _builder_version=&#8221;4.16&#8243; _module_preset=&#8221;default&#8221; global_colors_info=&#8221;{}&#8221;][et_pb_text content_phone=&#8221;<\/p>\n<p style=%22text-align: left;%22>Transformez la communication de votre entreprise avec le r\u00e9seau social d\u2019entreprise Axelor<\/p>\n<p>&#8221; content_last_edited=&#8221;off|desktop&#8221; module_class=&#8221;look-h1&#8243; _builder_version=&#8221;4.23.1&#8243; _module_preset=&#8221;default&#8221; global_colors_info=&#8221;{}&#8221;]<\/p>\n<p style=\"text-align: center;\">Transformez vos cr\u00e9ations de documents officiels gr\u00e2ce au module Axelor Template<\/p>\n<p>[\/et_pb_text][et_pb_text content_phone=&#8221;<\/p>\n<p class=%22display-xs%22 style=%22text-align: left;%22>Simplifiez les \u00e9changes, renforcez la collaboration et augmentez votre efficacit\u00e9 op\u00e9rationnelle. Essayez-le d\u00e8s aujourd\u2019hui et d\u00e9couvrez comment il peut propulser votre entreprise vers de nouveaux sommets.<\/p>\n<p>&#8221; content_last_edited=&#8221;off|desktop&#8221; _builder_version=&#8221;4.23.1&#8243; _module_preset=&#8221;default&#8221; global_colors_info=&#8221;{}&#8221;]<\/p>\n<p style=\"text-align: center;\">Axelor Template offre une flexibilit\u00e9 maximale pour cr\u00e9er des documents qui correspondent parfaitement \u00e0 vos besoins. Simplifiez votre processus documentaire tout en b\u00e9n\u00e9ficiant d&#8217;une personnalisation approfondie.<\/p>\n<p>[\/et_pb_text][et_pb_code _builder_version=&#8221;4.16&#8243; _module_preset=&#8221;default&#8221; custom_margin=&#8221;auto||auto||true|false&#8221; custom_css_main_element=&#8221;width:fit-content;||margin: auto;&#8221; locked=&#8221;off&#8221; global_colors_info=&#8221;{}&#8221;]<a href=\"https:\/\/axelor.com\/fr\/contact\/\" class=\"button first\"><!-- [et_pb_line_break_holder] --><!-- [et_pb_line_break_holder] -->\u00catre rappel\u00e9<!-- [et_pb_line_break_holder] --><!-- [et_pb_line_break_holder] --><\/a>[\/et_pb_code][\/et_pb_column][\/et_pb_row][\/et_pb_section]<\/p>\n","protected":false},"excerpt":{"rendered":"<p>Axelor TemplateAm\u00e9liorez la qualit\u00e9 de vos documents gr\u00e2ce \u00e0 une personnalisation in\u00e9gal\u00e9eGestion de documentsSimplifiez la cr\u00e9ation de documentsAxelor Template est un module qui offre aux utilisateurs la possibilit\u00e9 de concevoir des templates de documents sur-mesure. Ces templates deviennent des outils puissants pour g\u00e9n\u00e9rer des documents rapidement et sans effort.query_stats Pourquoi opter pour Axelor Template ?stacked_bar_chart [&hellip;]<\/p>\n","protected":false},"author":16,"featured_media":0,"parent":0,"menu_order":0,"comment_status":"closed","ping_status":"closed","template":"","meta":{"_acf_changed":false,"_et_pb_use_builder":"on","_et_pb_old_content":"","_et_gb_content_width":"","content-type":"","inline_featured_image":false,"footnotes":""},"acf":[],"yoast_head":"<!-- This site is optimized with the Yoast SEO plugin v22.0 - https:\/\/yoast.com\/wordpress\/plugins\/seo\/ -->\n<title>Axelor Template<\/title>\n<meta name=\"description\" content=\"D\u00e9couvrez Axelor Template : une plateforme personnalisable pour cr\u00e9er des applications m\u00e9tiers sur mesure, avec une approche Low Code\/No Code intuitive.\" \/>\n<meta name=\"robots\" content=\"index, follow, max-snippet:-1, max-image-preview:large, max-video-preview:-1\" \/>\n<link rel=\"canonical\" href=\"https:\/\/axelor.com\/fr\/plateforme-template\/\" \/>\n<meta property=\"og:locale\" content=\"fr_FR\" \/>\n<meta property=\"og:type\" content=\"article\" \/>\n<meta property=\"og:title\" content=\"Axelor Template\" \/>\n<meta property=\"og:description\" content=\"D\u00e9couvrez Axelor Template : une plateforme personnalisable pour cr\u00e9er des applications m\u00e9tiers sur mesure, avec une approche Low Code\/No Code intuitive.\" \/>\n<meta property=\"og:url\" content=\"https:\/\/axelor.com\/fr\/plateforme-template\/\" \/>\n<meta property=\"og:site_name\" content=\"Axelor\" \/>\n<meta property=\"article:modified_time\" content=\"2025-01-14T09:03:04+00:00\" \/>\n<meta property=\"og:image\" content=\"https:\/\/axelor.com\/wp-content\/uploads\/2023\/12\/formation.png\" \/>\n<meta name=\"twitter:card\" content=\"summary_large_image\" \/>\n<meta name=\"twitter:label1\" content=\"Dur\u00e9e de lecture estim\u00e9e\" \/>\n\t<meta name=\"twitter:data1\" content=\"3 minutes\" \/>\n<script type=\"application\/ld+json\" class=\"yoast-schema-graph\">{\"@context\":\"https:\/\/schema.org\",\"@graph\":[{\"@type\":\"WebPage\",\"@id\":\"https:\/\/axelor.com\/fr\/plateforme-template\/\",\"url\":\"https:\/\/axelor.com\/fr\/plateforme-template\/\",\"name\":\"Axelor Template\",\"isPartOf\":{\"@id\":\"https:\/\/axelor.com\/#website\"},\"datePublished\":\"2023-12-05T08:53:51+00:00\",\"dateModified\":\"2025-01-14T09:03:04+00:00\",\"description\":\"D\u00e9couvrez Axelor Template : une plateforme personnalisable pour cr\u00e9er des applications m\u00e9tiers sur mesure, avec une approche Low Code\/No Code intuitive.\",\"breadcrumb\":{\"@id\":\"https:\/\/axelor.com\/fr\/plateforme-template\/#breadcrumb\"},\"inLanguage\":\"fr-FR\",\"potentialAction\":[{\"@type\":\"ReadAction\",\"target\":[\"https:\/\/axelor.com\/fr\/plateforme-template\/\"]}]},{\"@type\":\"BreadcrumbList\",\"@id\":\"https:\/\/axelor.com\/fr\/plateforme-template\/#breadcrumb\",\"itemListElement\":[{\"@type\":\"ListItem\",\"position\":1,\"name\":\"Accueil\",\"item\":\"https:\/\/axelor.com\/\"},{\"@type\":\"ListItem\",\"position\":2,\"name\":\"Axelor Template\"}]},{\"@type\":\"WebSite\",\"@id\":\"https:\/\/axelor.com\/#website\",\"url\":\"https:\/\/axelor.com\/\",\"name\":\"Axelor\",\"description\":\"ERP CRM BPM Open Source\",\"potentialAction\":[{\"@type\":\"SearchAction\",\"target\":{\"@type\":\"EntryPoint\",\"urlTemplate\":\"https:\/\/axelor.com\/?s={search_term_string}\"},\"query-input\":\"required name=search_term_string\"}],\"inLanguage\":\"fr-FR\"}]}<\/script>\n<!-- \/ Yoast SEO plugin. -->","yoast_head_json":{"title":"Axelor Template","description":"D\u00e9couvrez Axelor Template : une plateforme personnalisable pour cr\u00e9er des applications m\u00e9tiers sur mesure, avec une approche Low Code\/No Code intuitive.","robots":{"index":"index","follow":"follow","max-snippet":"max-snippet:-1","max-image-preview":"max-image-preview:large","max-video-preview":"max-video-preview:-1"},"canonical":"https:\/\/axelor.com\/fr\/plateforme-template\/","og_locale":"fr_FR","og_type":"article","og_title":"Axelor Template","og_description":"D\u00e9couvrez Axelor Template : une plateforme personnalisable pour cr\u00e9er des applications m\u00e9tiers sur mesure, avec une approche Low Code\/No Code intuitive.","og_url":"https:\/\/axelor.com\/fr\/plateforme-template\/","og_site_name":"Axelor","article_modified_time":"2025-01-14T09:03:04+00:00","og_image":[{"url":"https:\/\/axelor.com\/wp-content\/uploads\/2023\/12\/formation.png"}],"twitter_card":"summary_large_image","twitter_misc":{"Dur\u00e9e de lecture estim\u00e9e":"3 minutes"},"schema":{"@context":"https:\/\/schema.org","@graph":[{"@type":"WebPage","@id":"https:\/\/axelor.com\/fr\/plateforme-template\/","url":"https:\/\/axelor.com\/fr\/plateforme-template\/","name":"Axelor Template","isPartOf":{"@id":"https:\/\/axelor.com\/#website"},"datePublished":"2023-12-05T08:53:51+00:00","dateModified":"2025-01-14T09:03:04+00:00","description":"D\u00e9couvrez Axelor Template : une plateforme personnalisable pour cr\u00e9er des applications m\u00e9tiers sur mesure, avec une approche Low Code\/No Code intuitive.","breadcrumb":{"@id":"https:\/\/axelor.com\/fr\/plateforme-template\/#breadcrumb"},"inLanguage":"fr-FR","potentialAction":[{"@type":"ReadAction","target":["https:\/\/axelor.com\/fr\/plateforme-template\/"]}]},{"@type":"BreadcrumbList","@id":"https:\/\/axelor.com\/fr\/plateforme-template\/#breadcrumb","itemListElement":[{"@type":"ListItem","position":1,"name":"Accueil","item":"https:\/\/axelor.com\/"},{"@type":"ListItem","position":2,"name":"Axelor Template"}]},{"@type":"WebSite","@id":"https:\/\/axelor.com\/#website","url":"https:\/\/axelor.com\/","name":"Axelor","description":"ERP CRM BPM Open Source","potentialAction":[{"@type":"SearchAction","target":{"@type":"EntryPoint","urlTemplate":"https:\/\/axelor.com\/?s={search_term_string}"},"query-input":"required name=search_term_string"}],"inLanguage":"fr-FR"}]}},"_links":{"self":[{"href":"https:\/\/axelor.com\/fr\/wp-json\/wp\/v2\/pages\/371097"}],"collection":[{"href":"https:\/\/axelor.com\/fr\/wp-json\/wp\/v2\/pages"}],"about":[{"href":"https:\/\/axelor.com\/fr\/wp-json\/wp\/v2\/types\/page"}],"author":[{"embeddable":true,"href":"https:\/\/axelor.com\/fr\/wp-json\/wp\/v2\/users\/16"}],"replies":[{"embeddable":true,"href":"https:\/\/axelor.com\/fr\/wp-json\/wp\/v2\/comments?post=371097"}],"version-history":[{"count":24,"href":"https:\/\/axelor.com\/fr\/wp-json\/wp\/v2\/pages\/371097\/revisions"}],"predecessor-version":[{"id":379182,"href":"https:\/\/axelor.com\/fr\/wp-json\/wp\/v2\/pages\/371097\/revisions\/379182"}],"wp:attachment":[{"href":"https:\/\/axelor.com\/fr\/wp-json\/wp\/v2\/media?parent=371097"}],"curies":[{"name":"wp","href":"https:\/\/api.w.org\/{rel}","templated":true}]}}