{"id":374808,"date":"2024-04-17T17:07:22","date_gmt":"2024-04-17T15:07:22","guid":{"rendered":"https:\/\/axelor.com\/?page_id=374808"},"modified":"2025-07-18T14:41:25","modified_gmt":"2025-07-18T12:41:25","slug":"livre-blanc-10-cas-dusage-du-bpm","status":"publish","type":"page","link":"https:\/\/axelor.com\/fr\/livre-blanc-10-cas-dusage-du-bpm\/","title":{"rendered":"Livre blanc : 10 cas d&#8217;usage du BPM"},"content":{"rendered":"<p>[et_pb_section fb_built=&#8221;1&#8243; module_class=&#8221;dark&#8221; _builder_version=&#8221;4.23.1&#8243; _module_preset=&#8221;default&#8221; use_background_color_gradient=&#8221;on&#8221; background_color_gradient_direction=&#8221;220deg&#8221; background_color_gradient_stops=&#8221;#010165 1%|#0d021e 100%&#8221; global_colors_info=&#8221;{}&#8221;][et_pb_row column_structure=&#8221;1_2,1_2&#8243; module_class=&#8221;ver-center&#8221; _builder_version=&#8221;4.23.1&#8243; _module_preset=&#8221;default&#8221; width=&#8221;90%&#8221; max_width=&#8221;1360px&#8221; global_colors_info=&#8221;{}&#8221;][et_pb_column type=&#8221;1_2&#8243; _builder_version=&#8221;4.23.1&#8243; _module_preset=&#8221;default&#8221; global_colors_info=&#8221;{}&#8221;][et_pb_text _builder_version=&#8221;4.23.1&#8243; _module_preset=&#8221;default&#8221; global_colors_info=&#8221;{}&#8221;]<\/p>\n<h1 style=\"text-align: left;\">D\u00e9couvrez 10 cas d&#8217;usage du BPM Low Code\/No Code d\u00e9di\u00e9 \u00e0 votre m\u00e9tier.<\/h1>\n<p>[\/et_pb_text][et_pb_text _builder_version=&#8221;4.23.1&#8243; _module_preset=&#8221;default&#8221; global_colors_info=&#8221;{}&#8221;]<\/p>\n<p style=\"text-align: left;\">Dans un environnement commercial en perp\u00e9tuelle \u00e9volution, la ma\u00eetrise des processus m\u00e9tier devient un atout concurrentiel d\u00e9cisif.<\/p>\n<p style=\"text-align: left;\">Axelor vous invite \u00e0 explorer, \u00e0 travers ce livre blanc, les horizons innovants du BPM Low Code et No Code. D\u00e9couvrez comment r\u00e9inventer l\u2019efficience op\u00e9rationnelle et propulser votre entreprise vers le sommet de son secteur.<\/p>\n<p>[\/et_pb_text][\/et_pb_column][et_pb_column type=&#8221;1_2&#8243; _builder_version=&#8221;4.23.1&#8243; _module_preset=&#8221;default&#8221; global_colors_info=&#8221;{}&#8221;][et_pb_text module_id=&#8221;campagne_li_cas_dusage&#8221; module_class=&#8221;clear&#8221; _builder_version=&#8221;4.23.1&#8243; _module_preset=&#8221;default&#8221; background_color=&#8221;#ffffff&#8221; custom_padding=&#8221;40px|40px|40px|40px|false|true&#8221; border_radii=&#8221;on|20px|20px|20px|20px&#8221; global_colors_info=&#8221;{}&#8221;]<\/p>\n\n<div class=\"wpcf7 no-js\" id=\"wpcf7-f374829-o1\" lang=\"fr-FR\" dir=\"ltr\">\n<div class=\"screen-reader-response\"><p role=\"status\" aria-live=\"polite\" aria-atomic=\"true\"><\/p> <ul><\/ul><\/div>\n<form action=\"\/fr\/wp-json\/wp\/v2\/pages\/374808#wpcf7-f374829-o1\" method=\"post\" class=\"wpcf7-form init\" aria-label=\"Formulaire de contact\" novalidate=\"novalidate\" data-status=\"init\">\n<div style=\"display: none;\">\n<input type=\"hidden\" name=\"_wpcf7\" value=\"374829\" \/>\n<input type=\"hidden\" name=\"_wpcf7_version\" value=\"5.8.7\" \/>\n<input type=\"hidden\" name=\"_wpcf7_locale\" value=\"fr_FR\" \/>\n<input type=\"hidden\" name=\"_wpcf7_unit_tag\" value=\"wpcf7-f374829-o1\" \/>\n<input type=\"hidden\" name=\"_wpcf7_container_post\" value=\"0\" \/>\n<input type=\"hidden\" name=\"_wpcf7_posted_data_hash\" value=\"\" \/>\n<input type=\"hidden\" name=\"_wpcf7cf_hidden_group_fields\" value=\"[]\" \/>\n<input type=\"hidden\" name=\"_wpcf7cf_hidden_groups\" value=\"[]\" \/>\n<input type=\"hidden\" name=\"_wpcf7cf_visible_groups\" value=\"[]\" \/>\n<input type=\"hidden\" name=\"_wpcf7cf_repeaters\" value=\"[]\" \/>\n<input type=\"hidden\" name=\"_wpcf7cf_steps\" value=\"{}\" \/>\n<input type=\"hidden\" name=\"_wpcf7cf_options\" value=\"{&quot;form_id&quot;:374829,&quot;conditions&quot;:[],&quot;settings&quot;:{&quot;animation&quot;:&quot;yes&quot;,&quot;animation_intime&quot;:200,&quot;animation_outtime&quot;:200,&quot;conditions_ui&quot;:&quot;normal&quot;,&quot;notice_dismissed&quot;:false,&quot;notice_dismissed_update-cf7-5.8&quot;:true}}\" \/>\n<input type=\"hidden\" name=\"_wpcf7_recaptcha_response\" value=\"\" \/>\n<\/div>\n<div class=\"grid_form\">\n\t<div>\n\t\t<p><label for=\"your-name\">Nom & Pr\u00e9nom*<\/label><br \/>\n<span class=\"wpcf7-form-control-wrap\" data-name=\"your-name\"><input size=\"40\" class=\"wpcf7-form-control wpcf7-text wpcf7-validates-as-required\" aria-required=\"true\" aria-invalid=\"false\" value=\"\" type=\"text\" name=\"your-name\" \/><\/span>\n\t\t<\/p>\n\t<\/div>\n\t<div>\n\t\t<p><label for=\"your-company\">Entreprise*<\/label><br \/>\n<span class=\"wpcf7-form-control-wrap\" data-name=\"your-company\"><input size=\"40\" class=\"wpcf7-form-control wpcf7-text wpcf7-validates-as-required\" aria-required=\"true\" aria-invalid=\"false\" value=\"\" type=\"text\" name=\"your-company\" \/><\/span>\n\t\t<\/p>\n\t<\/div>\n\t<div class=\"fwidth-input\">\n\t\t<p><label for=\"email\">Email*<\/label><br \/>\n<span class=\"wpcf7-form-control-wrap\" data-name=\"email\"><input size=\"40\" class=\"wpcf7-form-control wpcf7-email wpcf7-validates-as-required wpcf7-text wpcf7-validates-as-email\" aria-required=\"true\" aria-invalid=\"false\" value=\"\" type=\"email\" name=\"email\" \/><\/span>\n\t\t<\/p>\n\t<\/div>\n\t<div class=\"fwidth-input\">\n\t\t<p><label for=\"your-message\">Message<\/label><br \/>\n<span class=\"wpcf7-form-control-wrap\" data-name=\"your-message\"><textarea cols=\"40\" rows=\"10\" class=\"wpcf7-form-control wpcf7-textarea\" aria-invalid=\"false\" name=\"your-message\"><\/textarea><\/span>\n\t\t<\/p>\n\t<\/div>\n<\/div>\n<p><input class=\"wpcf7-form-control wpcf7-submit has-spinner\" type=\"submit\" value=\"Recevoir le livre blanc\" \/>\n<\/p><div class=\"wpcf7-response-output\" aria-hidden=\"true\"><\/div>\n<\/form>\n<\/div>\n\n<p>[\/et_pb_text][et_pb_text _builder_version=&#8221;4.23.1&#8243; _module_preset=&#8221;default&#8221; global_colors_info=&#8221;{}&#8221;]<\/p>\n<p class=\"text-xs\" style=\"text-align: left;\">Axelor recueille vos donn\u00e9es afin de r\u00e9pondre \u00e0 votre demande et \u00e9ventuellement de d\u00e9velopper avec vous une relation commerciale. Pour en savoir plus sur la gestion de vos donn\u00e9es personnelles et pour exercer vos droits, reportez-vous \u00e0 notre <a href=\"https:\/\/axelor.com\/fr\/politique-de-confidentialite\/\">Politique de Confidentialit\u00e9<\/a>.<\/p>\n<p>[\/et_pb_text][\/et_pb_column][\/et_pb_row][\/et_pb_section][et_pb_section fb_built=&#8221;1&#8243; _builder_version=&#8221;4.23.1&#8243; _module_preset=&#8221;default&#8221; global_colors_info=&#8221;{}&#8221;][et_pb_row _builder_version=&#8221;4.23.1&#8243; _module_preset=&#8221;default&#8221; global_colors_info=&#8221;{}&#8221;][et_pb_column type=&#8221;4_4&#8243; _builder_version=&#8221;4.23.1&#8243; _module_preset=&#8221;default&#8221; global_colors_info=&#8221;{}&#8221;][et_pb_text module_class=&#8221;back-title label&#8221; _builder_version=&#8221;4.23.1&#8243; _module_preset=&#8221;default&#8221; global_colors_info=&#8221;{}&#8221;]<\/p>\n<p style=\"text-align: center;\">10 cas d&#8217;usage du BPM<\/p>\n<p>[\/et_pb_text][et_pb_text _builder_version=&#8221;4.23.1&#8243; _module_preset=&#8221;default&#8221; global_colors_info=&#8221;{}&#8221;]<\/p>\n<h2 style=\"text-align: center;\">Pourquoi t\u00e9l\u00e9charger ce livre blanc ?<\/h2>\n<p>[\/et_pb_text][\/et_pb_column][\/et_pb_row][et_pb_row column_structure=&#8221;1_2,1_2&#8243; _builder_version=&#8221;4.23.1&#8243; _module_preset=&#8221;default&#8221; custom_css_free_form=&#8221;selector .icon-article{||  display:flex;||}||selector .icon-article>div:first-child{||  margin-right:var(&#8211;space-3)||}&#8221; global_colors_info=&#8221;{}&#8221;][et_pb_column type=&#8221;1_2&#8243; _builder_version=&#8221;4.23.1&#8243; _module_preset=&#8221;default&#8221; global_colors_info=&#8221;{}&#8221;][et_pb_code _builder_version=&#8221;4.23.1&#8243; _module_preset=&#8221;default&#8221; custom_css_free_form=&#8221;selector .icon-article{||  display:flex;||}||selector .icon-article>div:first-child{||  margin-right:var(&#8211;space-3)||}&#8221; global_colors_info=&#8221;{}&#8221;]<\/p>\n<article class=\"icon-article\"><!-- [et_pb_line_break_holder] -->  <\/p>\n<div><!-- [et_pb_line_break_holder] -->    <pee><i class=\"material-icons\">subdirectory_arrow_right<\/i><\/pee><!-- [et_pb_line_break_holder] -->  <\/div>\n<p><!-- [et_pb_line_break_holder] -->  <\/p>\n<div><!-- [et_pb_line_break_holder] -->    <\/p>\n<h3 class=\"text-lg\">D\u00e9couvrez des cas d\u2019usage concrets :<\/h3>\n<p><!-- [et_pb_line_break_holder] -->    <pee>De la facturation \u00e0 la gestion des commandes client, en passant par le suivi des opportunit\u00e9s et les notes de frais, nous couvrons des sc\u00e9narios r\u00e9els o\u00f9 le BPM d\u2019Axelor transforme les op\u00e9rations quotidiennes.<\/pee><!-- [et_pb_line_break_holder] -->  <\/div>\n<p><!-- [et_pb_line_break_holder] --><\/article>\n<p>[\/et_pb_code][\/et_pb_column][et_pb_column type=&#8221;1_2&#8243; _builder_version=&#8221;4.23.1&#8243; _module_preset=&#8221;default&#8221; global_colors_info=&#8221;{}&#8221;][et_pb_code _builder_version=&#8221;4.23.1&#8243; _module_preset=&#8221;default&#8221; global_colors_info=&#8221;{}&#8221;]<\/p>\n<article class=\"icon-article\"><!-- [et_pb_line_break_holder] -->  <\/p>\n<div><!-- [et_pb_line_break_holder] -->    <pee><i class=\"material-icons\">subdirectory_arrow_right<\/i><\/pee><!-- [et_pb_line_break_holder] -->  <\/div>\n<p><!-- [et_pb_line_break_holder] -->  <\/p>\n<div><!-- [et_pb_line_break_holder] -->    <\/p>\n<h3 class=\"text-lg\">Visionnez et t\u00e9l\u00e9chargez :<\/h3>\n<p><!-- [et_pb_line_break_holder] -->    <pee>\u00c0 chaque cas d\u2019usage, acc\u00e9dez \u00e0 des vid\u00e9os explicatives et t\u00e9l\u00e9chargez des diagrammes BPMN pour impl\u00e9menter ces solutions directement dans votre entreprise.<\/pee><!-- [et_pb_line_break_holder] -->  <\/div>\n<p><!-- [et_pb_line_break_holder] --><\/article>\n<p>[\/et_pb_code][\/et_pb_column][\/et_pb_row][et_pb_row column_structure=&#8221;1_2,1_2&#8243; _builder_version=&#8221;4.23.1&#8243; _module_preset=&#8221;default&#8221; custom_padding=&#8221;0px|||||&#8221; custom_css_free_form=&#8221;selector .icon-article{||  display:flex;||}||selector .icon-article>div:first-child{||  margin-right:var(&#8211;space-3)||}&#8221; global_colors_info=&#8221;{}&#8221;][et_pb_column type=&#8221;1_2&#8243; _builder_version=&#8221;4.23.1&#8243; _module_preset=&#8221;default&#8221; global_colors_info=&#8221;{}&#8221;][et_pb_code _builder_version=&#8221;4.23.1&#8243; _module_preset=&#8221;default&#8221; global_colors_info=&#8221;{}&#8221;]<\/p>\n<article class=\"icon-article\"><!-- [et_pb_line_break_holder] -->  <\/p>\n<div><!-- [et_pb_line_break_holder] -->    <pee><i class=\"material-icons\">subdirectory_arrow_right<\/i><\/pee><!-- [et_pb_line_break_holder] -->  <\/div>\n<p><!-- [et_pb_line_break_holder] -->  <\/p>\n<div><!-- [et_pb_line_break_holder] -->    <\/p>\n<h3 class=\"text-lg\">Boostez votre productivit\u00e9 :<\/h3>\n<p><!-- [et_pb_line_break_holder] -->    <pee>Apprenez comment automatiser des processus, r\u00e9duire les co\u00fbts, augmenter la productivit\u00e9 et am\u00e9liorer la satisfaction client.<\/pee><!-- [et_pb_line_break_holder] -->  <\/div>\n<p><!-- [et_pb_line_break_holder] --><\/article>\n<p>[\/et_pb_code][\/et_pb_column][et_pb_column type=&#8221;1_2&#8243; _builder_version=&#8221;4.23.1&#8243; _module_preset=&#8221;default&#8221; global_colors_info=&#8221;{}&#8221;][et_pb_code _builder_version=&#8221;4.23.1&#8243; _module_preset=&#8221;default&#8221; global_colors_info=&#8221;{}&#8221;]<\/p>\n<article class=\"icon-article\"><!-- [et_pb_line_break_holder] -->  <\/p>\n<div><!-- [et_pb_line_break_holder] -->    <pee><i class=\"material-icons\">subdirectory_arrow_right<\/i><\/pee><!-- [et_pb_line_break_holder] -->  <\/div>\n<p><!-- [et_pb_line_break_holder] -->  <\/p>\n<div><!-- [et_pb_line_break_holder] -->    <\/p>\n<h3 class=\"text-lg\">Innovation \u00e0 port\u00e9e de main :<\/h3>\n<p><!-- [et_pb_line_break_holder] -->    <pee>Gr\u00e2ce \u00e0 notre approche Low Code et No Code, d\u00e9couvrez comment mettre en place des solutions BPM sans comp\u00e9tences en d\u00e9veloppement.<\/pee><!-- [et_pb_line_break_holder] -->  <\/div>\n<p><!-- [et_pb_line_break_holder] --><\/article>\n<p>[\/et_pb_code][\/et_pb_column][\/et_pb_row][et_pb_row _builder_version=&#8221;4.23.1&#8243; _module_preset=&#8221;default&#8221; global_colors_info=&#8221;{}&#8221;][et_pb_column type=&#8221;4_4&#8243; _builder_version=&#8221;4.23.1&#8243; _module_preset=&#8221;default&#8221; global_colors_info=&#8221;{}&#8221;][et_pb_image src=&#8221;https:\/\/axelor.com\/wp-content\/uploads\/2025\/07\/livre-blanc-bpm.png&#8221; title_text=&#8221;mockup_lb_10_cas_dusage_bpm&#8221; _builder_version=&#8221;4.23.1&#8243; _module_preset=&#8221;default&#8221; hover_enabled=&#8221;0&#8243; global_colors_info=&#8221;{}&#8221; alt=&#8221;livre-blanc-bpm&#8221; sticky_enabled=&#8221;0&#8243; align=&#8221;center&#8221;][\/et_pb_image][\/et_pb_column][\/et_pb_row][et_pb_row _builder_version=&#8221;4.23.1&#8243; _module_preset=&#8221;default&#8221; global_colors_info=&#8221;{}&#8221; disabled_on=&#8221;on|on|on&#8221; disabled=&#8221;on&#8221;][et_pb_column type=&#8221;4_4&#8243; _builder_version=&#8221;4.23.1&#8243; _module_preset=&#8221;default&#8221; global_colors_info=&#8221;{}&#8221;][et_pb_image src=&#8221;https:\/\/axelor.com\/wp-content\/uploads\/2024\/04\/mockup_lb_10_cas_dusage_bpm.jpg&#8221; title_text=&#8221;mockup_lb_10_cas_dusage_bpm&#8221; _builder_version=&#8221;4.23.1&#8243; _module_preset=&#8221;default&#8221; global_colors_info=&#8221;{}&#8221;][\/et_pb_image][\/et_pb_column][\/et_pb_row][et_pb_row module_class=&#8221;dark cta-section&#8221; _builder_version=&#8221;4.23.1&#8243; _module_preset=&#8221;default&#8221; use_background_color_gradient=&#8221;on&#8221; background_color_gradient_direction=&#8221;220deg&#8221; background_color_gradient_stops=&#8221;#010165 0%|#0d021e 100%&#8221; width=&#8221;90%&#8221; max_width=&#8221;1360px&#8221; custom_margin=&#8221;70px||||false|false&#8221; custom_padding=&#8221;50px|0px|50px|0px|true|true&#8221; border_radii=&#8221;on|50px|50px|50px|50px&#8221; global_colors_info=&#8221;{}&#8221;][et_pb_column type=&#8221;4_4&#8243; _builder_version=&#8221;4.23.1&#8243; _module_preset=&#8221;default&#8221; global_colors_info=&#8221;{}&#8221;][et_pb_text _builder_version=&#8221;4.23.1&#8243; _module_preset=&#8221;default&#8221; width=&#8221;960px&#8221; max_width=&#8221;90%&#8221; module_alignment=&#8221;center&#8221; global_colors_info=&#8221;{}&#8221;]<\/p>\n<h2 style=\"text-align: center;\">Pilotez vos projets clients et suivez votre rentabilit\u00e9 en temps r\u00e9el.<\/h2>\n<p>[\/et_pb_text][et_pb_code _builder_version=&#8221;4.23.1&#8243; _module_preset=&#8221;default&#8221; max_width=&#8221;90%&#8221; module_alignment=&#8221;center&#8221; global_colors_info=&#8221;{}&#8221;]<\/p>\n<div class=\"button-group center\"><!-- [et_pb_line_break_holder] -->  <a href=\"https:\/\/axelor.com\/fr\/contact\/\" class=\"button icone first\"><pee>\u00catre contact\u00e9<i class=\"material-icons white\"><!-- [et_pb_line_break_holder] -->keyboard_return<!-- [et_pb_line_break_holder] --><\/i><\/pee><\/a><!-- [et_pb_line_break_holder] -->  <a href=\"https:\/\/axelor.com\/fr\/demande-axelor-demo\/\" class=\"button second\"><pee>Acc\u00e9der \u00e0 la d\u00e9mo<\/pee><\/a><!-- [et_pb_line_break_holder] --><\/div>\n<p>[\/et_pb_code][\/et_pb_column][\/et_pb_row][\/et_pb_section]<\/p>\n","protected":false},"excerpt":{"rendered":"<p>D\u00e9couvrez 10 cas d&#8217;usage du BPM Low Code\/No Code d\u00e9di\u00e9 \u00e0 votre m\u00e9tier.Dans un environnement commercial en perp\u00e9tuelle \u00e9volution, la ma\u00eetrise des processus m\u00e9tier devient un atout concurrentiel d\u00e9cisif. Axelor vous invite \u00e0 explorer, \u00e0 travers ce livre blanc, les horizons innovants du BPM Low Code et No Code. D\u00e9couvrez comment r\u00e9inventer l\u2019efficience op\u00e9rationnelle et [&hellip;]<\/p>\n","protected":false},"author":3,"featured_media":0,"parent":0,"menu_order":0,"comment_status":"closed","ping_status":"closed","template":"","meta":{"_acf_changed":false,"_et_pb_use_builder":"on","_et_pb_old_content":"","_et_gb_content_width":"","content-type":"","inline_featured_image":false,"footnotes":""},"acf":[],"yoast_head":"<!-- This site is optimized with the Yoast SEO plugin v22.0 - https:\/\/yoast.com\/wordpress\/plugins\/seo\/ -->\n<title>Livre blanc : 10 cas d&#039;usage du BPM | Axelor<\/title>\n<meta name=\"description\" content=\"D\u00e9couvrez 10 cas d\u2019usage du BPM Low Code\/No Code d&#039;Axelor et apprenez \u00e0 automatiser vos processus m\u00e9tier pour gagner en productivit\u00e9 et efficacit\u00e9.\" \/>\n<meta name=\"robots\" content=\"index, follow, max-snippet:-1, max-image-preview:large, max-video-preview:-1\" \/>\n<link rel=\"canonical\" href=\"https:\/\/axelor.com\/fr\/livre-blanc-10-cas-dusage-du-bpm\/\" \/>\n<meta property=\"og:locale\" content=\"fr_FR\" \/>\n<meta property=\"og:type\" content=\"article\" \/>\n<meta property=\"og:title\" content=\"Livre blanc : 10 cas d&#039;usage du BPM | Axelor\" \/>\n<meta property=\"og:description\" content=\"D\u00e9couvrez 10 cas d\u2019usage du BPM Low Code\/No Code d&#039;Axelor et apprenez \u00e0 automatiser vos processus m\u00e9tier pour gagner en productivit\u00e9 et efficacit\u00e9.\" \/>\n<meta property=\"og:url\" content=\"https:\/\/axelor.com\/fr\/livre-blanc-10-cas-dusage-du-bpm\/\" \/>\n<meta property=\"og:site_name\" content=\"Axelor\" \/>\n<meta property=\"article:modified_time\" content=\"2025-07-18T12:41:25+00:00\" \/>\n<meta name=\"twitter:card\" content=\"summary_large_image\" \/>\n<meta name=\"twitter:label1\" content=\"Dur\u00e9e de lecture estim\u00e9e\" \/>\n\t<meta name=\"twitter:data1\" content=\"2 minutes\" \/>\n<script type=\"application\/ld+json\" class=\"yoast-schema-graph\">{\"@context\":\"https:\/\/schema.org\",\"@graph\":[{\"@type\":\"WebPage\",\"@id\":\"https:\/\/axelor.com\/fr\/livre-blanc-10-cas-dusage-du-bpm\/\",\"url\":\"https:\/\/axelor.com\/fr\/livre-blanc-10-cas-dusage-du-bpm\/\",\"name\":\"Livre blanc : 10 cas d'usage du BPM | Axelor\",\"isPartOf\":{\"@id\":\"https:\/\/axelor.com\/#website\"},\"datePublished\":\"2024-04-17T15:07:22+00:00\",\"dateModified\":\"2025-07-18T12:41:25+00:00\",\"description\":\"D\u00e9couvrez 10 cas d\u2019usage du BPM Low Code\/No Code d'Axelor et apprenez \u00e0 automatiser vos processus m\u00e9tier pour gagner en productivit\u00e9 et efficacit\u00e9.\",\"breadcrumb\":{\"@id\":\"https:\/\/axelor.com\/fr\/livre-blanc-10-cas-dusage-du-bpm\/#breadcrumb\"},\"inLanguage\":\"fr-FR\",\"potentialAction\":[{\"@type\":\"ReadAction\",\"target\":[\"https:\/\/axelor.com\/fr\/livre-blanc-10-cas-dusage-du-bpm\/\"]}]},{\"@type\":\"BreadcrumbList\",\"@id\":\"https:\/\/axelor.com\/fr\/livre-blanc-10-cas-dusage-du-bpm\/#breadcrumb\",\"itemListElement\":[{\"@type\":\"ListItem\",\"position\":1,\"name\":\"Accueil\",\"item\":\"https:\/\/axelor.com\/\"},{\"@type\":\"ListItem\",\"position\":2,\"name\":\"Livre blanc : 10 cas d&#8217;usage du BPM\"}]},{\"@type\":\"WebSite\",\"@id\":\"https:\/\/axelor.com\/#website\",\"url\":\"https:\/\/axelor.com\/\",\"name\":\"Axelor\",\"description\":\"ERP CRM BPM Open Source\",\"potentialAction\":[{\"@type\":\"SearchAction\",\"target\":{\"@type\":\"EntryPoint\",\"urlTemplate\":\"https:\/\/axelor.com\/?s={search_term_string}\"},\"query-input\":\"required name=search_term_string\"}],\"inLanguage\":\"fr-FR\"}]}<\/script>\n<!-- \/ Yoast SEO plugin. -->","yoast_head_json":{"title":"Livre blanc : 10 cas d'usage du BPM | Axelor","description":"D\u00e9couvrez 10 cas d\u2019usage du BPM Low Code\/No Code d'Axelor et apprenez \u00e0 automatiser vos processus m\u00e9tier pour gagner en productivit\u00e9 et efficacit\u00e9.","robots":{"index":"index","follow":"follow","max-snippet":"max-snippet:-1","max-image-preview":"max-image-preview:large","max-video-preview":"max-video-preview:-1"},"canonical":"https:\/\/axelor.com\/fr\/livre-blanc-10-cas-dusage-du-bpm\/","og_locale":"fr_FR","og_type":"article","og_title":"Livre blanc : 10 cas d'usage du BPM | Axelor","og_description":"D\u00e9couvrez 10 cas d\u2019usage du BPM Low Code\/No Code d'Axelor et apprenez \u00e0 automatiser vos processus m\u00e9tier pour gagner en productivit\u00e9 et efficacit\u00e9.","og_url":"https:\/\/axelor.com\/fr\/livre-blanc-10-cas-dusage-du-bpm\/","og_site_name":"Axelor","article_modified_time":"2025-07-18T12:41:25+00:00","twitter_card":"summary_large_image","twitter_misc":{"Dur\u00e9e de lecture estim\u00e9e":"2 minutes"},"schema":{"@context":"https:\/\/schema.org","@graph":[{"@type":"WebPage","@id":"https:\/\/axelor.com\/fr\/livre-blanc-10-cas-dusage-du-bpm\/","url":"https:\/\/axelor.com\/fr\/livre-blanc-10-cas-dusage-du-bpm\/","name":"Livre blanc : 10 cas d'usage du BPM | Axelor","isPartOf":{"@id":"https:\/\/axelor.com\/#website"},"datePublished":"2024-04-17T15:07:22+00:00","dateModified":"2025-07-18T12:41:25+00:00","description":"D\u00e9couvrez 10 cas d\u2019usage du BPM Low Code\/No Code d'Axelor et apprenez \u00e0 automatiser vos processus m\u00e9tier pour gagner en productivit\u00e9 et efficacit\u00e9.","breadcrumb":{"@id":"https:\/\/axelor.com\/fr\/livre-blanc-10-cas-dusage-du-bpm\/#breadcrumb"},"inLanguage":"fr-FR","potentialAction":[{"@type":"ReadAction","target":["https:\/\/axelor.com\/fr\/livre-blanc-10-cas-dusage-du-bpm\/"]}]},{"@type":"BreadcrumbList","@id":"https:\/\/axelor.com\/fr\/livre-blanc-10-cas-dusage-du-bpm\/#breadcrumb","itemListElement":[{"@type":"ListItem","position":1,"name":"Accueil","item":"https:\/\/axelor.com\/"},{"@type":"ListItem","position":2,"name":"Livre blanc : 10 cas d&#8217;usage du BPM"}]},{"@type":"WebSite","@id":"https:\/\/axelor.com\/#website","url":"https:\/\/axelor.com\/","name":"Axelor","description":"ERP CRM BPM Open Source","potentialAction":[{"@type":"SearchAction","target":{"@type":"EntryPoint","urlTemplate":"https:\/\/axelor.com\/?s={search_term_string}"},"query-input":"required name=search_term_string"}],"inLanguage":"fr-FR"}]}},"_links":{"self":[{"href":"https:\/\/axelor.com\/fr\/wp-json\/wp\/v2\/pages\/374808"}],"collection":[{"href":"https:\/\/axelor.com\/fr\/wp-json\/wp\/v2\/pages"}],"about":[{"href":"https:\/\/axelor.com\/fr\/wp-json\/wp\/v2\/types\/page"}],"author":[{"embeddable":true,"href":"https:\/\/axelor.com\/fr\/wp-json\/wp\/v2\/users\/3"}],"replies":[{"embeddable":true,"href":"https:\/\/axelor.com\/fr\/wp-json\/wp\/v2\/comments?post=374808"}],"version-history":[{"count":25,"href":"https:\/\/axelor.com\/fr\/wp-json\/wp\/v2\/pages\/374808\/revisions"}],"predecessor-version":[{"id":382799,"href":"https:\/\/axelor.com\/fr\/wp-json\/wp\/v2\/pages\/374808\/revisions\/382799"}],"wp:attachment":[{"href":"https:\/\/axelor.com\/fr\/wp-json\/wp\/v2\/media?parent=374808"}],"curies":[{"name":"wp","href":"https:\/\/api.w.org\/{rel}","templated":true}]}}