{"id":38322,"date":"2021-06-22T12:30:59","date_gmt":"2021-06-22T10:30:59","guid":{"rendered":"http:\/\/eojlqgl.cluster030.hosting.ovh.net\/?page_id=38322"},"modified":"2023-03-22T13:49:06","modified_gmt":"2023-03-22T12:49:06","slug":"mentions-legales","status":"publish","type":"page","link":"https:\/\/axelor.com\/fr\/mentions-legales\/","title":{"rendered":"Mentions l\u00e9gales"},"content":{"rendered":"\n[et_pb_section fb_built=&#8221;1&#8243; admin_label=&#8221;section&#8221; _builder_version=&#8221;3.22&#8243;][et_pb_row admin_label=&#8221;row&#8221; _builder_version=&#8221;3.25&#8243; background_size=&#8221;initial&#8221; background_position=&#8221;top_left&#8221; background_repeat=&#8221;repeat&#8221;][et_pb_column type=&#8221;4_4&#8243; _builder_version=&#8221;3.25&#8243; custom_padding=&#8221;|||&#8221; custom_padding__hover=&#8221;|||&#8221;][et_pb_text module_id=&#8221;mentions&#8221; _builder_version=&#8221;3.27.4&#8243; background_size=&#8221;initial&#8221; background_position=&#8221;top_left&#8221; background_repeat=&#8221;repeat&#8221; use_border_color=&#8221;off&#8221;]<h1 style=\"text-align: center;\">Mentions l\u00e9gales du site<\/h1>\r\n<h2 style=\"text-align: center;\">Axelor<\/h2>\r\nConform\u00e9ment aux dispositions des Articles 6-III et 19 de la Loi n\u00b02004-575 du 21 juin 2004 pour la\u00a0Confiance dans l&#8217;\u00e9conomie num\u00e9rique, dite L.C.E.N., il est port\u00e9 \u00e0 la connaissance des utilisateurs et\u00a0visiteurs du site Axelor les pr\u00e9sentes mentions l\u00e9gales.\r\nLe site Axelor est accessible \u00e0 l&#8217;adresse suivante : www.axelor.com (ci-apr\u00e8s &#8220;le Site&#8221;). L&#8217;acc\u00e8s et\u00a0l&#8217;utilisation du Site sont soumis aux pr\u00e9sentes &#8221; Mentions l\u00e9gales&#8221; d\u00e9taill\u00e9es ci-apr\u00e8s ainsi qu&#8217;aux lois\u00a0et\/ou r\u00e8glements applicables.\r\nLa connexion, l&#8217;utilisation et l&#8217;acc\u00e8s \u00e0 ce Site impliquent l&#8217;acceptation int\u00e9grale et sans r\u00e9serve de\u00a0l&#8217;internaute de toutes les dispositions des pr\u00e9sentes Mentions L\u00e9gales.\r\n<h3>Article 1 &#8211; Informations l\u00e9gales<\/h3>\r\nEn vertu de l&#8217;Article 6 de la Loi n\u00b0 2004-575 du 21 juin 2004 pour la confiance dans l&#8217;\u00e9conomie\u00a0num\u00e9rique, il est pr\u00e9cis\u00e9 dans cet article l&#8217;identit\u00e9 des diff\u00e9rents intervenants dans le cadre de sa\u00a0r\u00e9alisation et de son suivi.\r\nLe site Axelor est \u00e9dit\u00e9 par :\r\n<strong>Axelor SAS<\/strong>\r\nayant son si\u00e8ge social \u00e0 l&#8217;adresse suivante : 23 rue Alfred Nobel, 77420 Champs-sur-Marne, et\u00a0immatricul\u00e9e au num\u00e9ro suivant : 480 879 733 00040.\r\nT\u00e9l\u00e9phone : +33 (0)1 83 64 06 50\r\nAdresse e-mail :\u00a0<img loading=\"lazy\" decoding=\"async\" class=\"alignnone size-full wp-image-2171\" src=\"https:\/\/axelor.com\/wp-content\/uploads\/2021\/06\/mail3.png\" alt=\"\" width=\"125\" height=\"17\" \/>\r\n\r\nci apr\u00e8s &#8221; l&#8217;\u00c9diteur &#8221;\r\nLe Directeur de publication est :\r\n<strong>Laith JUBAIR<\/strong>\r\nAdresse e-mail de contact :\u00a0<img loading=\"lazy\" decoding=\"async\" class=\"alignnone size-full wp-image-2171\" src=\"https:\/\/axelor.com\/wp-content\/uploads\/2021\/06\/mail3.png\" alt=\"\" width=\"125\" height=\"17\" \/>\r\nci apr\u00e8s &#8221; le Directeur de publication &#8221;\r\n\r\nLe site Axelor est h\u00e9berg\u00e9 par :\r\n<strong>OVH<\/strong>\r\ndont le si\u00e8ge est situ\u00e9 \u00e0 l&#8217;adresse suivante : 2 RUE KELLERMANN 59100 ROUBAIX\r\nT\u00e9l\u00e9phone : 08 90 10 92 91\r\nAdresse e-mail : sd@ml.ovh.net.\r\n\r\nci apr\u00e8s &#8221; l&#8217;H\u00e9bergeur &#8221;\r\nSont consid\u00e9r\u00e9s comme utilisateurs tout les internautes qui naviguent, lisent, visionnent et utilisent le\u00a0site Axelor.\r\n\r\nci apr\u00e8s les &#8221; Utilisateurs &#8221;\r\n<h3>Article 2 &#8211; Accessibilit\u00e9<\/h3>\r\nLe Site est par principe accessible aux utilisateurs 24\/24h et 7\/7j, sauf interruption, programm\u00e9e ou\u00a0non, pour des besoins de maintenance ou en cas de force majeure.\r\nEn cas d&#8217;impossibilit\u00e9 d&#8217;acc\u00e8s au Site, celui-ci s&#8217;engage \u00e0 faire son maximum afin d&#8217;en r\u00e9tablir l&#8217;acc\u00e8s.\u00a0Le Site ne saurait \u00eatre tenu pour responsable de tout dommage, quelle qu&#8217;en soit la nature, r\u00e9sultant de\u00a0son indisponibilit\u00e9.\r\n<h3>Article 3 &#8211; Collecte de donn\u00e9es et loi informatique et libert\u00e9s<\/h3>\r\nLe site Axelor est exempt\u00e9 de d\u00e9claration \u00e0 la Commission Nationale Informatique et Libert\u00e9s (CNIL)\u00a0dans la mesure o\u00f9 il ne collecte aucune donn\u00e9e des Utilisateurs.\r\n<h3>Article 4 &#8211; Politique de cookies<\/h3>\r\nLe site Axelor a \u00e9ventuellement recours aux techniques de &#8220;cookies&#8221; lui permettant de traiter des\u00a0statistiques et des informations sur le trafic, de faciliter la navigation et d&#8217;am\u00e9liorer le service pour le\u00a0confort de l&#8217;Utilisateur.\r\nConform\u00e9ment \u00e0 la l\u00e9gislation europ\u00e9enne, le site Axelor a mis \u00e0 jour sa politique de confidentialit\u00e9 en\u00a0mati\u00e8re de cookies. L&#8217;Utilisateur est libre d&#8217;accepter ou de refuser les cookies de tous les sites internet\u00a0en modifiant les param\u00e8tres de son navigateur internet.\r\n<h3>Article 5 &#8211; Loi applicable et juridiction<\/h3>\r\nLes pr\u00e9sentes Mentions L\u00e9gales sont r\u00e9gies par la loi fran\u00e7aise. En cas de diff\u00e9rend et \u00e0 d\u00e9faut\u00a0d&#8217;accord amiable, le litige sera port\u00e9 devant les tribunaux fran\u00e7ais conform\u00e9ment aux r\u00e8gles de\u00a0comp\u00e9tence en vigueur.\r\n<h3>Article 6 &#8211; Contact<\/h3>\r\nPour tout signalement de contenus ou d&#8217;activit\u00e9s illicites, l&#8217;Utilisateur peut contacter l&#8217;\u00c9diteur \u00e0\u00a0l&#8217;adresse suivante : <img loading=\"lazy\" decoding=\"async\" class=\"alignnone size-full wp-image-2171\" src=\"https:\/\/axelor.com\/wp-content\/uploads\/2021\/06\/mail3.png\" alt=\"\" width=\"125\" height=\"17\"\/>, ou par courrier recommand\u00e9 avec accus\u00e9 de r\u00e9ception adress\u00e9 \u00e0\u00a0l&#8217;\u00c9diteur aux coordonn\u00e9es pr\u00e9cis\u00e9es dans les pr\u00e9sentes mentions l\u00e9gales.\r\nLe site Axelor vous souhaite une excellente navigation !\r[\/et_pb_text][\/et_pb_column][\/et_pb_row][\/et_pb_section]\n","protected":false},"excerpt":{"rendered":"<p>Mentions l\u00e9gales du site Axelor Conform\u00e9ment aux dispositions des Articles 6-III et 19 de la Loi n\u00b02004-575 du 21 juin 2004 pour la\u00a0Confiance dans l&#8217;\u00e9conomie num\u00e9rique, dite L.C.E.N., il est port\u00e9 \u00e0 la connaissance des utilisateurs et\u00a0visiteurs du site Axelor les pr\u00e9sentes mentions l\u00e9gales. Le site Axelor est accessible \u00e0 l&#8217;adresse suivante : www.axelor.com (ci-apr\u00e8s [&hellip;]<\/p>\n","protected":false},"author":3,"featured_media":0,"parent":0,"menu_order":0,"comment_status":"closed","ping_status":"closed","template":"","meta":{"_acf_changed":false,"_et_pb_use_builder":"on","_et_pb_old_content":"","_et_gb_content_width":"","content-type":"","inline_featured_image":false,"footnotes":""},"acf":[],"yoast_head":"<!-- This site is optimized with the Yoast SEO plugin v22.0 - https:\/\/yoast.com\/wordpress\/plugins\/seo\/ -->\n<title>Mentions l\u00e9gales | Axelor<\/title>\n<meta name=\"description\" content=\"Retrouvez les diff\u00e9rentes informations l\u00e9gales concernant notre site web sur notre page d\u00e9di\u00e9e aux mentions l\u00e9gales du site Axelor.\" \/>\n<meta name=\"robots\" content=\"index, follow, max-snippet:-1, max-image-preview:large, max-video-preview:-1\" \/>\n<link rel=\"canonical\" href=\"https:\/\/axelor.com\/fr\/mentions-legales\/\" \/>\n<meta property=\"og:locale\" content=\"fr_FR\" \/>\n<meta property=\"og:type\" content=\"article\" \/>\n<meta property=\"og:title\" content=\"Mentions l\u00e9gales | Axelor\" \/>\n<meta property=\"og:description\" content=\"Retrouvez les diff\u00e9rentes informations l\u00e9gales concernant notre site web sur notre page d\u00e9di\u00e9e aux mentions l\u00e9gales du site Axelor.\" \/>\n<meta property=\"og:url\" content=\"https:\/\/axelor.com\/fr\/mentions-legales\/\" \/>\n<meta property=\"og:site_name\" content=\"Axelor\" \/>\n<meta property=\"article:modified_time\" content=\"2023-03-22T12:49:06+00:00\" \/>\n<meta property=\"og:image\" content=\"https:\/\/axelor.com\/wp-content\/uploads\/2021\/06\/mail3.png\" \/>\n<meta name=\"twitter:card\" content=\"summary_large_image\" \/>\n<meta name=\"twitter:label1\" content=\"Dur\u00e9e de lecture estim\u00e9e\" \/>\n\t<meta name=\"twitter:data1\" content=\"4 minutes\" \/>\n<script type=\"application\/ld+json\" class=\"yoast-schema-graph\">{\"@context\":\"https:\/\/schema.org\",\"@graph\":[{\"@type\":\"WebPage\",\"@id\":\"https:\/\/axelor.com\/fr\/mentions-legales\/\",\"url\":\"https:\/\/axelor.com\/fr\/mentions-legales\/\",\"name\":\"Mentions l\u00e9gales | Axelor\",\"isPartOf\":{\"@id\":\"https:\/\/axelor.com\/#website\"},\"datePublished\":\"2021-06-22T10:30:59+00:00\",\"dateModified\":\"2023-03-22T12:49:06+00:00\",\"description\":\"Retrouvez les diff\u00e9rentes informations l\u00e9gales concernant notre site web sur notre page d\u00e9di\u00e9e aux mentions l\u00e9gales du site Axelor.\",\"breadcrumb\":{\"@id\":\"https:\/\/axelor.com\/fr\/mentions-legales\/#breadcrumb\"},\"inLanguage\":\"fr-FR\",\"potentialAction\":[{\"@type\":\"ReadAction\",\"target\":[\"https:\/\/axelor.com\/fr\/mentions-legales\/\"]}]},{\"@type\":\"BreadcrumbList\",\"@id\":\"https:\/\/axelor.com\/fr\/mentions-legales\/#breadcrumb\",\"itemListElement\":[{\"@type\":\"ListItem\",\"position\":1,\"name\":\"Accueil\",\"item\":\"https:\/\/axelor.com\/\"},{\"@type\":\"ListItem\",\"position\":2,\"name\":\"Mentions l\u00e9gales\"}]},{\"@type\":\"WebSite\",\"@id\":\"https:\/\/axelor.com\/#website\",\"url\":\"https:\/\/axelor.com\/\",\"name\":\"Axelor\",\"description\":\"ERP CRM BPM Open Source\",\"potentialAction\":[{\"@type\":\"SearchAction\",\"target\":{\"@type\":\"EntryPoint\",\"urlTemplate\":\"https:\/\/axelor.com\/?s={search_term_string}\"},\"query-input\":\"required name=search_term_string\"}],\"inLanguage\":\"fr-FR\"}]}<\/script>\n<!-- \/ Yoast SEO plugin. -->","yoast_head_json":{"title":"Mentions l\u00e9gales | Axelor","description":"Retrouvez les diff\u00e9rentes informations l\u00e9gales concernant notre site web sur notre page d\u00e9di\u00e9e aux mentions l\u00e9gales du site Axelor.","robots":{"index":"index","follow":"follow","max-snippet":"max-snippet:-1","max-image-preview":"max-image-preview:large","max-video-preview":"max-video-preview:-1"},"canonical":"https:\/\/axelor.com\/fr\/mentions-legales\/","og_locale":"fr_FR","og_type":"article","og_title":"Mentions l\u00e9gales | Axelor","og_description":"Retrouvez les diff\u00e9rentes informations l\u00e9gales concernant notre site web sur notre page d\u00e9di\u00e9e aux mentions l\u00e9gales du site Axelor.","og_url":"https:\/\/axelor.com\/fr\/mentions-legales\/","og_site_name":"Axelor","article_modified_time":"2023-03-22T12:49:06+00:00","og_image":[{"url":"https:\/\/axelor.com\/wp-content\/uploads\/2021\/06\/mail3.png"}],"twitter_card":"summary_large_image","twitter_misc":{"Dur\u00e9e de lecture estim\u00e9e":"4 minutes"},"schema":{"@context":"https:\/\/schema.org","@graph":[{"@type":"WebPage","@id":"https:\/\/axelor.com\/fr\/mentions-legales\/","url":"https:\/\/axelor.com\/fr\/mentions-legales\/","name":"Mentions l\u00e9gales | Axelor","isPartOf":{"@id":"https:\/\/axelor.com\/#website"},"datePublished":"2021-06-22T10:30:59+00:00","dateModified":"2023-03-22T12:49:06+00:00","description":"Retrouvez les diff\u00e9rentes informations l\u00e9gales concernant notre site web sur notre page d\u00e9di\u00e9e aux mentions l\u00e9gales du site Axelor.","breadcrumb":{"@id":"https:\/\/axelor.com\/fr\/mentions-legales\/#breadcrumb"},"inLanguage":"fr-FR","potentialAction":[{"@type":"ReadAction","target":["https:\/\/axelor.com\/fr\/mentions-legales\/"]}]},{"@type":"BreadcrumbList","@id":"https:\/\/axelor.com\/fr\/mentions-legales\/#breadcrumb","itemListElement":[{"@type":"ListItem","position":1,"name":"Accueil","item":"https:\/\/axelor.com\/"},{"@type":"ListItem","position":2,"name":"Mentions l\u00e9gales"}]},{"@type":"WebSite","@id":"https:\/\/axelor.com\/#website","url":"https:\/\/axelor.com\/","name":"Axelor","description":"ERP CRM BPM Open Source","potentialAction":[{"@type":"SearchAction","target":{"@type":"EntryPoint","urlTemplate":"https:\/\/axelor.com\/?s={search_term_string}"},"query-input":"required name=search_term_string"}],"inLanguage":"fr-FR"}]}},"_links":{"self":[{"href":"https:\/\/axelor.com\/fr\/wp-json\/wp\/v2\/pages\/38322"}],"collection":[{"href":"https:\/\/axelor.com\/fr\/wp-json\/wp\/v2\/pages"}],"about":[{"href":"https:\/\/axelor.com\/fr\/wp-json\/wp\/v2\/types\/page"}],"author":[{"embeddable":true,"href":"https:\/\/axelor.com\/fr\/wp-json\/wp\/v2\/users\/3"}],"replies":[{"embeddable":true,"href":"https:\/\/axelor.com\/fr\/wp-json\/wp\/v2\/comments?post=38322"}],"version-history":[{"count":1,"href":"https:\/\/axelor.com\/fr\/wp-json\/wp\/v2\/pages\/38322\/revisions"}],"predecessor-version":[{"id":353768,"href":"https:\/\/axelor.com\/fr\/wp-json\/wp\/v2\/pages\/38322\/revisions\/353768"}],"wp:attachment":[{"href":"https:\/\/axelor.com\/fr\/wp-json\/wp\/v2\/media?parent=38322"}],"curies":[{"name":"wp","href":"https:\/\/api.w.org\/{rel}","templated":true}]}}