{"id":384576,"date":"2025-11-18T14:51:21","date_gmt":"2025-11-18T13:51:21","guid":{"rendered":"https:\/\/axelor.com\/?page_id=384576"},"modified":"2025-11-19T10:31:48","modified_gmt":"2025-11-19T09:31:48","slug":"livre-blanc-facturation-electronique","status":"publish","type":"page","link":"https:\/\/axelor.com\/fr\/livre-blanc-facturation-electronique\/","title":{"rendered":"Livre Blanc Re\u0301forme de la facturation e\u0301lectronique"},"content":{"rendered":"<p>[et_pb_section fb_built=&#8221;1&#8243; module_class=&#8221;dark&#8221; _builder_version=&#8221;4.23.1&#8243; _module_preset=&#8221;default&#8221; use_background_color_gradient=&#8221;on&#8221; background_color_gradient_direction=&#8221;220deg&#8221; background_color_gradient_stops=&#8221;#010165 1%|#0d021e 100%&#8221; global_colors_info=&#8221;{}&#8221;][et_pb_row column_structure=&#8221;1_2,1_2&#8243; module_class=&#8221;ver-center&#8221; _builder_version=&#8221;4.23.1&#8243; _module_preset=&#8221;default&#8221; width=&#8221;90%&#8221; max_width=&#8221;1360px&#8221; global_colors_info=&#8221;{}&#8221;][et_pb_column type=&#8221;1_2&#8243; _builder_version=&#8221;4.23.1&#8243; _module_preset=&#8221;default&#8221; global_colors_info=&#8221;{}&#8221;][et_pb_text _builder_version=&#8221;4.23.1&#8243; _module_preset=&#8221;default&#8221; header_font_size=&#8221;47px&#8221; global_colors_info=&#8221;{}&#8221;]<\/p>\n<h1 style=\"text-align: left;\">Livre blanc \u2013 R\u00e9forme de la facturation \u00e9lectronique<\/h1>\n<p>[\/et_pb_text][et_pb_text _builder_version=&#8221;4.23.1&#8243; _module_preset=&#8221;default&#8221; global_colors_info=&#8221;{}&#8221;]<\/p>\n<p style=\"text-align: left;\"><strong>Comprendre la r\u00e9forme et pr\u00e9parer votre entreprise d\u00e8s maintenant<\/strong><\/p>\n<p style=\"text-align: left;\">La r\u00e9forme de la facturation \u00e9lectronique, marque une transformation majeure pour toutes les entreprises assujetties \u00e0 la TVA. D\u00e8s septembre 2026, la r\u00e9ception des factures \u00e9lectroniques devient obligatoire pour tous, et l\u2019\u00e9mission suivra progressivement en fonction de la taille des entreprises .<\/p>\n<p style=\"text-align: left;\">Pour accompagner cette transition, Axelor met \u00e0 votre disposition un <strong>livre blanc complet<\/strong> pour comprendre la r\u00e9forme, anticiper ses impacts et pr\u00e9parer sereinement votre organisation.<\/p>\n<p>[\/et_pb_text][\/et_pb_column][et_pb_column type=&#8221;1_2&#8243; _builder_version=&#8221;4.23.1&#8243; _module_preset=&#8221;default&#8221; global_colors_info=&#8221;{}&#8221;][et_pb_text module_id=&#8221;campagne_li_cas_dusage&#8221; module_class=&#8221;clear&#8221; _builder_version=&#8221;4.23.1&#8243; _module_preset=&#8221;default&#8221; background_color=&#8221;#ffffff&#8221; custom_padding=&#8221;40px|40px|40px|40px|false|true&#8221; border_radii=&#8221;on|20px|20px|20px|20px&#8221; global_colors_info=&#8221;{}&#8221;]<\/p>\n\n<div class=\"wpcf7 no-js\" id=\"wpcf7-f384581-o1\" lang=\"fr-FR\" dir=\"ltr\">\n<div class=\"screen-reader-response\"><p role=\"status\" aria-live=\"polite\" aria-atomic=\"true\"><\/p> <ul><\/ul><\/div>\n<form action=\"\/fr\/wp-json\/wp\/v2\/pages\/384576#wpcf7-f384581-o1\" method=\"post\" class=\"wpcf7-form init\" aria-label=\"Formulaire de contact\" novalidate=\"novalidate\" data-status=\"init\">\n<div style=\"display: none;\">\n<input type=\"hidden\" name=\"_wpcf7\" value=\"384581\" \/>\n<input type=\"hidden\" name=\"_wpcf7_version\" value=\"5.8.7\" \/>\n<input type=\"hidden\" name=\"_wpcf7_locale\" value=\"fr_FR\" \/>\n<input type=\"hidden\" name=\"_wpcf7_unit_tag\" value=\"wpcf7-f384581-o1\" \/>\n<input type=\"hidden\" name=\"_wpcf7_container_post\" value=\"0\" \/>\n<input type=\"hidden\" name=\"_wpcf7_posted_data_hash\" value=\"\" \/>\n<input type=\"hidden\" name=\"_wpcf7cf_hidden_group_fields\" value=\"[]\" \/>\n<input type=\"hidden\" name=\"_wpcf7cf_hidden_groups\" value=\"[]\" \/>\n<input type=\"hidden\" name=\"_wpcf7cf_visible_groups\" value=\"[]\" \/>\n<input type=\"hidden\" name=\"_wpcf7cf_repeaters\" value=\"[]\" \/>\n<input type=\"hidden\" name=\"_wpcf7cf_steps\" value=\"{}\" \/>\n<input type=\"hidden\" name=\"_wpcf7cf_options\" value=\"{&quot;form_id&quot;:384581,&quot;conditions&quot;:[],&quot;settings&quot;:{&quot;animation&quot;:&quot;yes&quot;,&quot;animation_intime&quot;:200,&quot;animation_outtime&quot;:200,&quot;conditions_ui&quot;:&quot;normal&quot;,&quot;notice_dismissed&quot;:false,&quot;notice_dismissed_update-cf7-5.8&quot;:true}}\" \/>\n<input type=\"hidden\" name=\"_wpcf7_recaptcha_response\" value=\"\" \/>\n<\/div>\n<div class=\"grid_form\">\n\t<div>\n\t\t<p><label for=\"your-name\">Nom & Pr\u00e9nom*<\/label><br \/>\n<span class=\"wpcf7-form-control-wrap\" data-name=\"your-name\"><input size=\"40\" class=\"wpcf7-form-control wpcf7-text wpcf7-validates-as-required\" aria-required=\"true\" aria-invalid=\"false\" value=\"\" type=\"text\" name=\"your-name\" \/><\/span>\n\t\t<\/p>\n\t<\/div>\n\t<div>\n\t\t<p><label for=\"your-company\">Entreprise*<\/label><br \/>\n<span class=\"wpcf7-form-control-wrap\" data-name=\"your-company\"><input size=\"40\" class=\"wpcf7-form-control wpcf7-text wpcf7-validates-as-required\" aria-required=\"true\" aria-invalid=\"false\" value=\"\" type=\"text\" name=\"your-company\" \/><\/span>\n\t\t<\/p>\n\t<\/div>\n\t<div class=\"fwidth-input\">\n\t\t<p><label for=\"email\">Email*<\/label><br \/>\n<span class=\"wpcf7-form-control-wrap\" data-name=\"email\"><input size=\"40\" class=\"wpcf7-form-control wpcf7-email wpcf7-validates-as-required wpcf7-text wpcf7-validates-as-email\" aria-required=\"true\" aria-invalid=\"false\" value=\"\" type=\"email\" name=\"email\" \/><\/span>\n\t\t<\/p>\n\t<\/div>\n\t<div class=\"fwidth-input\">\n\t\t<p><label for=\"your-message\">Message<\/label><br \/>\n<span class=\"wpcf7-form-control-wrap\" data-name=\"your-message\"><textarea cols=\"40\" rows=\"10\" class=\"wpcf7-form-control wpcf7-textarea\" aria-invalid=\"false\" name=\"your-message\"><\/textarea><\/span>\n\t\t<\/p>\n\t<\/div>\n<\/div>\n<p><input class=\"wpcf7-form-control wpcf7-submit has-spinner\" type=\"submit\" value=\"Recevoir le livre blanc\" \/>\n<\/p><div class=\"wpcf7-response-output\" aria-hidden=\"true\"><\/div>\n<\/form>\n<\/div>\n\n<p>[\/et_pb_text][et_pb_text _builder_version=&#8221;4.23.1&#8243; _module_preset=&#8221;default&#8221; global_colors_info=&#8221;{}&#8221;]<\/p>\n<p class=\"text-xs\" style=\"text-align: left;\">Axelor recueille vos donn\u00e9es afin de r\u00e9pondre \u00e0 votre demande et \u00e9ventuellement de d\u00e9velopper avec vous une relation commerciale. Pour en savoir plus sur la gestion de vos donn\u00e9es personnelles et pour exercer vos droits, reportez-vous \u00e0 notre <a href=\"https:\/\/axelor.com\/fr\/politique-de-confidentialite\/\">Politique de Confidentialit\u00e9<\/a>.<\/p>\n<p>[\/et_pb_text][\/et_pb_column][\/et_pb_row][\/et_pb_section][et_pb_section fb_built=&#8221;1&#8243; _builder_version=&#8221;4.23.1&#8243; _module_preset=&#8221;default&#8221; global_colors_info=&#8221;{}&#8221;][et_pb_row _builder_version=&#8221;4.23.1&#8243; _module_preset=&#8221;default&#8221; global_colors_info=&#8221;{}&#8221;][et_pb_column type=&#8221;4_4&#8243; _builder_version=&#8221;4.23.1&#8243; _module_preset=&#8221;default&#8221; global_colors_info=&#8221;{}&#8221;][et_pb_text module_class=&#8221;back-title label&#8221; _builder_version=&#8221;4.23.1&#8243; _module_preset=&#8221;default&#8221; hover_enabled=&#8221;0&#8243; global_colors_info=&#8221;{}&#8221; sticky_enabled=&#8221;0&#8243;]<\/p>\n<p style=\"text-align: center;\">R\u00e9forme de la facturation \u00e9lectronique<\/p>\n<p>[\/et_pb_text][et_pb_text _builder_version=&#8221;4.23.1&#8243; _module_preset=&#8221;default&#8221; global_colors_info=&#8221;{}&#8221;]<\/p>\n<h2 style=\"text-align: center;\">Pourquoi t\u00e9l\u00e9charger ce livre blanc ?<\/h2>\n<p>[\/et_pb_text][\/et_pb_column][\/et_pb_row][et_pb_row column_structure=&#8221;1_2,1_2&#8243; _builder_version=&#8221;4.23.1&#8243; _module_preset=&#8221;default&#8221; width=&#8221;90%&#8221; max_width=&#8221;1440px&#8221; custom_css_free_form=&#8221;selector .icon-article{||  display:flex;||}||selector .icon-article>div:first-child{||  margin-right:var(&#8211;space-3)||}&#8221; global_colors_info=&#8221;{}&#8221;][et_pb_column type=&#8221;1_2&#8243; _builder_version=&#8221;4.23.1&#8243; _module_preset=&#8221;default&#8221; global_colors_info=&#8221;{}&#8221;][et_pb_code _builder_version=&#8221;4.23.1&#8243; _module_preset=&#8221;default&#8221; custom_css_free_form=&#8221;selector .icon-article{||  display:flex;||}||selector .icon-article>div:first-child{||  margin-right:var(&#8211;space-3)||}&#8221; global_colors_info=&#8221;{}&#8221;]<\/p>\n<article class=\"icon-article\"><!-- [et_pb_line_break_holder] -->  <\/p>\n<div><!-- [et_pb_line_break_holder] -->    <pee><i class=\"material-icons\">subdirectory_arrow_right<\/i><\/pee><!-- [et_pb_line_break_holder] -->  <\/div>\n<p><!-- [et_pb_line_break_holder] -->  <\/p>\n<div><!-- [et_pb_line_break_holder] -->    <\/p>\n<h3 class=\"text-lg\"> Ma\u00eetriser la r\u00e9forme et ses obligations<\/h3>\n<p><!-- [et_pb_line_break_holder] -->    <pee>D\u00e9couvrez :<\/pee><!-- [et_pb_line_break_holder] -->\t<\/p>\n<ul><!-- [et_pb_line_break_holder] -->    <\/p>\n<li>Les principes officiels de la r\u00e9forme<\/li>\n<p><!-- [et_pb_line_break_holder] -->    <\/p>\n<li>Le nouvel agenda l\u00e9gal 2026\u20132027<\/li>\n<p><!-- [et_pb_line_break_holder] -->    <\/p>\n<li>Les obligations d\u2019\u00e9mission et de r\u00e9ception selon la taille de l\u2019entreprise<\/li>\n<p><!-- [et_pb_line_break_holder] -->    <\/p>\n<li>Les cas particuliers (franchise en base, op\u00e9rations exon\u00e9r\u00e9es, B2G\u2026)<\/li>\n<p><!-- [et_pb_line_break_holder] -->    <\/ul>\n<p>\t<!-- [et_pb_line_break_holder] -->  <\/div>\n<p><!-- [et_pb_line_break_holder] --><\/article>\n<p>[\/et_pb_code][\/et_pb_column][et_pb_column type=&#8221;1_2&#8243; _builder_version=&#8221;4.23.1&#8243; _module_preset=&#8221;default&#8221; global_colors_info=&#8221;{}&#8221;][et_pb_code _builder_version=&#8221;4.23.1&#8243; _module_preset=&#8221;default&#8221; global_colors_info=&#8221;{}&#8221;]<\/p>\n<article class=\"icon-article\"><!-- [et_pb_line_break_holder] -->  <\/p>\n<div><!-- [et_pb_line_break_holder] -->    <pee><i class=\"material-icons\">subdirectory_arrow_right<\/i><\/pee><!-- [et_pb_line_break_holder] -->  <\/div>\n<p><!-- [et_pb_line_break_holder] -->  <\/p>\n<div><!-- [et_pb_line_break_holder] -->    <\/p>\n<h3 class=\"text-lg\">Comprendre les notions cl\u00e9s : e-invoicing &#038; e-reporting<\/h3>\n<p><!-- [et_pb_line_break_holder] -->    <pee>Le livre blanc clarifie les deux m\u00e9canismes fondamentaux :<\/pee><!-- [et_pb_line_break_holder] -->\t<\/p>\n<ul><!-- [et_pb_line_break_holder] -->    <\/p>\n<li><b>E-invoicing<\/b> : cr\u00e9ation, transmission et r\u00e9ception des factures \u00e9lectroniques<\/li>\n<p><!-- [et_pb_line_break_holder] -->    <\/p>\n<li><b>E-reporting<\/b> : transmission des donn\u00e9es de transactions et d\u2019encaissement<\/li>\n<p><!-- [et_pb_line_break_holder] -->    <\/ul>\n<p><!-- [et_pb_line_break_holder] --><pee><!-- [et_pb_line_break_holder] -->  Des sch\u00e9mas et d\u00e9finitions permettent de comprendre quelles op\u00e9rations entrent dans chaque dispositif.<!-- [et_pb_line_break_holder] -->    <\/pee><!-- [et_pb_line_break_holder] --><!-- [et_pb_line_break_holder] -->  <\/div>\n<p><!-- [et_pb_line_break_holder] --><\/article>\n<p>[\/et_pb_code][\/et_pb_column][\/et_pb_row][et_pb_row column_structure=&#8221;1_2,1_2&#8243; _builder_version=&#8221;4.23.1&#8243; _module_preset=&#8221;default&#8221; width=&#8221;90%&#8221; max_width=&#8221;1440px&#8221; custom_padding=&#8221;0px|||||&#8221; custom_css_free_form=&#8221;selector .icon-article{||  display:flex;||}||selector .icon-article>div:first-child{||  margin-right:var(&#8211;space-3)||}&#8221; global_colors_info=&#8221;{}&#8221;][et_pb_column type=&#8221;1_2&#8243; _builder_version=&#8221;4.23.1&#8243; _module_preset=&#8221;default&#8221; global_colors_info=&#8221;{}&#8221;][et_pb_code _builder_version=&#8221;4.23.1&#8243; _module_preset=&#8221;default&#8221; global_colors_info=&#8221;{}&#8221;]<\/p>\n<article class=\"icon-article\"><!-- [et_pb_line_break_holder] -->  <\/p>\n<div><!-- [et_pb_line_break_holder] -->    <pee><i class=\"material-icons\">subdirectory_arrow_right<\/i><\/pee><!-- [et_pb_line_break_holder] -->  <\/div>\n<p><!-- [et_pb_line_break_holder] -->  <\/p>\n<div><!-- [et_pb_line_break_holder] -->    <\/p>\n<h3 class=\"text-lg\">Identifier les formats \u00e9lectroniques obligatoires<\/h3>\n<p><!-- [et_pb_line_break_holder] -->    <pee>Vous d\u00e9couvrirez les formats reconnus :<\/pee><!-- [et_pb_line_break_holder] -->\t<\/p>\n<ul><!-- [et_pb_line_break_holder] -->    <\/p>\n<li>Factur-X<\/li>\n<p><!-- [et_pb_line_break_holder] -->     <\/p>\n<li>UBL<\/li>\n<p><!-- [et_pb_line_break_holder] -->     <\/p>\n<li>CII<\/li>\n<p><!-- [et_pb_line_break_holder] -->    <\/ul>\n<p><!-- [et_pb_line_break_holder] -->    <pee><!-- [et_pb_line_break_holder] -->tous conformes \u00e0 la norme EN16931, indispensable pour \u00eatre en r\u00e8gle.<!-- [et_pb_line_break_holder] --><\/pee><!-- [et_pb_line_break_holder] -->  <\/div>\n<p><!-- [et_pb_line_break_holder] --><\/article>\n<p>[\/et_pb_code][\/et_pb_column][et_pb_column type=&#8221;1_2&#8243; _builder_version=&#8221;4.23.1&#8243; _module_preset=&#8221;default&#8221; global_colors_info=&#8221;{}&#8221;][et_pb_code _builder_version=&#8221;4.23.1&#8243; _module_preset=&#8221;default&#8221; global_colors_info=&#8221;{}&#8221;]<\/p>\n<article class=\"icon-article\"><!-- [et_pb_line_break_holder] -->  <\/p>\n<div><!-- [et_pb_line_break_holder] -->    <pee><i class=\"material-icons\">subdirectory_arrow_right<\/i><\/pee><!-- [et_pb_line_break_holder] -->  <\/div>\n<p><!-- [et_pb_line_break_holder] -->  <\/p>\n<div><!-- [et_pb_line_break_holder] -->    <\/p>\n<h3 class=\"text-lg\">Visualiser les acteurs du nouveau syst\u00e8me<\/h3>\n<p><!-- [et_pb_line_break_holder] -->    <pee>Le livre blanc d\u00e9taille pr\u00e9cis\u00e9ment les r\u00f4les de :<\/pee><!-- [et_pb_line_break_holder] --><\/p>\n<ul><!-- [et_pb_line_break_holder] -->  <\/p>\n<li>PA (Plateformes Agr\u00e9\u00e9es)<\/li>\n<p><!-- [et_pb_line_break_holder] -->   <\/p>\n<li>OD (Op\u00e9rateurs de D\u00e9mat\u00e9rialisation)<\/li>\n<p><!-- [et_pb_line_break_holder] -->   <\/p>\n<li>PPF (Portail Public de Facturation)<\/li>\n<p><!-- [et_pb_line_break_holder] -->   <\/p>\n<li>Chorus Pro<\/li>\n<p><!-- [et_pb_line_break_holder] -->    <\/ul>\n<p><!-- [et_pb_line_break_holder] --><pee><!-- [et_pb_line_break_holder] -->Vous comprendrez comment une facture circule dans l\u2019\u00e9cosyst\u00e8me et ce que chaque acteur assure.<!-- [et_pb_line_break_holder] --><\/pee><!-- [et_pb_line_break_holder] -->  <\/div>\n<p><!-- [et_pb_line_break_holder] --><\/article>\n<p>[\/et_pb_code][\/et_pb_column][\/et_pb_row][et_pb_row _builder_version=&#8221;4.23.1&#8243; _module_preset=&#8221;default&#8221; width=&#8221;90%&#8221; max_width=&#8221;1440px&#8221; custom_padding=&#8221;0px|||||&#8221; custom_css_free_form=&#8221;selector .icon-article{||  display:flex;||}||selector .icon-article>div:first-child{||  margin-right:var(&#8211;space-3)||}&#8221; global_colors_info=&#8221;{}&#8221;][et_pb_column type=&#8221;4_4&#8243; _builder_version=&#8221;4.23.1&#8243; _module_preset=&#8221;default&#8221; global_colors_info=&#8221;{}&#8221;][et_pb_code _builder_version=&#8221;4.23.1&#8243; _module_preset=&#8221;default&#8221; global_colors_info=&#8221;{}&#8221;]<\/p>\n<article class=\"icon-article\"><!-- [et_pb_line_break_holder] -->  <\/p>\n<div><!-- [et_pb_line_break_holder] -->    <pee><i class=\"material-icons\">subdirectory_arrow_right<\/i><\/pee><!-- [et_pb_line_break_holder] -->  <\/div>\n<p><!-- [et_pb_line_break_holder] -->  <\/p>\n<div><!-- [et_pb_line_break_holder] -->    <\/p>\n<h3 class=\"text-lg\">Anticiper les impacts sur votre ERP \/ logiciel de facturation<\/h3>\n<p><!-- [et_pb_line_break_holder] -->    <pee>Le guide d\u00e9crit les \u00e9volutions n\u00e9cessaires :<\/pee><!-- [et_pb_line_break_holder] -->    <!-- [et_pb_line_break_holder] -->\t<\/p>\n<ul><!-- [et_pb_line_break_holder] -->    <\/p>\n<li>Adaptations fonctionnelles<\/li>\n<p><!-- [et_pb_line_break_holder] -->     <\/p>\n<li>Int\u00e9gration des nouveaux protocoles<\/li>\n<p><!-- [et_pb_line_break_holder] -->     <\/p>\n<li>Gestion des formats obligatoires<\/li>\n<p><!-- [et_pb_line_break_holder] -->    <\/p>\n<li>Archivage conforme<\/li>\n<p><!-- [et_pb_line_break_holder] -->    <\/p>\n<li>Automatisation des processus<\/li>\n<p><!-- [et_pb_line_break_holder] -->    <\/ul>\n<p><!-- [et_pb_line_break_holder] -->  <\/div>\n<p><!-- [et_pb_line_break_holder] --><\/article>\n<p>[\/et_pb_code][\/et_pb_column][\/et_pb_row][et_pb_row disabled_on=&#8221;off|off|off&#8221; _builder_version=&#8221;4.23.1&#8243; _module_preset=&#8221;default&#8221; global_colors_info=&#8221;{}&#8221;][et_pb_column type=&#8221;4_4&#8243; _builder_version=&#8221;4.23.1&#8243; _module_preset=&#8221;default&#8221; global_colors_info=&#8221;{}&#8221;][et_pb_image src=&#8221;https:\/\/axelor.com\/wp-content\/uploads\/2025\/11\/Couv-facturation-electronique.jpg&#8221; alt=&#8221;Couv facturation \u00e9lectronique&#8221; title_text=&#8221;mockup_lb_10_cas_dusage_bpm&#8221; align=&#8221;center&#8221; _builder_version=&#8221;4.23.1&#8243; _module_preset=&#8221;default&#8221; hover_enabled=&#8221;0&#8243; global_colors_info=&#8221;{}&#8221; sticky_enabled=&#8221;0&#8243;][\/et_pb_image][\/et_pb_column][\/et_pb_row][et_pb_row disabled_on=&#8221;on|on|on&#8221; _builder_version=&#8221;4.23.1&#8243; _module_preset=&#8221;default&#8221; disabled=&#8221;on&#8221; global_colors_info=&#8221;{}&#8221;][et_pb_column type=&#8221;4_4&#8243; _builder_version=&#8221;4.23.1&#8243; _module_preset=&#8221;default&#8221; global_colors_info=&#8221;{}&#8221;][et_pb_image src=&#8221;https:\/\/axelor.com\/wp-content\/uploads\/2024\/04\/mockup_lb_10_cas_dusage_bpm.jpg&#8221; title_text=&#8221;mockup_lb_10_cas_dusage_bpm&#8221; _builder_version=&#8221;4.23.1&#8243; _module_preset=&#8221;default&#8221; global_colors_info=&#8221;{}&#8221;][\/et_pb_image][\/et_pb_column][\/et_pb_row][et_pb_row module_class=&#8221;dark cta-section&#8221; _builder_version=&#8221;4.23.1&#8243; _module_preset=&#8221;default&#8221; use_background_color_gradient=&#8221;on&#8221; background_color_gradient_direction=&#8221;220deg&#8221; background_color_gradient_stops=&#8221;#010165 0%|#0d021e 100%&#8221; width=&#8221;90%&#8221; max_width=&#8221;1360px&#8221; custom_margin=&#8221;70px||||false|false&#8221; custom_padding=&#8221;50px|0px|50px|0px|true|true&#8221; border_radii=&#8221;on|50px|50px|50px|50px&#8221; global_colors_info=&#8221;{}&#8221;][et_pb_column type=&#8221;4_4&#8243; _builder_version=&#8221;4.23.1&#8243; _module_preset=&#8221;default&#8221; global_colors_info=&#8221;{}&#8221;][et_pb_text _builder_version=&#8221;4.23.1&#8243; _module_preset=&#8221;default&#8221; width=&#8221;960px&#8221; max_width=&#8221;90%&#8221; module_alignment=&#8221;center&#8221; global_colors_info=&#8221;{}&#8221;]<\/p>\n<h2 style=\"text-align: center;\">Pilotez vos projets clients et suivez votre rentabilit\u00e9 en temps r\u00e9el.<\/h2>\n<p>[\/et_pb_text][et_pb_code _builder_version=&#8221;4.23.1&#8243; _module_preset=&#8221;default&#8221; max_width=&#8221;90%&#8221; module_alignment=&#8221;center&#8221; global_colors_info=&#8221;{}&#8221;]<\/p>\n<div class=\"button-group center\"><!-- [et_pb_line_break_holder] -->  <a href=\"https:\/\/axelor.com\/fr\/contact\/\" class=\"button icone first\"><pee>\u00catre contact\u00e9<i class=\"material-icons white\"><!-- [et_pb_line_break_holder] -->keyboard_return<!-- [et_pb_line_break_holder] --><\/i><\/pee><\/a><!-- [et_pb_line_break_holder] -->  <a href=\"https:\/\/axelor.com\/fr\/demande-axelor-demo\/\" class=\"button second\"><pee>Acc\u00e9der \u00e0 la d\u00e9mo<\/pee><\/a><!-- [et_pb_line_break_holder] --><\/div>\n<p>[\/et_pb_code][\/et_pb_column][\/et_pb_row][\/et_pb_section]<\/p>\n","protected":false},"excerpt":{"rendered":"<p>Livre blanc \u2013 R\u00e9forme de la facturation \u00e9lectroniqueComprendre la r\u00e9forme et pr\u00e9parer votre entreprise d\u00e8s maintenant La r\u00e9forme de la facturation \u00e9lectronique, marque une transformation majeure pour toutes les entreprises assujetties \u00e0 la TVA. D\u00e8s septembre 2026, la r\u00e9ception des factures \u00e9lectroniques devient obligatoire pour tous, et l\u2019\u00e9mission suivra progressivement en fonction de la taille [&hellip;]<\/p>\n","protected":false},"author":16,"featured_media":0,"parent":0,"menu_order":0,"comment_status":"closed","ping_status":"closed","template":"","meta":{"_acf_changed":false,"_et_pb_use_builder":"on","_et_pb_old_content":"","_et_gb_content_width":"","content-type":"","inline_featured_image":false,"footnotes":""},"acf":[],"yoast_head":"<!-- This site is optimized with the Yoast SEO plugin v22.0 - https:\/\/yoast.com\/wordpress\/plugins\/seo\/ -->\n<title>Livre Blanc Re\u0301forme de la facturation e\u0301lectronique | Axelor<\/title>\n<meta name=\"robots\" content=\"index, follow, max-snippet:-1, max-image-preview:large, max-video-preview:-1\" \/>\n<link rel=\"canonical\" href=\"https:\/\/axelor.com\/fr\/livre-blanc-facturation-electronique\/\" \/>\n<meta property=\"og:locale\" content=\"fr_FR\" \/>\n<meta property=\"og:type\" content=\"article\" \/>\n<meta property=\"og:title\" content=\"Livre Blanc Re\u0301forme de la facturation e\u0301lectronique | Axelor\" \/>\n<meta property=\"og:description\" content=\"Livre blanc \u2013 R\u00e9forme de la facturation \u00e9lectroniqueComprendre la r\u00e9forme et pr\u00e9parer votre entreprise d\u00e8s maintenant La r\u00e9forme de la facturation \u00e9lectronique, marque une transformation majeure pour toutes les entreprises assujetties \u00e0 la TVA. D\u00e8s septembre 2026, la r\u00e9ception des factures \u00e9lectroniques devient obligatoire pour tous, et l\u2019\u00e9mission suivra progressivement en fonction de la taille [&hellip;]\" \/>\n<meta property=\"og:url\" content=\"https:\/\/axelor.com\/fr\/livre-blanc-facturation-electronique\/\" \/>\n<meta property=\"og:site_name\" content=\"Axelor\" \/>\n<meta property=\"article:modified_time\" content=\"2025-11-19T09:31:48+00:00\" \/>\n<meta name=\"twitter:card\" content=\"summary_large_image\" \/>\n<meta name=\"twitter:label1\" content=\"Dur\u00e9e de lecture estim\u00e9e\" \/>\n\t<meta name=\"twitter:data1\" content=\"2 minutes\" \/>\n<script type=\"application\/ld+json\" class=\"yoast-schema-graph\">{\"@context\":\"https:\/\/schema.org\",\"@graph\":[{\"@type\":\"WebPage\",\"@id\":\"https:\/\/axelor.com\/fr\/livre-blanc-facturation-electronique\/\",\"url\":\"https:\/\/axelor.com\/fr\/livre-blanc-facturation-electronique\/\",\"name\":\"Livre Blanc Re\u0301forme de la facturation e\u0301lectronique | Axelor\",\"isPartOf\":{\"@id\":\"https:\/\/axelor.com\/#website\"},\"datePublished\":\"2025-11-18T13:51:21+00:00\",\"dateModified\":\"2025-11-19T09:31:48+00:00\",\"breadcrumb\":{\"@id\":\"https:\/\/axelor.com\/fr\/livre-blanc-facturation-electronique\/#breadcrumb\"},\"inLanguage\":\"fr-FR\",\"potentialAction\":[{\"@type\":\"ReadAction\",\"target\":[\"https:\/\/axelor.com\/fr\/livre-blanc-facturation-electronique\/\"]}]},{\"@type\":\"BreadcrumbList\",\"@id\":\"https:\/\/axelor.com\/fr\/livre-blanc-facturation-electronique\/#breadcrumb\",\"itemListElement\":[{\"@type\":\"ListItem\",\"position\":1,\"name\":\"Accueil\",\"item\":\"https:\/\/axelor.com\/\"},{\"@type\":\"ListItem\",\"position\":2,\"name\":\"Livre Blanc Re\u0301forme de la facturation e\u0301lectronique\"}]},{\"@type\":\"WebSite\",\"@id\":\"https:\/\/axelor.com\/#website\",\"url\":\"https:\/\/axelor.com\/\",\"name\":\"Axelor\",\"description\":\"ERP CRM BPM Open Source\",\"potentialAction\":[{\"@type\":\"SearchAction\",\"target\":{\"@type\":\"EntryPoint\",\"urlTemplate\":\"https:\/\/axelor.com\/?s={search_term_string}\"},\"query-input\":\"required name=search_term_string\"}],\"inLanguage\":\"fr-FR\"}]}<\/script>\n<!-- \/ Yoast SEO plugin. -->","yoast_head_json":{"title":"Livre Blanc Re\u0301forme de la facturation e\u0301lectronique | Axelor","robots":{"index":"index","follow":"follow","max-snippet":"max-snippet:-1","max-image-preview":"max-image-preview:large","max-video-preview":"max-video-preview:-1"},"canonical":"https:\/\/axelor.com\/fr\/livre-blanc-facturation-electronique\/","og_locale":"fr_FR","og_type":"article","og_title":"Livre Blanc Re\u0301forme de la facturation e\u0301lectronique | Axelor","og_description":"Livre blanc \u2013 R\u00e9forme de la facturation \u00e9lectroniqueComprendre la r\u00e9forme et pr\u00e9parer votre entreprise d\u00e8s maintenant La r\u00e9forme de la facturation \u00e9lectronique, marque une transformation majeure pour toutes les entreprises assujetties \u00e0 la TVA. D\u00e8s septembre 2026, la r\u00e9ception des factures \u00e9lectroniques devient obligatoire pour tous, et l\u2019\u00e9mission suivra progressivement en fonction de la taille [&hellip;]","og_url":"https:\/\/axelor.com\/fr\/livre-blanc-facturation-electronique\/","og_site_name":"Axelor","article_modified_time":"2025-11-19T09:31:48+00:00","twitter_card":"summary_large_image","twitter_misc":{"Dur\u00e9e de lecture estim\u00e9e":"2 minutes"},"schema":{"@context":"https:\/\/schema.org","@graph":[{"@type":"WebPage","@id":"https:\/\/axelor.com\/fr\/livre-blanc-facturation-electronique\/","url":"https:\/\/axelor.com\/fr\/livre-blanc-facturation-electronique\/","name":"Livre Blanc Re\u0301forme de la facturation e\u0301lectronique | Axelor","isPartOf":{"@id":"https:\/\/axelor.com\/#website"},"datePublished":"2025-11-18T13:51:21+00:00","dateModified":"2025-11-19T09:31:48+00:00","breadcrumb":{"@id":"https:\/\/axelor.com\/fr\/livre-blanc-facturation-electronique\/#breadcrumb"},"inLanguage":"fr-FR","potentialAction":[{"@type":"ReadAction","target":["https:\/\/axelor.com\/fr\/livre-blanc-facturation-electronique\/"]}]},{"@type":"BreadcrumbList","@id":"https:\/\/axelor.com\/fr\/livre-blanc-facturation-electronique\/#breadcrumb","itemListElement":[{"@type":"ListItem","position":1,"name":"Accueil","item":"https:\/\/axelor.com\/"},{"@type":"ListItem","position":2,"name":"Livre Blanc Re\u0301forme de la facturation e\u0301lectronique"}]},{"@type":"WebSite","@id":"https:\/\/axelor.com\/#website","url":"https:\/\/axelor.com\/","name":"Axelor","description":"ERP CRM BPM Open Source","potentialAction":[{"@type":"SearchAction","target":{"@type":"EntryPoint","urlTemplate":"https:\/\/axelor.com\/?s={search_term_string}"},"query-input":"required name=search_term_string"}],"inLanguage":"fr-FR"}]}},"_links":{"self":[{"href":"https:\/\/axelor.com\/fr\/wp-json\/wp\/v2\/pages\/384576"}],"collection":[{"href":"https:\/\/axelor.com\/fr\/wp-json\/wp\/v2\/pages"}],"about":[{"href":"https:\/\/axelor.com\/fr\/wp-json\/wp\/v2\/types\/page"}],"author":[{"embeddable":true,"href":"https:\/\/axelor.com\/fr\/wp-json\/wp\/v2\/users\/16"}],"replies":[{"embeddable":true,"href":"https:\/\/axelor.com\/fr\/wp-json\/wp\/v2\/comments?post=384576"}],"version-history":[{"count":14,"href":"https:\/\/axelor.com\/fr\/wp-json\/wp\/v2\/pages\/384576\/revisions"}],"predecessor-version":[{"id":384602,"href":"https:\/\/axelor.com\/fr\/wp-json\/wp\/v2\/pages\/384576\/revisions\/384602"}],"wp:attachment":[{"href":"https:\/\/axelor.com\/fr\/wp-json\/wp\/v2\/media?parent=384576"}],"curies":[{"name":"wp","href":"https:\/\/api.w.org\/{rel}","templated":true}]}}